{"id":124,"date":"2022-08-23T18:54:29","date_gmt":"2022-08-23T18:54:29","guid":{"rendered":"http:\/\/reticularfilms.com\/?page_id=124"},"modified":"2025-02-23T17:58:35","modified_gmt":"2025-02-23T17:58:35","slug":"torpeza","status":"publish","type":"page","link":"https:\/\/reticularfilms.com\/en\/torpeza\/","title":{"rendered":"Clumsiness"},"content":{"rendered":"<div style=\"position:relative;padding-top:56.25%;\"><iframe src=\"https:\/\/iframe.mediadelivery.net\/embed\/172192\/dfe02c5d-c820-4f52-8b0d-b20d49825f21?autoplay=false&#038;loop=false&#038;muted=false&#038;preload=true\" loading=\"lazy\" style=\"border:0;position:absolute;top:0;height:100%;width:100%;\" allow=\"accelerometer;gyroscope;autoplay;encrypted-media;picture-in-picture;\" allowfullscreen=\"true\"><\/iframe><\/div>\n\n\n\n<p>Dos personas investigan las cualidades de su relaci\u00f3n a trav\u00e9s de la observaci\u00f3n de sus maneras de bailar. Danza y conversaci\u00f3n se integran&nbsp;en una investigaci\u00f3n vincular.<\/p>\n\n\n\n<p class=\" translation-block\"><strong>Running time<\/strong>: 17min.<br><strong>Language<\/strong>: Spanish.<br><strong>Subtitles<\/strong>: English.<br>Recommended watching in HD.<\/p>\n\n\n\n<p class=\" translation-block\">\u200b<strong>With<\/strong>: Jazm\u00edn Ruffo y Mimo Micael.<br><strong>Camera\/Direction\/Editing<\/strong>: Jada Sirkin.<br><strong>Assistant director\/sound:<\/strong> Dama David.<br><strong>Music<\/strong>:\u00a0<a href=\"https:\/\/rodrigomejuto.bandcamp.com\/\" target=\"_blank\" rel=\"noreferrer noopener\">Rodrigo Mejuto<\/a>.<br><strong>Lyrics<\/strong>: Cal Pippilota<\/p>\n\n\n\n<p class=\" translation-block\">If this movie touched you, interested you or moved you in whatever way that inspires you to collaborate, we are receiving donations <a href=\"http:\/\/reticularfilms.com\/donar\/\" target=\"_self\">AQU\u00cd<\/a><\/p>\n\n\n\n<p>We also invite you to share Reticular site so other people can get here.<\/p>\n\n\n\n<p>Si\u00a0te interesa participar del proyecto Reticular o quieres comunicarte por alguna raz\u00f3n, escr\u00edbenos!<\/p>","protected":false},"excerpt":{"rendered":"<p>Dos personas investigan las cualidades de su relaci\u00f3n a trav\u00e9s de la observaci\u00f3n de sus maneras de bailar. Danza y conversaci\u00f3n se integran&nbsp;en una investigaci\u00f3n vincular. Duraci\u00f3n: 17min.Idioma: espa\u00f1ol.Subt\u00edtulos: ingl\u00e9s.Se recomienda ver en HD. \u200bCon: Jazm\u00edn Ruffo y Mimo Micael.C\u00e1mara\/Direcci\u00f3n\/Edici\u00f3n: Jada Sirkin.Asistencia y sonido directo: Dama David.M\u00fasica:&nbsp;Rodrigo Mejuto.Letra: Cal Pippilota Si esta pel\u00edcula te toc\u00f3, &hellip;<\/p>\n<p class=\"read-more\"> <a class=\"\" href=\"https:\/\/reticularfilms.com\/en\/torpeza\/\"> <span class=\"screen-reader-text\">Clumsiness<\/span> Read More &raquo;<\/a><\/p>","protected":false},"author":1,"featured_media":0,"parent":0,"menu_order":0,"comment_status":"closed","ping_status":"closed","template":"","meta":{"site-sidebar-layout":"default","site-content-layout":"default","ast-global-header-display":"","ast-main-header-display":"","ast-hfb-above-header-display":"","ast-hfb-below-header-display":"","ast-hfb-mobile-header-display":"","site-post-title":"","ast-breadcrumbs-content":"","ast-featured-img":"","footer-sml-layout":"","theme-transparent-header-meta":"","adv-header-id-meta":"","stick-header-meta":"","header-above-stick-meta":"","header-main-stick-meta":"","header-below-stick-meta":"","footnotes":""},"class_list":["post-124","page","type-page","status-publish","hentry"],"aioseo_notices":[],"uagb_featured_image_src":{"full":false,"thumbnail":false,"medium":false,"medium_large":false,"large":false,"1536x1536":false,"2048x2048":false,"trp-custom-language-flag":false,"woocommerce_thumbnail":false,"woocommerce_single":false,"woocommerce_gallery_thumbnail":false,"eh_logo_image_size":false,"eh_header_image_size":false},"uagb_author_info":{"display_name":"reticularfilms","author_link":"https:\/\/reticularfilms.com\/en\/author\/reticularfilms\/"},"uagb_comment_info":0,"uagb_excerpt":"Dos personas investigan las cualidades de su relaci\u00f3n a trav\u00e9s de la observaci\u00f3n de sus maneras de bailar. Danza y conversaci\u00f3n se integran&nbsp;en una investigaci\u00f3n vincular. Duraci\u00f3n: 17min.Idioma: espa\u00f1ol.Subt\u00edtulos: ingl\u00e9s.Se recomienda ver en HD. \u200bCon: Jazm\u00edn Ruffo y Mimo Micael.C\u00e1mara\/Direcci\u00f3n\/Edici\u00f3n: Jada Sirkin.Asistencia y sonido directo: Dama David.M\u00fasica:&nbsp;Rodrigo Mejuto.Letra: Cal Pippilota Si esta pel\u00edcula te toc\u00f3,&hellip;","_links":{"self":[{"href":"https:\/\/reticularfilms.com\/en\/wp-json\/wp\/v2\/pages\/124","targetHints":{"allow":["GET"]}}],"collection":[{"href":"https:\/\/reticularfilms.com\/en\/wp-json\/wp\/v2\/pages"}],"about":[{"href":"https:\/\/reticularfilms.com\/en\/wp-json\/wp\/v2\/types\/page"}],"author":[{"embeddable":true,"href":"https:\/\/reticularfilms.com\/en\/wp-json\/wp\/v2\/users\/1"}],"replies":[{"embeddable":true,"href":"https:\/\/reticularfilms.com\/en\/wp-json\/wp\/v2\/comments?post=124"}],"version-history":[{"count":4,"href":"https:\/\/reticularfilms.com\/en\/wp-json\/wp\/v2\/pages\/124\/revisions"}],"predecessor-version":[{"id":1859,"href":"https:\/\/reticularfilms.com\/en\/wp-json\/wp\/v2\/pages\/124\/revisions\/1859"}],"wp:attachment":[{"href":"https:\/\/reticularfilms.com\/en\/wp-json\/wp\/v2\/media?parent=124"}],"curies":[{"name":"wp","href":"https:\/\/api.w.org\/{rel}","templated":true}]}}