{"id":126,"date":"2022-08-23T18:56:59","date_gmt":"2022-08-23T18:56:59","guid":{"rendered":"http:\/\/reticularfilms.com\/?page_id=126"},"modified":"2025-02-23T18:00:46","modified_gmt":"2025-02-23T18:00:46","slug":"border","status":"publish","type":"page","link":"https:\/\/reticularfilms.com\/en\/border\/","title":{"rendered":"Edgy"},"content":{"rendered":"<div style=\"position:relative;padding-top:56.25%;\"><iframe src=\"https:\/\/iframe.mediadelivery.net\/embed\/172192\/b9051795-2bcf-4a94-a78a-344b506070f1?autoplay=false&#038;loop=false&#038;muted=false&#038;preload=true\" loading=\"lazy\" style=\"border:0;position:absolute;top:0;height:100%;width:100%;\" allow=\"accelerometer;gyroscope;autoplay;encrypted-media;picture-in-picture;\" allowfullscreen=\"true\"><\/iframe><\/div>\n\n\n\n<p>Two friends share a peculiar work breakfast. Brainstorming for their talks about intimacy. They question the borders between identity and intimacy. Ecstasy and sexuality. Conversation makes them touch the edges of their relationship.<\/p>\n\n\n\n<p class=\" translation-block\"><strong>Running time<\/strong>: 28min.<br><strong>Language<\/strong>: Spanish.<br><strong>Subtitles<\/strong>: English.<br>Recommended watching in HD.<\/p>\n\n\n\n<p class=\" translation-block\"><strong>With<\/strong>: Dama David y Rodrigo Soloeta.<br><strong>Camera\/Direction\/Editing:<\/strong>: Jada Sirkin.<br><strong>Music<\/strong>:\u00a0<a href=\"https:\/\/madcomposerlab.com\/\" target=\"_blank\" rel=\"noreferrer noopener\">Mad Composer Lab.<\/a><\/p>\n\n\n\n<p class=\" translation-block\">If this movie touched you, interested you or moved you in whatever way that inspires you to collaborate, we are receiving donations <a href=\"http:\/\/reticularfilms.com\/donar\/\" target=\"_self\">AQU\u00cd<\/a><\/p>\n\n\n\n<p>We also invite you to share Reticular site so other people can get here.<\/p>\n\n\n\n<p>Si&nbsp;te interesa participar del proyecto Reticular o quieres comunicarte por alguna raz\u00f3n, escr\u00edbenos!<\/p>","protected":false},"excerpt":{"rendered":"<p>Dos amigos en un particular desayuno de trabajo. Brainstorming de ideas para las charlas que dan acerca de la intimidad. Se preguntan por los bordes entre la identidad y la intimidad. \u00c9xtasis y sexualidad. La conversaci\u00f3n les lleva a tocar los bordes de su relaci\u00f3n. Duraci\u00f3n: 28 min.Idioma: espa\u00f1ol.Subt\u00edtulos: ingl\u00e9s.Se recomienda ver en HD. Con: &hellip;<\/p>\n<p class=\"read-more\"> <a class=\"\" href=\"https:\/\/reticularfilms.com\/en\/border\/\"> <span class=\"screen-reader-text\">Edgy<\/span> Read More &raquo;<\/a><\/p>","protected":false},"author":1,"featured_media":0,"parent":0,"menu_order":0,"comment_status":"closed","ping_status":"closed","template":"","meta":{"site-sidebar-layout":"default","site-content-layout":"default","ast-global-header-display":"","ast-main-header-display":"","ast-hfb-above-header-display":"","ast-hfb-below-header-display":"","ast-hfb-mobile-header-display":"","site-post-title":"","ast-breadcrumbs-content":"","ast-featured-img":"","footer-sml-layout":"","theme-transparent-header-meta":"","adv-header-id-meta":"","stick-header-meta":"","header-above-stick-meta":"","header-main-stick-meta":"","header-below-stick-meta":"","footnotes":""},"class_list":["post-126","page","type-page","status-publish","hentry"],"aioseo_notices":[],"uagb_featured_image_src":{"full":false,"thumbnail":false,"medium":false,"medium_large":false,"large":false,"1536x1536":false,"2048x2048":false,"trp-custom-language-flag":false,"woocommerce_thumbnail":false,"woocommerce_single":false,"woocommerce_gallery_thumbnail":false,"eh_logo_image_size":false,"eh_header_image_size":false},"uagb_author_info":{"display_name":"reticularfilms","author_link":"https:\/\/reticularfilms.com\/en\/author\/reticularfilms\/"},"uagb_comment_info":0,"uagb_excerpt":"Dos amigos en un particular desayuno de trabajo. Brainstorming de ideas para las charlas que dan acerca de la intimidad. Se preguntan por los bordes entre la identidad y la intimidad. \u00c9xtasis y sexualidad. La conversaci\u00f3n les lleva a tocar los bordes de su relaci\u00f3n. Duraci\u00f3n: 28 min.Idioma: espa\u00f1ol.Subt\u00edtulos: ingl\u00e9s.Se recomienda ver en HD. Con:&hellip;","_links":{"self":[{"href":"https:\/\/reticularfilms.com\/en\/wp-json\/wp\/v2\/pages\/126","targetHints":{"allow":["GET"]}}],"collection":[{"href":"https:\/\/reticularfilms.com\/en\/wp-json\/wp\/v2\/pages"}],"about":[{"href":"https:\/\/reticularfilms.com\/en\/wp-json\/wp\/v2\/types\/page"}],"author":[{"embeddable":true,"href":"https:\/\/reticularfilms.com\/en\/wp-json\/wp\/v2\/users\/1"}],"replies":[{"embeddable":true,"href":"https:\/\/reticularfilms.com\/en\/wp-json\/wp\/v2\/comments?post=126"}],"version-history":[{"count":3,"href":"https:\/\/reticularfilms.com\/en\/wp-json\/wp\/v2\/pages\/126\/revisions"}],"predecessor-version":[{"id":1863,"href":"https:\/\/reticularfilms.com\/en\/wp-json\/wp\/v2\/pages\/126\/revisions\/1863"}],"wp:attachment":[{"href":"https:\/\/reticularfilms.com\/en\/wp-json\/wp\/v2\/media?parent=126"}],"curies":[{"name":"wp","href":"https:\/\/api.w.org\/{rel}","templated":true}]}}