{"id":128,"date":"2022-08-23T18:59:23","date_gmt":"2022-08-23T18:59:23","guid":{"rendered":"http:\/\/reticularfilms.com\/?page_id=128"},"modified":"2025-02-23T18:00:17","modified_gmt":"2025-02-23T18:00:17","slug":"todo-va-a-estar-bien","status":"publish","type":"page","link":"https:\/\/reticularfilms.com\/en\/todo-va-a-estar-bien\/","title":{"rendered":"It's gonna be okay"},"content":{"rendered":"<div style=\"position:relative;padding-top:56.25%;\"><iframe src=\"https:\/\/iframe.mediadelivery.net\/embed\/172192\/33dd60a4-81af-4031-8493-e5a006a9579a?autoplay=true&#038;loop=false&#038;muted=false&#038;preload=true\" loading=\"lazy\" style=\"border:0;position:absolute;top:0;height:100%;width:100%;\" allow=\"accelerometer;gyroscope;autoplay;encrypted-media;picture-in-picture;\" allowfullscreen=\"true\"><\/iframe><\/div>\n\n\n\n<p>A couple travels for a few days to an island in Tigre. The relationship is going through a strange fase. You can't tell what's exactly going on, but something's going on. Meeting this young island man will make them bring the conversation to the table.<\/p>\n\n\n\n<p class=\" translation-block\"><strong>Running time<\/strong>: 40 min.<br><strong>Language<\/strong>: Spanish.<br><strong>Subtitles<\/strong>: English.<br>Recommended watching in HD\u200b<\/p>\n\n\n\n<p class=\" translation-block\"><strong>With<\/strong>: Jazm\u00edn Ruffo, Wem Marcos Wertheimer, Dama David,\u00a0Mimo Micael y Clara Seckel.<br><strong>Script\/Production:<\/strong>: Jada Sirkin,\u00a0Jazm\u00edn Ruffo, Wem Marcos Wertheimer, Dama David.<br><strong>Direction\/Editing<\/strong>: Jada Sirkin.<br><strong>Camera<\/strong>: Germ\u00e1n Touza, Mauricio Sandoval Ron, Jada Sirkin.<br><strong>Sound postproduction<\/strong>: Ignacio S\u00e1nchez, Pablo Berardinelli.<\/p>\n\n\n\n<p class=\" translation-block\">If this movie touched you, interested you or moved you in whatever way that inspires you to collaborate, we are receiving donations <a href=\"http:\/\/reticularfilms.com\/donar\/\" target=\"_self\">AQU\u00cd<\/a><\/p>\n\n\n\n<p>We also invite you to share Reticular site so other people can get here.<\/p>\n\n\n\n<p>Si&nbsp;te interesa participar del proyecto Reticular o quieres comunicarte por alguna raz\u00f3n, escr\u00edbenos!<\/p>","protected":false},"excerpt":{"rendered":"<p>Una pareja se va a pasar unos d\u00edas en una isla de Tigre. La relaci\u00f3n atraviesa un momento extra\u00f1o. No se sabe bien qu\u00e9 es lo que pasa, pero algo est\u00e1 pasando. El encuentro con un isle\u00f1o pone algunas conversaciones sobre la mesa. Duraci\u00f3n: 40 min.Idioma: espa\u00f1ol.Subt\u00edtulos: ingl\u00e9s.Se recomienda ver en HD\u200b Con: Jazm\u00edn Ruffo, &hellip;<\/p>\n<p class=\"read-more\"> <a class=\"\" href=\"https:\/\/reticularfilms.com\/en\/todo-va-a-estar-bien\/\"> <span class=\"screen-reader-text\">It's gonna be okay<\/span> Read More &raquo;<\/a><\/p>","protected":false},"author":1,"featured_media":0,"parent":0,"menu_order":0,"comment_status":"closed","ping_status":"closed","template":"","meta":{"site-sidebar-layout":"default","site-content-layout":"default","ast-global-header-display":"","ast-main-header-display":"","ast-hfb-above-header-display":"","ast-hfb-below-header-display":"","ast-hfb-mobile-header-display":"","site-post-title":"","ast-breadcrumbs-content":"","ast-featured-img":"","footer-sml-layout":"","theme-transparent-header-meta":"","adv-header-id-meta":"","stick-header-meta":"","header-above-stick-meta":"","header-main-stick-meta":"","header-below-stick-meta":"","footnotes":""},"class_list":["post-128","page","type-page","status-publish","hentry"],"aioseo_notices":[],"uagb_featured_image_src":{"full":false,"thumbnail":false,"medium":false,"medium_large":false,"large":false,"1536x1536":false,"2048x2048":false,"trp-custom-language-flag":false,"woocommerce_thumbnail":false,"woocommerce_single":false,"woocommerce_gallery_thumbnail":false,"eh_logo_image_size":false,"eh_header_image_size":false},"uagb_author_info":{"display_name":"reticularfilms","author_link":"https:\/\/reticularfilms.com\/en\/author\/reticularfilms\/"},"uagb_comment_info":0,"uagb_excerpt":"Una pareja se va a pasar unos d\u00edas en una isla de Tigre. La relaci\u00f3n atraviesa un momento extra\u00f1o. No se sabe bien qu\u00e9 es lo que pasa, pero algo est\u00e1 pasando. El encuentro con un isle\u00f1o pone algunas conversaciones sobre la mesa. Duraci\u00f3n: 40 min.Idioma: espa\u00f1ol.Subt\u00edtulos: ingl\u00e9s.Se recomienda ver en HD\u200b Con: Jazm\u00edn Ruffo,&hellip;","_links":{"self":[{"href":"https:\/\/reticularfilms.com\/en\/wp-json\/wp\/v2\/pages\/128","targetHints":{"allow":["GET"]}}],"collection":[{"href":"https:\/\/reticularfilms.com\/en\/wp-json\/wp\/v2\/pages"}],"about":[{"href":"https:\/\/reticularfilms.com\/en\/wp-json\/wp\/v2\/types\/page"}],"author":[{"embeddable":true,"href":"https:\/\/reticularfilms.com\/en\/wp-json\/wp\/v2\/users\/1"}],"replies":[{"embeddable":true,"href":"https:\/\/reticularfilms.com\/en\/wp-json\/wp\/v2\/comments?post=128"}],"version-history":[{"count":3,"href":"https:\/\/reticularfilms.com\/en\/wp-json\/wp\/v2\/pages\/128\/revisions"}],"predecessor-version":[{"id":1862,"href":"https:\/\/reticularfilms.com\/en\/wp-json\/wp\/v2\/pages\/128\/revisions\/1862"}],"wp:attachment":[{"href":"https:\/\/reticularfilms.com\/en\/wp-json\/wp\/v2\/media?parent=128"}],"curies":[{"name":"wp","href":"https:\/\/api.w.org\/{rel}","templated":true}]}}