{"id":1320,"date":"2023-10-30T17:37:53","date_gmt":"2023-10-30T17:37:53","guid":{"rendered":"https:\/\/reticularfilms.com\/?page_id=1320"},"modified":"2023-11-24T14:45:17","modified_gmt":"2023-11-24T14:45:17","slug":"no-ser","status":"publish","type":"page","link":"https:\/\/reticularfilms.com\/en\/trama\/no-ser\/","title":{"rendered":"Not self (ENGLISH SOON)"},"content":{"rendered":"<div style=\"position:relative;padding-top:56.25%;\"><iframe src=\"https:\/\/iframe.mediadelivery.net\/embed\/174645\/59848f5e-c97f-4deb-8062-7c47a766a1a4?autoplay=false&#038;loop=false&#038;muted=false&#038;preload=true\" loading=\"lazy\" style=\"border:0;position:absolute;top:0;height:100%;width:100%;\" allow=\"accelerometer;gyroscope;autoplay;encrypted-media;picture-in-picture;\" allowfullscreen=\"true\"><\/iframe><\/div>\n\n\n\n<h5 class=\"wp-block-heading has-text-align-right\"><a href=\"https:\/\/reticularfilms.com\/en\/trama\/\">Back to episodes<\/a><\/h5>\n\n\n\n<p class=\"has-ast-global-color-5-color has-ast-global-color-0-background-color has-text-color has-background\"><strong>PAY WHAT YOU CAN<\/strong><br>TRAMA is a pay what you can project (voluntary contribution). Thanks to your contribution we can continue creating<\/p>\n\n\n\n<p class=\"has-background\" style=\"background-color:#ddd9d9\"><a href=\"https:\/\/reticularfilms.com\/en\/donar\/\">CONTRIBUTE HERE<\/a><\/p>\n\n\n\n<div style=\"height:44px\" aria-hidden=\"true\" class=\"wp-block-spacer\"><\/div>\n\n\n\n<hr class=\"wp-block-separator aligncenter has-alpha-channel-opacity is-style-wide\"\/>\n\n\n\n<div style=\"height:36px\" aria-hidden=\"true\" class=\"wp-block-spacer\"><\/div>\n\n\n\n<h3 class=\"wp-block-heading\">Not self (ENGLISH SOON)<\/h3>\n\n\n\n<p>Ana says she can't get the most out of life. Her body says other things.<\/p>\n\n\n\n<p><strong>Running time<\/strong>: 56 min.<br><strong>Language<\/strong>: Spanish<br><strong>Subtitles<\/strong>: English (Activate it with button CC)<br>Recommended watching in HD<\/p>\n\n\n\n<p><strong>With<\/strong>: Camila Torres, Pato Balado, Rubens Correa, Magal\u00ed Aldabe, Alejandra Hollender, Ezequiel Ruete, Mat\u00edas Opazo, Tamara Tsintsinis, Adri\u00e1n Gleizer, Demi\u00e1n Solom\u00f3n, Gisela Galimi, Nuk Nicol\u00e1s Arg\u00fcello, Mar\u00eda Creo Bay, Federico Andrade, Carolina Morales Carvacho, Erwin S\u00e1ez.<br><strong>Direction, production, editing<\/strong>: Jada Sirkin, Dama David<br><strong>Camera<\/strong> <strong>y color<\/strong>: Jada Sirkin<br><strong>Direct sound<\/strong>: Jos\u00e9 Ratti, Hern\u00e1n Bustamante, Juan Ignacio Bustamante, Adri\u00e1n Gleizer, Byron Mendivelso, Dama David, James Vallejo Mej\u00ed, Juan Fatur, Denisse Bustos, Rodrigo Mejuto, Elsa Wirth, Juli\u00e1n Hercovich, Agust\u00edn Landry<br><strong>Script<\/strong>: Jada Sirkin, Dama David, Camila Torres y elenco <br><strong>Production assistance<\/strong>: Hern\u00e1n Bustamante<br><strong>Still photo<\/strong>: Malena Morandini, Jos\u00e9 Ratti<br><strong>Asistencia de c\u00e1mara<\/strong>: Malena Morandini<br><strong>Fotos escena 1<\/strong>: Sara Jarrin<\/p>\n\n\n\n<p><a href=\"https:\/\/reticularfilms.com\/en\/trama\/\">Back to episodes<\/a><\/p>","protected":false},"excerpt":{"rendered":"<p>Volver a episodios PAGA LO QUE PUEDASTRAMA es un proyecto a la gorra (contribuci\u00f3n voluntaria). Gracias a tu aporte podemos seguir creando. CONTRIBUIR AQU\u00cd No ser Ana dice que no puede sacarle el jugo a la vida. Su cuerpo dice otras cosas. Duraci\u00f3n: 56 min.Idioma: espa\u00f1ol.Subt\u00edtulos: ingl\u00e9s (Se activan en el bot\u00f3n CC)Se recomienda ver &hellip;<\/p>\n<p class=\"read-more\"> <a class=\"\" href=\"https:\/\/reticularfilms.com\/en\/trama\/no-ser\/\"> <span class=\"screen-reader-text\">Not self (ENGLISH SOON)<\/span> Read More &raquo;<\/a><\/p>","protected":false},"author":1,"featured_media":0,"parent":750,"menu_order":0,"comment_status":"closed","ping_status":"closed","template":"","meta":{"site-sidebar-layout":"default","site-content-layout":"default","ast-global-header-display":"","ast-main-header-display":"","ast-hfb-above-header-display":"","ast-hfb-below-header-display":"","ast-hfb-mobile-header-display":"","site-post-title":"","ast-breadcrumbs-content":"","ast-featured-img":"","footer-sml-layout":"","theme-transparent-header-meta":"","adv-header-id-meta":"","stick-header-meta":"","header-above-stick-meta":"","header-main-stick-meta":"","header-below-stick-meta":"","footnotes":""},"class_list":["post-1320","page","type-page","status-publish","hentry"],"aioseo_notices":[],"uagb_featured_image_src":{"full":false,"thumbnail":false,"medium":false,"medium_large":false,"large":false,"1536x1536":false,"2048x2048":false,"trp-custom-language-flag":false,"woocommerce_thumbnail":false,"woocommerce_single":false,"woocommerce_gallery_thumbnail":false,"eh_logo_image_size":false,"eh_header_image_size":false},"uagb_author_info":{"display_name":"reticularfilms","author_link":"https:\/\/reticularfilms.com\/en\/author\/reticularfilms\/"},"uagb_comment_info":0,"uagb_excerpt":"Volver a episodios PAGA LO QUE PUEDASTRAMA es un proyecto a la gorra (contribuci\u00f3n voluntaria). Gracias a tu aporte podemos seguir creando. CONTRIBUIR AQU\u00cd No ser Ana dice que no puede sacarle el jugo a la vida. Su cuerpo dice otras cosas. Duraci\u00f3n: 56 min.Idioma: espa\u00f1ol.Subt\u00edtulos: ingl\u00e9s (Se activan en el bot\u00f3n CC)Se recomienda ver&hellip;","_links":{"self":[{"href":"https:\/\/reticularfilms.com\/en\/wp-json\/wp\/v2\/pages\/1320","targetHints":{"allow":["GET"]}}],"collection":[{"href":"https:\/\/reticularfilms.com\/en\/wp-json\/wp\/v2\/pages"}],"about":[{"href":"https:\/\/reticularfilms.com\/en\/wp-json\/wp\/v2\/types\/page"}],"author":[{"embeddable":true,"href":"https:\/\/reticularfilms.com\/en\/wp-json\/wp\/v2\/users\/1"}],"replies":[{"embeddable":true,"href":"https:\/\/reticularfilms.com\/en\/wp-json\/wp\/v2\/comments?post=1320"}],"version-history":[{"count":3,"href":"https:\/\/reticularfilms.com\/en\/wp-json\/wp\/v2\/pages\/1320\/revisions"}],"predecessor-version":[{"id":1357,"href":"https:\/\/reticularfilms.com\/en\/wp-json\/wp\/v2\/pages\/1320\/revisions\/1357"}],"up":[{"embeddable":true,"href":"https:\/\/reticularfilms.com\/en\/wp-json\/wp\/v2\/pages\/750"}],"wp:attachment":[{"href":"https:\/\/reticularfilms.com\/en\/wp-json\/wp\/v2\/media?parent=1320"}],"curies":[{"name":"wp","href":"https:\/\/api.w.org\/{rel}","templated":true}]}}