{"id":1324,"date":"2023-10-31T14:35:43","date_gmt":"2023-10-31T14:35:43","guid":{"rendered":"https:\/\/reticularfilms.com\/?page_id=1324"},"modified":"2025-05-10T17:03:50","modified_gmt":"2025-05-10T17:03:50","slug":"penny-el-conducto","status":"publish","type":"page","link":"https:\/\/reticularfilms.com\/en\/penny-el-conducto\/","title":{"rendered":"Penny, the conduit"},"content":{"rendered":"<figure class=\"wp-block-embed is-type-video is-provider-youtube wp-block-embed-youtube wp-embed-aspect-16-9 wp-has-aspect-ratio\"><div class=\"wp-block-embed__wrapper\">\n<div class=\"ast-oembed-container\" style=\"height: 100%;\"><iframe loading=\"lazy\" title=\"PENNY   THE CONDUIT\" width=\"500\" height=\"281\" src=\"https:\/\/www.youtube.com\/embed\/OrEgId2ua2A?feature=oembed\" frameborder=\"0\" allow=\"accelerometer; autoplay; clipboard-write; encrypted-media; gyroscope; picture-in-picture; web-share\" referrerpolicy=\"strict-origin-when-cross-origin\" allowfullscreen><\/iframe><\/div>\n<\/div><\/figure>\n\n\n\n<p><em>An intimate, aesthetic experiment, a poetic diary tracing the path of mourning and rebirth. It weaves the tapestry of play, audiovisual exploration, and the alchemical transformation of reality into fiction to distill the essence of pain and reveal the poetic tapestry of the human experience.<\/em><\/p>\n\n\n\n<p><strong>Running time<\/strong>: 20 min.<br><strong>Directed by<\/strong>: Kelly Nesbitt<br><strong>Music<\/strong>: Mad Composer Lab<br><strong>Translation and subtitles<\/strong>: Jada Sirkin<\/p>\n\n\n\n<p><strong>The director says<\/strong>:<\/p>\n\n\n\n<p><em>PENNY is a film about mourning the recent loss of my father, burnout from working in the ICU, and finding solace through the use of play - as exemplified by the character Penny\u2019s awkward yet earnest commitment to meditation, nature worship, and conversations with a radically different kind of deity. <em>tipo de deidad<\/em> radicalmente diferente.<\/em><\/p>\n\n\n\n<p><em>Penny is a conduit who expresses our collective grief and despair, yet exemplifies the unquenchable hope that lies deeper in the human heart. Death, mourning, and healing are overt themes of this piece.<\/em><\/p>\n\n\n\n<p>*<\/p>\n\n\n\n<p><strong>Kelly Nesbitt<\/strong> (Portland, Oregon, USA) is a transdisciplinary performance and video artist whose creations are rooted in movement based theater, performance art, and somatic clown psychology.&nbsp;<a href=\"http:\/\/kellynesbitt.com\/\" target=\"_blank\" rel=\"noreferrer noopener\">kellynesbitt.com<\/a><\/p>\n\n\n\n<p><strong>More by Kelly Nesbitt<\/strong>t: <a href=\"http:\/\/kellynesbitt.com\/\" target=\"_blank\" rel=\"noreferrer noopener\">kellynesbitt.com<\/a><\/p>\n\n\n\n<p><strong>More by Mad Composer Lab<\/strong>: <a href=\"http:\/\/madcomposerlab.com\/\" target=\"_blank\" rel=\"noreferrer noopener\">madcomposerlab.com<\/a><\/p>\n\n\n\n<p>*<\/p>\n\n\n\n<p>If RETICULAR project interests you and inspires you to collaborate, we are receiving donations&nbsp;<strong><a href=\"https:\/\/reticularfilms.com\/en\/donar\/\">AQU\u00cd<\/a><\/strong>.<\/p>\n\n\n\n<p>We also invite you to share Reticular site so other people can get here.<\/p>\n\n\n\n<p>If you are interested in participating in RETICULAR or want to communicate with us for any reason, please contact us&nbsp;<strong>AQU\u00ed<\/strong>.<\/p>","protected":false},"excerpt":{"rendered":"<p>Experimento est\u00e9tico-personal, diario po\u00e9tico de un proceso de duelo y resignificaci\u00f3n. El juego, la exploraci\u00f3n audiovisual y la transformaci\u00f3n en ficci\u00f3n como caminos para procesar el dolor y abrir los significados po\u00e9ticos de la experiencia humana. Duraci\u00f3n: 20 min.Direcci\u00f3n: Kelly NesbittM\u00fasica: Mad Composer LabTraducci\u00f3n y subt\u00edtulos: Jada Sirkin En palabras de la directora: PENNY es &hellip;<\/p>\n<p class=\"read-more\"> <a class=\"\" href=\"https:\/\/reticularfilms.com\/en\/penny-el-conducto\/\"> <span class=\"screen-reader-text\">Penny, the conduit<\/span> Read More &raquo;<\/a><\/p>","protected":false},"author":1,"featured_media":0,"parent":0,"menu_order":0,"comment_status":"closed","ping_status":"closed","template":"","meta":{"site-sidebar-layout":"default","site-content-layout":"default","ast-global-header-display":"","ast-main-header-display":"","ast-hfb-above-header-display":"","ast-hfb-below-header-display":"","ast-hfb-mobile-header-display":"","site-post-title":"","ast-breadcrumbs-content":"","ast-featured-img":"","footer-sml-layout":"","theme-transparent-header-meta":"","adv-header-id-meta":"","stick-header-meta":"","header-above-stick-meta":"","header-main-stick-meta":"","header-below-stick-meta":"","footnotes":""},"class_list":["post-1324","page","type-page","status-publish","hentry"],"aioseo_notices":[],"uagb_featured_image_src":{"full":false,"thumbnail":false,"medium":false,"medium_large":false,"large":false,"1536x1536":false,"2048x2048":false,"trp-custom-language-flag":false,"woocommerce_thumbnail":false,"woocommerce_single":false,"woocommerce_gallery_thumbnail":false,"eh_logo_image_size":false,"eh_header_image_size":false},"uagb_author_info":{"display_name":"reticularfilms","author_link":"https:\/\/reticularfilms.com\/en\/author\/reticularfilms\/"},"uagb_comment_info":0,"uagb_excerpt":"Experimento est\u00e9tico-personal, diario po\u00e9tico de un proceso de duelo y resignificaci\u00f3n. El juego, la exploraci\u00f3n audiovisual y la transformaci\u00f3n en ficci\u00f3n como caminos para procesar el dolor y abrir los significados po\u00e9ticos de la experiencia humana. Duraci\u00f3n: 20 min.Direcci\u00f3n: Kelly NesbittM\u00fasica: Mad Composer LabTraducci\u00f3n y subt\u00edtulos: Jada Sirkin En palabras de la directora: PENNY es&hellip;","_links":{"self":[{"href":"https:\/\/reticularfilms.com\/en\/wp-json\/wp\/v2\/pages\/1324","targetHints":{"allow":["GET"]}}],"collection":[{"href":"https:\/\/reticularfilms.com\/en\/wp-json\/wp\/v2\/pages"}],"about":[{"href":"https:\/\/reticularfilms.com\/en\/wp-json\/wp\/v2\/types\/page"}],"author":[{"embeddable":true,"href":"https:\/\/reticularfilms.com\/en\/wp-json\/wp\/v2\/users\/1"}],"replies":[{"embeddable":true,"href":"https:\/\/reticularfilms.com\/en\/wp-json\/wp\/v2\/comments?post=1324"}],"version-history":[{"count":5,"href":"https:\/\/reticularfilms.com\/en\/wp-json\/wp\/v2\/pages\/1324\/revisions"}],"predecessor-version":[{"id":1865,"href":"https:\/\/reticularfilms.com\/en\/wp-json\/wp\/v2\/pages\/1324\/revisions\/1865"}],"wp:attachment":[{"href":"https:\/\/reticularfilms.com\/en\/wp-json\/wp\/v2\/media?parent=1324"}],"curies":[{"name":"wp","href":"https:\/\/api.w.org\/{rel}","templated":true}]}}