{"id":141,"date":"2022-09-04T19:46:54","date_gmt":"2022-09-04T19:46:54","guid":{"rendered":"http:\/\/reticularfilms.com\/?page_id=141"},"modified":"2022-09-04T19:48:27","modified_gmt":"2022-09-04T19:48:27","slug":"el-amor-se-invento-en-las-peliculas","status":"publish","type":"page","link":"https:\/\/reticularfilms.com\/en\/el-amor-se-invento-en-las-peliculas\/","title":{"rendered":"Love was invented in movies"},"content":{"rendered":"<figure class=\"wp-block-embed is-type-video is-provider-youtube wp-block-embed-youtube wp-embed-aspect-16-9 wp-has-aspect-ratio\"><div class=\"wp-block-embed__wrapper\">\n<div class=\"ast-oembed-container\" style=\"height: 100%;\"><iframe loading=\"lazy\" title=\"Love was invented in movies\" width=\"500\" height=\"281\" src=\"https:\/\/www.youtube.com\/embed\/HopFB1erI8M?feature=oembed\" frameborder=\"0\" allow=\"accelerometer; autoplay; clipboard-write; encrypted-media; gyroscope; picture-in-picture; web-share\" referrerpolicy=\"strict-origin-when-cross-origin\" allowfullscreen><\/iframe><\/div>\n<\/div><\/figure>\n\n\n\n<p class=\"has-text-align-justify\">Unas \u00abparejas\u00bb hablan del amor. \u00bfQu\u00e9 piensan? \u00bfC\u00f3mo viven el amor? \u00bfEs el amor una construcci\u00f3n social y ficticia? \u00bfEs el amor rom\u00e1ntico una forma idealizada de relacionarse? \u00bfQu\u00e9 ocurre entre estas personas cuando reflexionan sobre el amor? Quiz\u00e1 en esas peque\u00f1as cosas encontremos lo m\u00e1s interesante de esta pel\u00edcula. \u00bfPor qu\u00e9 la c\u00e1mara se queda tanto tiempo con quien escucha? En la escena de la terraza, la conversaci\u00f3n se revela como una forma de cambiar las cosas. Hablar nunca es s\u00f3lo hablar.<\/p>\n\n\n\n<p><strong>Running time<\/strong>: 47min.<\/p>\n\n\n\n<p><strong>\u200bPropuesta sonora<\/strong>: Ariel Conti Peycer\u00e9<br><strong>Colaboraci\u00f3n musical<\/strong>: Emmanuel Famin, Mauricio Greco.<br><strong>Elenco<\/strong>: Valentina Gait &#8211; Vanesa Carras &#8211; Yael Duschatzky- Thiago Batistuta &#8211; Mariano Biondi &#8211; Juan Medina &#8211;\u00a0 Carmela Sandberg &#8211; Javier De Pietro &#8211; Florencia Restom &#8211; Gonzalo Gutierrez &#8211; Sthepanie Petresky &#8211; Pablo Lapa &#8211; Federico Vilaro- Franco Ludue\u00f1a &#8211; Ornella TImpanaro &#8211; Rosario Miranda &#8211; Daniel Mora &#8211; Juli Satlari\u00a0 -Antonella Fittipaldi &#8211; Ariel Conti.<br><strong>Dise\u00f1o Gr\u00e1fico<\/strong>: Leonela Marino y NIcol\u00e1s Pe\u00f1a Colazo.<br><strong>Realizaci\u00f3n<\/strong>: Camila Adaro Liloff<\/p>\n\n\n\n<p>\u200b<\/p>\n\n\n\n<p><strong>PREGUNTAS A LA DIRECTORA<\/strong><\/p>\n\n\n\n<p>\u00bfQu\u00e9 te inspir\u00f3\/mueve a hacer cine, y espec\u00edficamente esta pel\u00edcula?<\/p>\n\n\n\n<p class=\"has-text-align-justify\"><em>Lo que me mueve a hacer cine o el por que hice esta peli creo que tienen la misma respuesta. Desde muy chica me fascin\u00f3 el mundo audiovisual, las ficciones, las historias. Me gustaba mucho ver y escuchar. Cuando empec\u00e9 a pensarme como realizadora descubr\u00ed que ese lenguaje me segu\u00eda pareciendo fascinante pero ajeno, buscando m\u00e1s cercanias con ese mundo, empec\u00e9 a hacer pelis con el fin de aprender, explorar, experimentar, e investigar, en particular esta peli surge como una especie d juego de investigar sobre el amor en el cine jugando con mis amigues actuantes. Es por eso que para mi tiene mucho de ensayo. Es un poco mi mirada sobre el amor con sus cr\u00edticas y sus cosas lindas. Lo mismo me pasa con el cine lo amo y lo odio todo el tiempo. Pero esa contradicci\u00f3n es la vida misma as\u00ed que supongo que mi vida es el cine.<\/em><\/p>","protected":false},"excerpt":{"rendered":"<p>Unas \u00abparejas\u00bb hablan del amor. \u00bfQu\u00e9 piensan? \u00bfC\u00f3mo viven el amor? \u00bfEs el amor una construcci\u00f3n social y ficticia? \u00bfEs el amor rom\u00e1ntico una forma idealizada de relacionarse? \u00bfQu\u00e9 ocurre entre estas personas cuando reflexionan sobre el amor? Quiz\u00e1 en esas peque\u00f1as cosas encontremos lo m\u00e1s interesante de esta pel\u00edcula. \u00bfPor qu\u00e9 la c\u00e1mara se &hellip;<\/p>\n<p class=\"read-more\"> <a class=\"\" href=\"https:\/\/reticularfilms.com\/en\/el-amor-se-invento-en-las-peliculas\/\"> <span class=\"screen-reader-text\">Love was invented in movies<\/span> Read More &raquo;<\/a><\/p>","protected":false},"author":1,"featured_media":0,"parent":0,"menu_order":0,"comment_status":"closed","ping_status":"closed","template":"","meta":{"site-sidebar-layout":"default","site-content-layout":"default","ast-global-header-display":"","ast-main-header-display":"","ast-hfb-above-header-display":"","ast-hfb-below-header-display":"","ast-hfb-mobile-header-display":"","site-post-title":"","ast-breadcrumbs-content":"","ast-featured-img":"","footer-sml-layout":"","theme-transparent-header-meta":"","adv-header-id-meta":"","stick-header-meta":"","header-above-stick-meta":"","header-main-stick-meta":"","header-below-stick-meta":"","footnotes":""},"class_list":["post-141","page","type-page","status-publish","hentry"],"aioseo_notices":[],"uagb_featured_image_src":{"full":false,"thumbnail":false,"medium":false,"medium_large":false,"large":false,"1536x1536":false,"2048x2048":false,"trp-custom-language-flag":false,"woocommerce_thumbnail":false,"woocommerce_single":false,"woocommerce_gallery_thumbnail":false,"eh_logo_image_size":false,"eh_header_image_size":false},"uagb_author_info":{"display_name":"reticularfilms","author_link":"https:\/\/reticularfilms.com\/en\/author\/reticularfilms\/"},"uagb_comment_info":0,"uagb_excerpt":"Unas \u00abparejas\u00bb hablan del amor. \u00bfQu\u00e9 piensan? \u00bfC\u00f3mo viven el amor? \u00bfEs el amor una construcci\u00f3n social y ficticia? \u00bfEs el amor rom\u00e1ntico una forma idealizada de relacionarse? \u00bfQu\u00e9 ocurre entre estas personas cuando reflexionan sobre el amor? Quiz\u00e1 en esas peque\u00f1as cosas encontremos lo m\u00e1s interesante de esta pel\u00edcula. \u00bfPor qu\u00e9 la c\u00e1mara se&hellip;","_links":{"self":[{"href":"https:\/\/reticularfilms.com\/en\/wp-json\/wp\/v2\/pages\/141","targetHints":{"allow":["GET"]}}],"collection":[{"href":"https:\/\/reticularfilms.com\/en\/wp-json\/wp\/v2\/pages"}],"about":[{"href":"https:\/\/reticularfilms.com\/en\/wp-json\/wp\/v2\/types\/page"}],"author":[{"embeddable":true,"href":"https:\/\/reticularfilms.com\/en\/wp-json\/wp\/v2\/users\/1"}],"replies":[{"embeddable":true,"href":"https:\/\/reticularfilms.com\/en\/wp-json\/wp\/v2\/comments?post=141"}],"version-history":[{"count":1,"href":"https:\/\/reticularfilms.com\/en\/wp-json\/wp\/v2\/pages\/141\/revisions"}],"predecessor-version":[{"id":142,"href":"https:\/\/reticularfilms.com\/en\/wp-json\/wp\/v2\/pages\/141\/revisions\/142"}],"wp:attachment":[{"href":"https:\/\/reticularfilms.com\/en\/wp-json\/wp\/v2\/media?parent=141"}],"curies":[{"name":"wp","href":"https:\/\/api.w.org\/{rel}","templated":true}]}}