{"id":143,"date":"2022-09-04T19:57:35","date_gmt":"2022-09-04T19:57:35","guid":{"rendered":"http:\/\/reticularfilms.com\/?page_id=143"},"modified":"2023-09-28T13:19:23","modified_gmt":"2023-09-28T13:19:23","slug":"material-de-matrimonio","status":"publish","type":"page","link":"https:\/\/reticularfilms.com\/en\/material-de-matrimonio\/","title":{"rendered":"Marriage material"},"content":{"rendered":"<figure class=\"wp-block-embed is-type-video is-provider-vimeo wp-block-embed-vimeo wp-embed-aspect-16-9 wp-has-aspect-ratio\"><div class=\"wp-block-embed__wrapper\">\n<div class=\"ast-oembed-container\" style=\"height: 100%;\"><iframe loading=\"lazy\" title=\"Marriage Material\" src=\"https:\/\/player.vimeo.com\/video\/34790491?dnt=1&amp;app_id=122963\" width=\"500\" height=\"281\" frameborder=\"0\" allow=\"autoplay; fullscreen; picture-in-picture; clipboard-write\"><\/iframe><\/div>\n<\/div><\/figure>\n\n\n\n<p class=\"has-text-align-justify\"><em>Emily y Andrew, una joven pareja que vive en Memphis, aceptan cuidar por un d\u00eda al beb\u00e9 de 7 meses de sus amigos. La experiencia les lleva a examinar su propia relaci\u00f3n y sus sentimientos acerca del matrimonio y los hijos.<\/em><\/p>\n\n\n\n<p class=\"has-text-align-justify\">Las pel\u00edculas no s\u00f3lo cuentan una historia, nos invitan a un modo perceptivo y a un contexto experiencial. Los filmes y las series de Joe Swanberg nos invitan a algo poco usual y desafiante: escuchar. En este film de 2012, una situaci\u00f3n muy simple en una pareja nos da la oportunidad de entrar a un espacio de sutileza y complejidad no tan visitado por la mayor\u00eda de los films narrativos. Dir\u00eda que la conversaci\u00f3n en la cama es una de las escenas m\u00e1s hermosas del cine de todos los tiempos. La complejidad de la situaci\u00f3n no nos es entregada a trav\u00e9s de una inteligencia narrativa econ\u00f3mica y estrat\u00e9gica; tenemos que tomarnos el tiempo de unirnos a estos dos seres humanos, sin la ayuda de primeros planos ni de m\u00fasica, para desplegar las m\u00faltiples capas de sutileza ps\u00edquica. (Jada Sirkin)<\/p>\n\n\n\n<p><strong>Running time<\/strong>: 55min.<\/p>\n\n\n\n<p><strong>Producci\u00f3n, edici\u00f3n, direcci\u00f3n:<\/strong>&nbsp;<a href=\"http:\/\/www.joeswanberg.com\/\" target=\"_blank\" rel=\"noreferrer noopener\">Joe Swanberg<\/a><br><strong>Fotografiada<\/strong>: Adam Wingard<br><strong>Mezcla de sonido<\/strong>: John Bosch<br><strong>Gui\u00f3n y elenco<\/strong>: <a href=\"http:\/\/www.kentuckeraudley.com\/\" target=\"_blank\" rel=\"noreferrer noopener\">Kentucker Audley<\/a>, Caroline White, Joe Swanberg, Kris Swanberg, Jude Swanberg, Adam Wingard, Amanda Crawford<\/p>\n\n\n\n<p><strong>Translation and subtitles<\/strong>: Jada Sirkin<\/p>\n\n\n\n<p>Si quieres conocer m\u00e1s del director de esta pel\u00edcula:\u00a0<a href=\"https:\/\/joeswanberg.com\/\" target=\"_blank\" rel=\"noopener\">AQU\u00cd<\/a><\/p>\n\n\n\n<p>Si quieres conocer la plataforma de cine de bajo presupuesto de Kentucker Audley:&nbsp;<a href=\"http:\/\/nobudge.com\/\" target=\"_blank\" rel=\"noreferrer noopener\">http:\/\/nobudge.com\/<\/a><\/p>\n\n\n\n<p>If RETICULAR project interests you and inspires you to collaborate, we are receiving donations&nbsp;<strong><a href=\"https:\/\/reticularfilms.com\/en\/donar\/\">AQU\u00cd<\/a><\/strong>.<\/p>\n\n\n\n<p>We also invite you to share Reticular site so other people can get here.<\/p>\n\n\n\n<p>If you are interested in participating in RETICULAR or want to communicate with us for any reason, please contact us&nbsp;<strong>AQU\u00ed<\/strong>.<\/p>","protected":false},"excerpt":{"rendered":"<p>Emily y Andrew, una joven pareja que vive en Memphis, aceptan cuidar por un d\u00eda al beb\u00e9 de 7 meses de sus amigos. La experiencia les lleva a examinar su propia relaci\u00f3n y sus sentimientos acerca del matrimonio y los hijos. Las pel\u00edculas no s\u00f3lo cuentan una historia, nos invitan a un modo perceptivo y &hellip;<\/p>\n<p class=\"read-more\"> <a class=\"\" href=\"https:\/\/reticularfilms.com\/en\/material-de-matrimonio\/\"> <span class=\"screen-reader-text\">Marriage material<\/span> Read More &raquo;<\/a><\/p>","protected":false},"author":1,"featured_media":0,"parent":0,"menu_order":0,"comment_status":"closed","ping_status":"closed","template":"","meta":{"site-sidebar-layout":"default","site-content-layout":"default","ast-global-header-display":"","ast-main-header-display":"","ast-hfb-above-header-display":"","ast-hfb-below-header-display":"","ast-hfb-mobile-header-display":"","site-post-title":"","ast-breadcrumbs-content":"","ast-featured-img":"","footer-sml-layout":"","theme-transparent-header-meta":"","adv-header-id-meta":"","stick-header-meta":"","header-above-stick-meta":"","header-main-stick-meta":"","header-below-stick-meta":"","footnotes":""},"class_list":["post-143","page","type-page","status-publish","hentry"],"aioseo_notices":[],"uagb_featured_image_src":{"full":false,"thumbnail":false,"medium":false,"medium_large":false,"large":false,"1536x1536":false,"2048x2048":false,"trp-custom-language-flag":false,"woocommerce_thumbnail":false,"woocommerce_single":false,"woocommerce_gallery_thumbnail":false,"eh_logo_image_size":false,"eh_header_image_size":false},"uagb_author_info":{"display_name":"reticularfilms","author_link":"https:\/\/reticularfilms.com\/en\/author\/reticularfilms\/"},"uagb_comment_info":0,"uagb_excerpt":"Emily y Andrew, una joven pareja que vive en Memphis, aceptan cuidar por un d\u00eda al beb\u00e9 de 7 meses de sus amigos. La experiencia les lleva a examinar su propia relaci\u00f3n y sus sentimientos acerca del matrimonio y los hijos. Las pel\u00edculas no s\u00f3lo cuentan una historia, nos invitan a un modo perceptivo y&hellip;","_links":{"self":[{"href":"https:\/\/reticularfilms.com\/en\/wp-json\/wp\/v2\/pages\/143","targetHints":{"allow":["GET"]}}],"collection":[{"href":"https:\/\/reticularfilms.com\/en\/wp-json\/wp\/v2\/pages"}],"about":[{"href":"https:\/\/reticularfilms.com\/en\/wp-json\/wp\/v2\/types\/page"}],"author":[{"embeddable":true,"href":"https:\/\/reticularfilms.com\/en\/wp-json\/wp\/v2\/users\/1"}],"replies":[{"embeddable":true,"href":"https:\/\/reticularfilms.com\/en\/wp-json\/wp\/v2\/comments?post=143"}],"version-history":[{"count":3,"href":"https:\/\/reticularfilms.com\/en\/wp-json\/wp\/v2\/pages\/143\/revisions"}],"predecessor-version":[{"id":1284,"href":"https:\/\/reticularfilms.com\/en\/wp-json\/wp\/v2\/pages\/143\/revisions\/1284"}],"wp:attachment":[{"href":"https:\/\/reticularfilms.com\/en\/wp-json\/wp\/v2\/media?parent=143"}],"curies":[{"name":"wp","href":"https:\/\/api.w.org\/{rel}","templated":true}]}}