{"id":145,"date":"2022-09-04T20:11:12","date_gmt":"2022-09-04T20:11:12","guid":{"rendered":"http:\/\/reticularfilms.com\/?page_id=145"},"modified":"2022-09-04T20:11:14","modified_gmt":"2022-09-04T20:11:14","slug":"los-arbustos-de-rio-bonito","status":"publish","type":"page","link":"https:\/\/reticularfilms.com\/en\/los-arbustos-de-rio-bonito\/","title":{"rendered":"Los arbustos de Rio Bonito"},"content":{"rendered":"<figure class=\"wp-block-embed is-type-video is-provider-vimeo wp-block-embed-vimeo wp-embed-aspect-16-9 wp-has-aspect-ratio\"><div class=\"wp-block-embed__wrapper\">\n<div class=\"ast-oembed-container\" style=\"height: 100%;\"><iframe loading=\"lazy\" title=\"As Moitas do Rio Bonito\" src=\"https:\/\/player.vimeo.com\/video\/252246874?dnt=1&amp;app_id=122963\" width=\"500\" height=\"281\" frameborder=\"0\" allow=\"autoplay; fullscreen; picture-in-picture; clipboard-write\"><\/iframe><\/div>\n<\/div><\/figure>\n\n\n\n<p class=\"has-text-align-justify\">Documental que acompa\u00f1a a un grupo de amigos al carnaval de las Moitas (los arbustos) de Rio Bonito, un pueblo cercano a Rio de Janeiro. Seu Alcedinho, un hombre del lugar, nos cuenta de la tradici\u00f3n del pueblo: para el carnaval, la gente se disfraza de arbusto.\u00a0<\/p>\n\n\n\n<p><strong>Running time<\/strong>: 22min.<br><strong>Language<\/strong>: portugu\u00e9s.<br><strong>Subtitles<\/strong>: ingl\u00e9s, espa\u00f1ol.<br>Se recomienda ver en HD.<\/p>\n\n\n\n<p class=\"has-text-align-justify\">\u200b<strong>With<\/strong>: Julio Lage, Seu Alcedinho, Christine Batelier, Anderson Hanzen, Arthur Max, Luis Aragao, Leandro Leal, Daniela Karst, Aline Bernardi, Paula Duarte, Isabela Carpena, Leandro Floresta, Motas de Rio Bonito<br><strong>Idea<\/strong>: Julio Lage<br><strong>C\u00e1mara, Montaje, Direcci\u00f3n:<\/strong>\u00a0Jada Sirkin<br><strong>Music<\/strong>: Nacho y los Caracoles<br><strong>Poemas<\/strong>: Leandro Floresta, Seu Alcedinho<br><strong>A\u00f1o<\/strong>: 2012<\/p>\n\n\n\n<p class=\" translation-block\">If Reticular project interests you and you feel inspired to collaborate, we receive donations\u00a0<strong><a href=\"http:\/\/reticularfilms.com\/donar\/\" target=\"_self\">HERE<\/a><\/strong>.<\/p>\n\n\n\n<p>We also invite you to share Reticular site so other people can get here.<\/p>\n\n\n\n<p>If you are interested in participating in Reticular project, or for whatever reason, contact us <a href=\"http:\/\/reticularfilms.com\/suscripcion\/\" target=\"_self\">AQU\u00cd<\/a>&nbsp;<strong>AQU\u00ed<\/strong>.<\/p>","protected":false},"excerpt":{"rendered":"<p>Documental que acompa\u00f1a a un grupo de amigos al carnaval de las Moitas (los arbustos) de Rio Bonito, un pueblo cercano a Rio de Janeiro. Seu Alcedinho, un hombre del lugar, nos cuenta de la tradici\u00f3n del pueblo: para el carnaval, la gente se disfraza de arbusto.\u00a0 Duraci\u00f3n: 22min.Idioma: portugu\u00e9s.Subt\u00edtulos: ingl\u00e9s, espa\u00f1ol.Se recomienda ver en &hellip;<\/p>\n<p class=\"read-more\"> <a class=\"\" href=\"https:\/\/reticularfilms.com\/en\/los-arbustos-de-rio-bonito\/\"> <span class=\"screen-reader-text\">Los arbustos de Rio Bonito<\/span> Read More &raquo;<\/a><\/p>","protected":false},"author":1,"featured_media":0,"parent":0,"menu_order":0,"comment_status":"closed","ping_status":"closed","template":"","meta":{"site-sidebar-layout":"default","site-content-layout":"default","ast-global-header-display":"","ast-main-header-display":"","ast-hfb-above-header-display":"","ast-hfb-below-header-display":"","ast-hfb-mobile-header-display":"","site-post-title":"","ast-breadcrumbs-content":"","ast-featured-img":"","footer-sml-layout":"","theme-transparent-header-meta":"","adv-header-id-meta":"","stick-header-meta":"","header-above-stick-meta":"","header-main-stick-meta":"","header-below-stick-meta":"","footnotes":""},"class_list":["post-145","page","type-page","status-publish","hentry"],"aioseo_notices":[],"uagb_featured_image_src":{"full":false,"thumbnail":false,"medium":false,"medium_large":false,"large":false,"1536x1536":false,"2048x2048":false,"trp-custom-language-flag":false,"woocommerce_thumbnail":false,"woocommerce_single":false,"woocommerce_gallery_thumbnail":false,"eh_logo_image_size":false,"eh_header_image_size":false},"uagb_author_info":{"display_name":"reticularfilms","author_link":"https:\/\/reticularfilms.com\/en\/author\/reticularfilms\/"},"uagb_comment_info":0,"uagb_excerpt":"Documental que acompa\u00f1a a un grupo de amigos al carnaval de las Moitas (los arbustos) de Rio Bonito, un pueblo cercano a Rio de Janeiro. Seu Alcedinho, un hombre del lugar, nos cuenta de la tradici\u00f3n del pueblo: para el carnaval, la gente se disfraza de arbusto.\u00a0 Duraci\u00f3n: 22min.Idioma: portugu\u00e9s.Subt\u00edtulos: ingl\u00e9s, espa\u00f1ol.Se recomienda ver en&hellip;","_links":{"self":[{"href":"https:\/\/reticularfilms.com\/en\/wp-json\/wp\/v2\/pages\/145","targetHints":{"allow":["GET"]}}],"collection":[{"href":"https:\/\/reticularfilms.com\/en\/wp-json\/wp\/v2\/pages"}],"about":[{"href":"https:\/\/reticularfilms.com\/en\/wp-json\/wp\/v2\/types\/page"}],"author":[{"embeddable":true,"href":"https:\/\/reticularfilms.com\/en\/wp-json\/wp\/v2\/users\/1"}],"replies":[{"embeddable":true,"href":"https:\/\/reticularfilms.com\/en\/wp-json\/wp\/v2\/comments?post=145"}],"version-history":[{"count":1,"href":"https:\/\/reticularfilms.com\/en\/wp-json\/wp\/v2\/pages\/145\/revisions"}],"predecessor-version":[{"id":146,"href":"https:\/\/reticularfilms.com\/en\/wp-json\/wp\/v2\/pages\/145\/revisions\/146"}],"wp:attachment":[{"href":"https:\/\/reticularfilms.com\/en\/wp-json\/wp\/v2\/media?parent=145"}],"curies":[{"name":"wp","href":"https:\/\/api.w.org\/{rel}","templated":true}]}}