{"id":147,"date":"2022-09-04T20:14:11","date_gmt":"2022-09-04T20:14:11","guid":{"rendered":"http:\/\/reticularfilms.com\/?page_id=147"},"modified":"2023-11-26T19:52:26","modified_gmt":"2023-11-26T19:52:26","slug":"el-sueno-del-ginko","status":"publish","type":"page","link":"https:\/\/reticularfilms.com\/en\/el-sueno-del-ginko\/","title":{"rendered":"El sue\u00f1o del Ginko"},"content":{"rendered":"<figure class=\"wp-block-embed is-type-video is-provider-vimeo wp-block-embed-vimeo wp-embed-aspect-16-9 wp-has-aspect-ratio\"><div class=\"wp-block-embed__wrapper\">\n<div class=\"ast-oembed-container\" style=\"height: 100%;\"><iframe loading=\"lazy\" title=\"El Sue\u00f1o Del Ginko (The dream of Ginko)\" src=\"https:\/\/player.vimeo.com\/video\/48964402?dnt=1&amp;app_id=122963\" width=\"500\" height=\"281\" frameborder=\"0\" allow=\"autoplay; fullscreen; picture-in-picture; clipboard-write\"><\/iframe><\/div>\n<\/div><\/figure>\n\n\n\n<p>A la hora de la siesta,<br>o a cualquier hora, <br>una mujer sue\u00f1a con un Ginko&#8230;&nbsp;<br>O es el Ginko quien sue\u00f1a a la mujer. <br>&#8212; Video danza.<\/p>\n\n\n\n<p><strong>Running time<\/strong>: 20min.<br><strong>Language<\/strong>: Spanish<br><strong>Subtitles<\/strong>: ingl\u00e9s, portugu\u00e9s.<br>Se recomienda ver en HD.<\/p>\n\n\n\n<p>\u200b<strong>With<\/strong>: Rhea Volij<br><strong>Idea, Montaje, Direcci\u00f3n<\/strong>: Rhea Volij, Jada Sirkin<br><strong>Music<\/strong>: Carl\u00e9 Costa<br><strong>Camera<\/strong>: Jada Sirkin<br><strong>Asistente de montaje<\/strong>: Alfrida Podlischevsky<br><strong>Rodado en<\/strong>: 2012<\/p>\n\n\n\n<p>Si quieres conocer m\u00e1s de los shows y talleres de Rhea Volij:&nbsp;<a href=\"http:\/\/www.butohrheavolij.com.ar\/new\/\" target=\"_blank\" rel=\"noreferrer noopener\">http:\/\/www.butohrheavolij.com.ar\/new\/&nbsp;<\/a><\/p>\n\n\n\n<p class=\" translation-block\">If Reticular project interests you and you feel inspired to collaborate, we receive donations\u00a0<strong><a href=\"http:\/\/reticularfilms.com\/donar\/\" target=\"_self\">HERE<\/a><\/strong>.<\/p>\n\n\n\n<p>We also invite you to share Reticular site so other people can get here.<\/p>\n\n\n\n<p>If you are interested in participating in Reticular project, or for whatever reason, contact us <a href=\"http:\/\/reticularfilms.com\/suscripcion\/\" target=\"_self\">AQU\u00cd<\/a>&nbsp;<strong>AQU\u00ed<\/strong>.<\/p>\n\n\n\n<p>\u200b<\/p>","protected":false},"excerpt":{"rendered":"<p>A la hora de la siesta,o a cualquier hora, una mujer sue\u00f1a con un Ginko&#8230;&nbsp;O es el Ginko quien sue\u00f1a a la mujer. &#8212; Video danza. Duraci\u00f3n: 20min.Idioma: espa\u00f1ol.Subt\u00edtulos: ingl\u00e9s, portugu\u00e9s.Se recomienda ver en HD. \u200bCon: Rhea VolijIdea, Montaje, Direcci\u00f3n: Rhea Volij, Jada SirkinM\u00fasica: Carl\u00e9 CostaC\u00e1mara: Jada SirkinAsistente de montaje: Alfrida PodlischevskyRodado en: 2012 Si &hellip;<\/p>\n<p class=\"read-more\"> <a class=\"\" href=\"https:\/\/reticularfilms.com\/en\/el-sueno-del-ginko\/\"> <span class=\"screen-reader-text\">El sue\u00f1o del Ginko<\/span> Read More &raquo;<\/a><\/p>","protected":false},"author":1,"featured_media":0,"parent":0,"menu_order":0,"comment_status":"closed","ping_status":"closed","template":"","meta":{"site-sidebar-layout":"default","site-content-layout":"default","ast-global-header-display":"","ast-main-header-display":"","ast-hfb-above-header-display":"","ast-hfb-below-header-display":"","ast-hfb-mobile-header-display":"","site-post-title":"","ast-breadcrumbs-content":"","ast-featured-img":"","footer-sml-layout":"","theme-transparent-header-meta":"","adv-header-id-meta":"","stick-header-meta":"","header-above-stick-meta":"","header-main-stick-meta":"","header-below-stick-meta":"","footnotes":""},"class_list":["post-147","page","type-page","status-publish","hentry"],"aioseo_notices":[],"uagb_featured_image_src":{"full":false,"thumbnail":false,"medium":false,"medium_large":false,"large":false,"1536x1536":false,"2048x2048":false,"trp-custom-language-flag":false,"woocommerce_thumbnail":false,"woocommerce_single":false,"woocommerce_gallery_thumbnail":false,"eh_logo_image_size":false,"eh_header_image_size":false},"uagb_author_info":{"display_name":"reticularfilms","author_link":"https:\/\/reticularfilms.com\/en\/author\/reticularfilms\/"},"uagb_comment_info":0,"uagb_excerpt":"A la hora de la siesta,o a cualquier hora, una mujer sue\u00f1a con un Ginko&#8230;&nbsp;O es el Ginko quien sue\u00f1a a la mujer. &#8212; Video danza. Duraci\u00f3n: 20min.Idioma: espa\u00f1ol.Subt\u00edtulos: ingl\u00e9s, portugu\u00e9s.Se recomienda ver en HD. \u200bCon: Rhea VolijIdea, Montaje, Direcci\u00f3n: Rhea Volij, Jada SirkinM\u00fasica: Carl\u00e9 CostaC\u00e1mara: Jada SirkinAsistente de montaje: Alfrida PodlischevskyRodado en: 2012 Si&hellip;","_links":{"self":[{"href":"https:\/\/reticularfilms.com\/en\/wp-json\/wp\/v2\/pages\/147","targetHints":{"allow":["GET"]}}],"collection":[{"href":"https:\/\/reticularfilms.com\/en\/wp-json\/wp\/v2\/pages"}],"about":[{"href":"https:\/\/reticularfilms.com\/en\/wp-json\/wp\/v2\/types\/page"}],"author":[{"embeddable":true,"href":"https:\/\/reticularfilms.com\/en\/wp-json\/wp\/v2\/users\/1"}],"replies":[{"embeddable":true,"href":"https:\/\/reticularfilms.com\/en\/wp-json\/wp\/v2\/comments?post=147"}],"version-history":[{"count":4,"href":"https:\/\/reticularfilms.com\/en\/wp-json\/wp\/v2\/pages\/147\/revisions"}],"predecessor-version":[{"id":1405,"href":"https:\/\/reticularfilms.com\/en\/wp-json\/wp\/v2\/pages\/147\/revisions\/1405"}],"wp:attachment":[{"href":"https:\/\/reticularfilms.com\/en\/wp-json\/wp\/v2\/media?parent=147"}],"curies":[{"name":"wp","href":"https:\/\/api.w.org\/{rel}","templated":true}]}}