{"id":150,"date":"2022-09-04T20:19:39","date_gmt":"2022-09-04T20:19:39","guid":{"rendered":"http:\/\/reticularfilms.com\/?page_id=150"},"modified":"2023-11-26T19:58:12","modified_gmt":"2023-11-26T19:58:12","slug":"escenas-de-una-fiesta-rota","status":"publish","type":"page","link":"https:\/\/reticularfilms.com\/en\/escenas-de-una-fiesta-rota\/","title":{"rendered":"Escenas de una fiesta rota"},"content":{"rendered":"<figure class=\"wp-block-embed is-type-video is-provider-vimeo wp-block-embed-vimeo wp-embed-aspect-16-9 wp-has-aspect-ratio\"><div class=\"wp-block-embed__wrapper\">\n<div class=\"ast-oembed-container\" style=\"height: 100%;\"><iframe loading=\"lazy\" title=\"Escenas de una fiesta rota\" src=\"https:\/\/player.vimeo.com\/video\/253700037?dnt=1&amp;app_id=122963\" width=\"500\" height=\"281\" frameborder=\"0\" allow=\"autoplay; fullscreen; picture-in-picture; clipboard-write\"><\/iframe><\/div>\n<\/div><\/figure>\n\n\n\n<p class=\"has-text-align-justify\">Relato coral de seis personajes que, sacudidos por peque\u00f1as decisiones y acontecimientos, buscan y se buscan. Un joven cient\u00edfico es dejado por su novia, un m\u00fasico exitoso quiere hijos y no es correspondido, una actriz se frustra con su carrera, una \u201cesposa\u201d decide salirse del matrimonio, una \u201csolitaria\u201d es enfrentada a la posibilidad de un encuentro \u00edntimo, un \u201cmarido abandonado\u201d intenta recuperar a su amada. \u00bfQui\u00e9nes son todxs ellxs cuando se les ha sacudido el piso que les defin\u00eda? \u00bfQui\u00e9nes son m\u00e1s all\u00e1 de sus roles y sus m\u00e1scaras? \u00bfHay un m\u00e1s all\u00e1 de las m\u00e1scaras? \u00bfC\u00f3mo se transforman las identidades? Sumergidas en sus crisis personales, estas criaturas intentan encontrarse. Tal vez la intimidad tenga algo para decirles.<\/p>\n\n\n\n<p><strong>Running time<\/strong>: 60 min.<br><strong>Language<\/strong>: Spanish<br><strong>Subtitles<\/strong>: English<br>Recommended watching in HD<\/p>\n\n\n\n<p><strong>With<\/strong>: Manuel Fanego, Marcelo Blanco, Clara Miglioli, Mariela Alejandra, Bel\u00e9n Brito, Susy Shock, Pablo D\u00edaz<br><strong>Written and directed by<\/strong>: Jada Sirkin<br><strong>Camera<\/strong>: Federico Garc\u00eda, Jada Sirkin, Nicol\u00e1s Pol<br><strong>Production<\/strong>: Cecilia Parodi<br><strong>Edici\u00f3n<\/strong>: Leandro Tolchinsky<br><strong>Direct sound<\/strong>: Javier Tommasi<br><strong>Sound postproduction<\/strong>: Emiliano Biai\u00f1, Marcos Zoppi &#8211; Zub Sonido<br><strong>Music<\/strong> <strong>original<\/strong>: Mart\u00edn Dalesson<br><strong>Dise\u00f1o afiche<\/strong>: Mer Mir\u00f3<br><strong>A\u00f1o de estreno<\/strong>: 2017<\/p>\n\n\n\n<p>Si esta pel\u00edcula te toc\u00f3, te interes\u00f3, te movi\u00f3 o lo que sea que te inspire para colaborar, recibimos donaciones&nbsp;<a href=\"https:\/\/reticularfilms.com\/en\/apoyar\/\"><strong>AQU\u00cd<\/strong><\/a>.<\/p>\n\n\n\n<p>We also invite you to share Reticular site so other people can get here.<\/p>\n\n\n\n<p>If you are interested in participating in Reticular project, or for whatever reason, contact us <a href=\"http:\/\/reticularfilms.com\/suscripcion\/\" target=\"_self\">AQU\u00cd<\/a>&nbsp;<a href=\"https:\/\/reticularfilms.com\/en\/\"><strong>AQU\u00ed<\/strong><\/a>.<\/p>\n\n\n\n<p>\u200b<\/p>","protected":false},"excerpt":{"rendered":"<p>Relato coral de seis personajes que, sacudidos por peque\u00f1as decisiones y acontecimientos, buscan y se buscan. Un joven cient\u00edfico es dejado por su novia, un m\u00fasico exitoso quiere hijos y no es correspondido, una actriz se frustra con su carrera, una \u201cesposa\u201d decide salirse del matrimonio, una \u201csolitaria\u201d es enfrentada a la posibilidad de un &hellip;<\/p>\n<p class=\"read-more\"> <a class=\"\" href=\"https:\/\/reticularfilms.com\/en\/escenas-de-una-fiesta-rota\/\"> <span class=\"screen-reader-text\">Escenas de una fiesta rota<\/span> Read More &raquo;<\/a><\/p>","protected":false},"author":1,"featured_media":0,"parent":0,"menu_order":0,"comment_status":"closed","ping_status":"closed","template":"","meta":{"site-sidebar-layout":"default","site-content-layout":"default","ast-global-header-display":"","ast-main-header-display":"","ast-hfb-above-header-display":"","ast-hfb-below-header-display":"","ast-hfb-mobile-header-display":"","site-post-title":"","ast-breadcrumbs-content":"","ast-featured-img":"","footer-sml-layout":"","theme-transparent-header-meta":"","adv-header-id-meta":"","stick-header-meta":"","header-above-stick-meta":"","header-main-stick-meta":"","header-below-stick-meta":"","footnotes":""},"class_list":["post-150","page","type-page","status-publish","hentry"],"aioseo_notices":[],"uagb_featured_image_src":{"full":false,"thumbnail":false,"medium":false,"medium_large":false,"large":false,"1536x1536":false,"2048x2048":false,"trp-custom-language-flag":false,"woocommerce_thumbnail":false,"woocommerce_single":false,"woocommerce_gallery_thumbnail":false,"eh_logo_image_size":false,"eh_header_image_size":false},"uagb_author_info":{"display_name":"reticularfilms","author_link":"https:\/\/reticularfilms.com\/en\/author\/reticularfilms\/"},"uagb_comment_info":0,"uagb_excerpt":"Relato coral de seis personajes que, sacudidos por peque\u00f1as decisiones y acontecimientos, buscan y se buscan. Un joven cient\u00edfico es dejado por su novia, un m\u00fasico exitoso quiere hijos y no es correspondido, una actriz se frustra con su carrera, una \u201cesposa\u201d decide salirse del matrimonio, una \u201csolitaria\u201d es enfrentada a la posibilidad de un&hellip;","_links":{"self":[{"href":"https:\/\/reticularfilms.com\/en\/wp-json\/wp\/v2\/pages\/150","targetHints":{"allow":["GET"]}}],"collection":[{"href":"https:\/\/reticularfilms.com\/en\/wp-json\/wp\/v2\/pages"}],"about":[{"href":"https:\/\/reticularfilms.com\/en\/wp-json\/wp\/v2\/types\/page"}],"author":[{"embeddable":true,"href":"https:\/\/reticularfilms.com\/en\/wp-json\/wp\/v2\/users\/1"}],"replies":[{"embeddable":true,"href":"https:\/\/reticularfilms.com\/en\/wp-json\/wp\/v2\/comments?post=150"}],"version-history":[{"count":3,"href":"https:\/\/reticularfilms.com\/en\/wp-json\/wp\/v2\/pages\/150\/revisions"}],"predecessor-version":[{"id":1406,"href":"https:\/\/reticularfilms.com\/en\/wp-json\/wp\/v2\/pages\/150\/revisions\/1406"}],"wp:attachment":[{"href":"https:\/\/reticularfilms.com\/en\/wp-json\/wp\/v2\/media?parent=150"}],"curies":[{"name":"wp","href":"https:\/\/api.w.org\/{rel}","templated":true}]}}