{"id":153,"date":"2022-09-04T20:22:26","date_gmt":"2022-09-04T20:22:26","guid":{"rendered":"http:\/\/reticularfilms.com\/?page_id=153"},"modified":"2023-11-26T20:07:02","modified_gmt":"2023-11-26T20:07:02","slug":"tenderline-cartas-desde-america","status":"publish","type":"page","link":"https:\/\/reticularfilms.com\/en\/tenderline-cartas-desde-america\/","title":{"rendered":"Tenderline (letters from America)"},"content":{"rendered":"<div style=\"position:relative;padding-top:56.25%;\"><iframe src=\"https:\/\/iframe.mediadelivery.net\/embed\/172192\/dbb7072c-c029-49df-8966-1ff41ff0399b?autoplay=false&#038;loop=false&#038;muted=false&#038;preload=true\" loading=\"lazy\" style=\"border:0;position:absolute;top:0;height:100%;width:100%;\" allow=\"accelerometer;gyroscope;autoplay;encrypted-media;picture-in-picture;\" allowfullscreen=\"true\"><\/iframe><\/div>\n\n\n\n<p class=\"has-text-align-justify\">Este largometraje documental explora la intimidad a trav\u00e9s del arte y de los diarios de viaje de su protagonista. Diarios y cartas nos llevan dentro del mundo de Tomasz, quien viaja de Polonia a San Francisco, California, con un proyecto del cual lo despiden, dej\u00e1ndolo en la calle y sin saber qu\u00e9 hacer. Seguido por una c\u00e1mara curiosa y pudorosa, atestiguamos su proceso de experimentar Am\u00e9rica. La historia se despliega a trav\u00e9s de conversaciones con amistades \u00edntimas y a trav\u00e9s de paseos, danzas, poes\u00edas y mensajes con sus personas cercanas en Europa.&nbsp;<\/p>\n\n\n\n<p><strong>Running time<\/strong>: 60 min.<br><strong>Language<\/strong>: ingl\u00e9s, polaco<br><strong>Subtitles<\/strong>: ingl\u00e9s, espa\u00f1ol<br>Se recomienda ver en HD\u200b<\/p>\n\n\n\n<p><strong>With<\/strong>: Tomasz Foltyn, Melecio Estrella, Miriam Wolodarski<br><strong>Script<\/strong>: Tomasz Foltyn<br><strong>Producci\u00f3n\/Direcci\u00f3n\/Edici\u00f3n<\/strong>: Jada Sirkin, Tomasz Foltyn<br><strong>Camera<\/strong>: Jada Sirkin<br><strong>Color<\/strong>: Alejandro Armaleo<br><strong>Sound postproduction<\/strong>: Emiliano Biai\u00f1, Lucas Ulecia<br><strong>Music<\/strong>: Mart\u00edn Dalesson, Liza Casullo, Maciek Gil<br><strong>Dise\u00f1o afiche<\/strong>: Mer Mir\u00f3<br><strong>A\u00f1o de estreno<\/strong>: 2014<\/p>\n\n\n\n<p>Si esta pel\u00edcula te toc\u00f3, te interes\u00f3, te movi\u00f3 o lo que sea que te inspire para colaborar, recibimos donaciones&nbsp;<a href=\"https:\/\/reticularfilms.com\/en\/apoyar\/\"><strong>AQU\u00cd<\/strong><\/a>.<\/p>\n\n\n\n<p>We also invite you to share Reticular site so other people can get here.<\/p>\n\n\n\n<p>If you are interested in participating in Reticular project, or for whatever reason, contact us <a href=\"http:\/\/reticularfilms.com\/suscripcion\/\" target=\"_self\">AQU\u00cd<\/a>&nbsp;<strong>AQU\u00ed<\/strong>.<\/p>","protected":false},"excerpt":{"rendered":"<p>Este largometraje documental explora la intimidad a trav\u00e9s del arte y de los diarios de viaje de su protagonista. Diarios y cartas nos llevan dentro del mundo de Tomasz, quien viaja de Polonia a San Francisco, California, con un proyecto del cual lo despiden, dej\u00e1ndolo en la calle y sin saber qu\u00e9 hacer. Seguido por &hellip;<\/p>\n<p class=\"read-more\"> <a class=\"\" href=\"https:\/\/reticularfilms.com\/en\/tenderline-cartas-desde-america\/\"> <span class=\"screen-reader-text\">Tenderline (letters from America)<\/span> Read More &raquo;<\/a><\/p>","protected":false},"author":1,"featured_media":0,"parent":0,"menu_order":0,"comment_status":"closed","ping_status":"closed","template":"","meta":{"site-sidebar-layout":"default","site-content-layout":"default","ast-global-header-display":"","ast-main-header-display":"","ast-hfb-above-header-display":"","ast-hfb-below-header-display":"","ast-hfb-mobile-header-display":"","site-post-title":"","ast-breadcrumbs-content":"","ast-featured-img":"","footer-sml-layout":"","theme-transparent-header-meta":"","adv-header-id-meta":"","stick-header-meta":"","header-above-stick-meta":"","header-main-stick-meta":"","header-below-stick-meta":"","footnotes":""},"class_list":["post-153","page","type-page","status-publish","hentry"],"aioseo_notices":[],"uagb_featured_image_src":{"full":false,"thumbnail":false,"medium":false,"medium_large":false,"large":false,"1536x1536":false,"2048x2048":false,"trp-custom-language-flag":false,"woocommerce_thumbnail":false,"woocommerce_single":false,"woocommerce_gallery_thumbnail":false,"eh_logo_image_size":false,"eh_header_image_size":false},"uagb_author_info":{"display_name":"reticularfilms","author_link":"https:\/\/reticularfilms.com\/en\/author\/reticularfilms\/"},"uagb_comment_info":0,"uagb_excerpt":"Este largometraje documental explora la intimidad a trav\u00e9s del arte y de los diarios de viaje de su protagonista. Diarios y cartas nos llevan dentro del mundo de Tomasz, quien viaja de Polonia a San Francisco, California, con un proyecto del cual lo despiden, dej\u00e1ndolo en la calle y sin saber qu\u00e9 hacer. Seguido por&hellip;","_links":{"self":[{"href":"https:\/\/reticularfilms.com\/en\/wp-json\/wp\/v2\/pages\/153","targetHints":{"allow":["GET"]}}],"collection":[{"href":"https:\/\/reticularfilms.com\/en\/wp-json\/wp\/v2\/pages"}],"about":[{"href":"https:\/\/reticularfilms.com\/en\/wp-json\/wp\/v2\/types\/page"}],"author":[{"embeddable":true,"href":"https:\/\/reticularfilms.com\/en\/wp-json\/wp\/v2\/users\/1"}],"replies":[{"embeddable":true,"href":"https:\/\/reticularfilms.com\/en\/wp-json\/wp\/v2\/comments?post=153"}],"version-history":[{"count":2,"href":"https:\/\/reticularfilms.com\/en\/wp-json\/wp\/v2\/pages\/153\/revisions"}],"predecessor-version":[{"id":1407,"href":"https:\/\/reticularfilms.com\/en\/wp-json\/wp\/v2\/pages\/153\/revisions\/1407"}],"wp:attachment":[{"href":"https:\/\/reticularfilms.com\/en\/wp-json\/wp\/v2\/media?parent=153"}],"curies":[{"name":"wp","href":"https:\/\/api.w.org\/{rel}","templated":true}]}}