{"id":1793,"date":"2024-10-11T19:35:06","date_gmt":"2024-10-11T19:35:06","guid":{"rendered":"https:\/\/reticularfilms.com\/?page_id=1793"},"modified":"2025-02-23T17:58:55","modified_gmt":"2025-02-23T17:58:55","slug":"lasdoscosassonciertas","status":"publish","type":"page","link":"https:\/\/reticularfilms.com\/en\/lasdoscosassonciertas\/","title":{"rendered":"Las dos cosas son ciertas (una conversaci\u00f3n con Lula Mari)"},"content":{"rendered":"<div style=\"position:relative;padding-top:56.25%;\"><iframe src=\"https:\/\/iframe.mediadelivery.net\/embed\/172192\/e4f1568c-78c3-4cd7-98f2-49ebb216ff9c?autoplay=false&#038;loop=false&#038;muted=false&#038;preload=true&#038;responsive=true\" loading=\"lazy\" style=\"border:0;position:absolute;top:0;height:100%;width:100%;\" allow=\"accelerometer;gyroscope;autoplay;encrypted-media;picture-in-picture;\" allowfullscreen=\"true\"><\/iframe><\/div>\n\n\n\n<p><em>Esta pelicula nace de otra pel\u00edcula. La \u00faltima fecha de rodaje de <\/em><strong>Fiction <\/strong><em>fue una conversaci\u00f3n con la artista pl\u00e1stica Lula Mari. Cuando editamos el largometraje, nos quedamos con ganas de ver la conversaci\u00f3n completa. Aqu\u00ed est\u00e1. Lula nos abri\u00f3 las puertas de su estudio y conversamos sobre arte, sobre el lugar del artista en el tejido social, la valoraci\u00f3n, el dinero, los criterios compositivos, los espectadores y las hortensias.<\/em><\/p>\n\n\n\n<p><strong>Running time<\/strong>: 21 min.<br><strong>Con: <\/strong>Lula Mari y Jada Sirkin<br><strong>Direcci\u00f3<\/strong>n <strong>y montaje<\/strong>: Jada Sirkin<br><strong>Director photography \/ Camera<\/strong>: In\u00e9s Cantilo y Valentina Giri Ag\u00fcero<br><strong>Direct sound<\/strong>: Dama David<\/p>\n\n\n\n<p><strong>Para conocer el trabajo de Lula Mari:<\/strong><br><a href=\"http:\/\/lulamari.com.ar\/\">www.lulamari.com.ar<\/a><br>IG: <a href=\"https:\/\/www.instagram.com\/lula.mari\">@lula.mari<\/a><\/p>\n\n\n\n<p>Esta pel\u00edcula es parte del proyecto<br><strong>La forma del temblor (arte y procesos creativos)<\/strong><br>Para ver videos del canal y escuchar el podcast de conversaciones con artistas,<br><a href=\"https:\/\/www.youtube.com\/@Laformadeltemblor\">CLIC AQU\u00cd<\/a><\/p>\n\n\n\n<p class=\" translation-block\">If this movie touched you, interested you or moved you in whatever way that inspires you to collaborate, we are receiving donations <a href=\"http:\/\/reticularfilms.com\/donar\/\" target=\"_self\">AQU\u00cd<\/a><\/p>\n\n\n\n<p>We also invite you to share Reticular site so other people can get here.<\/p>\n\n\n\n<p>Si&nbsp;te interesa participar del proyecto Reticular o quieres comunicarte por alguna raz\u00f3n, escr\u00edbenos!<\/p>","protected":false},"excerpt":{"rendered":"<p>Esta pelicula nace de otra pel\u00edcula. La \u00faltima fecha de rodaje de La ficci\u00f3n fue una conversaci\u00f3n con la artista pl\u00e1stica Lula Mari. Cuando editamos el largometraje, nos quedamos con ganas de ver la conversaci\u00f3n completa. Aqu\u00ed est\u00e1. Lula nos abri\u00f3 las puertas de su estudio y conversamos sobre arte, sobre el lugar del artista &hellip;<\/p>\n<p class=\"read-more\"> <a class=\"\" href=\"https:\/\/reticularfilms.com\/en\/lasdoscosassonciertas\/\"> <span class=\"screen-reader-text\">Las dos cosas son ciertas (una conversaci\u00f3n con Lula Mari)<\/span> Read More &raquo;<\/a><\/p>","protected":false},"author":1,"featured_media":0,"parent":0,"menu_order":0,"comment_status":"closed","ping_status":"closed","template":"","meta":{"site-sidebar-layout":"default","site-content-layout":"default","ast-global-header-display":"","ast-main-header-display":"","ast-hfb-above-header-display":"","ast-hfb-below-header-display":"","ast-hfb-mobile-header-display":"","site-post-title":"","ast-breadcrumbs-content":"","ast-featured-img":"","footer-sml-layout":"","theme-transparent-header-meta":"","adv-header-id-meta":"","stick-header-meta":"","header-above-stick-meta":"","header-main-stick-meta":"","header-below-stick-meta":"","footnotes":""},"class_list":["post-1793","page","type-page","status-publish","hentry"],"aioseo_notices":[],"uagb_featured_image_src":{"full":false,"thumbnail":false,"medium":false,"medium_large":false,"large":false,"1536x1536":false,"2048x2048":false,"trp-custom-language-flag":false,"woocommerce_thumbnail":false,"woocommerce_single":false,"woocommerce_gallery_thumbnail":false,"eh_logo_image_size":false,"eh_header_image_size":false},"uagb_author_info":{"display_name":"reticularfilms","author_link":"https:\/\/reticularfilms.com\/en\/author\/reticularfilms\/"},"uagb_comment_info":0,"uagb_excerpt":"Esta pelicula nace de otra pel\u00edcula. La \u00faltima fecha de rodaje de La ficci\u00f3n fue una conversaci\u00f3n con la artista pl\u00e1stica Lula Mari. Cuando editamos el largometraje, nos quedamos con ganas de ver la conversaci\u00f3n completa. Aqu\u00ed est\u00e1. Lula nos abri\u00f3 las puertas de su estudio y conversamos sobre arte, sobre el lugar del artista&hellip;","_links":{"self":[{"href":"https:\/\/reticularfilms.com\/en\/wp-json\/wp\/v2\/pages\/1793","targetHints":{"allow":["GET"]}}],"collection":[{"href":"https:\/\/reticularfilms.com\/en\/wp-json\/wp\/v2\/pages"}],"about":[{"href":"https:\/\/reticularfilms.com\/en\/wp-json\/wp\/v2\/types\/page"}],"author":[{"embeddable":true,"href":"https:\/\/reticularfilms.com\/en\/wp-json\/wp\/v2\/users\/1"}],"replies":[{"embeddable":true,"href":"https:\/\/reticularfilms.com\/en\/wp-json\/wp\/v2\/comments?post=1793"}],"version-history":[{"count":6,"href":"https:\/\/reticularfilms.com\/en\/wp-json\/wp\/v2\/pages\/1793\/revisions"}],"predecessor-version":[{"id":1860,"href":"https:\/\/reticularfilms.com\/en\/wp-json\/wp\/v2\/pages\/1793\/revisions\/1860"}],"wp:attachment":[{"href":"https:\/\/reticularfilms.com\/en\/wp-json\/wp\/v2\/media?parent=1793"}],"curies":[{"name":"wp","href":"https:\/\/api.w.org\/{rel}","templated":true}]}}