{"id":1799,"date":"2024-10-11T19:59:26","date_gmt":"2024-10-11T19:59:26","guid":{"rendered":"https:\/\/reticularfilms.com\/?page_id=1799"},"modified":"2025-02-23T17:59:18","modified_gmt":"2025-02-23T17:59:18","slug":"quierotusmelodias","status":"publish","type":"page","link":"https:\/\/reticularfilms.com\/en\/quierotusmelodias\/","title":{"rendered":"Quiero tus melod\u00edas"},"content":{"rendered":"<div style=\"position:relative;padding-top:56.25%;\"><iframe src=\"https:\/\/iframe.mediadelivery.net\/embed\/172192\/068cbd32-dfa2-4e64-b551-167b16c1952b?autoplay=false&#038;loop=false&#038;muted=false&#038;preload=true&#038;responsive=true\" loading=\"lazy\" style=\"border:0;position:absolute;top:0;height:100%;width:100%;\" allow=\"accelerometer;gyroscope;autoplay;encrypted-media;picture-in-picture;\" allowfullscreen=\"true\"><\/iframe><\/div>\n\n\n\n<p><em>Grabaci\u00f3n del disco <strong>Mechi a la crema.<\/strong> Diciembre 2023. Acuerdos y desacuerdos. Pausas y dificultades. Puertas que se abren, ritmos que se pierden. Un acorde problem\u00e1tico. La creaci\u00f3n colectiva y el liderazgo, un ni\u00f1o piedra.<\/em><\/p>\n\n\n\n<p><strong>Running time<\/strong>: 22 min.<br><strong>Con: <\/strong>Mercedes Dominguez, Juan Ignacio Sueyro, Juan Mettini, Diego Dolzani, Rocio Eseiza, Roberto Auat, Hernan Bustamante, Ernesto Snajer, Camilo Snajer.<br><strong>Directed by<\/strong>: Mechi Dominguez y Jada Sirkin<br><strong>C\u00e1mara y montaje:<\/strong> Jada Sirkin<\/p>\n\n\n\n<p>Para conocer la m\u00fasica de Mechi:<br><a href=\"https:\/\/www.youtube.com\/redirect?event=video_description&amp;redir_token=QUFFLUhqazA4WV9iTlJycElGN01wR1VhWURIMVBYdEhtQXxBQ3Jtc0trUW00MkZsQXBBR0tTN0dMZkJBTGRxQ3FGWVl6YktLSXdBRVVqS2VtMXFUUG9VNVUtZkwzQm5Ba1o5STVueFYxVnhzS2pYVllMVjBpdVUtZWJ5djhRWUdldGRLWEdmTGgyOVU0OGZOOVVGYm5haW1JUQ&amp;q=https%3A%2F%2Fopen.spotify.com%2Fartist%2F2uavRI3dBb5DKWLzdkkj70%3Fsi%3DBaoGCr_7T4KhSwsfjrUvTQ&amp;v=pCXJV2qImao\">Spotify<\/a><br>IG: <a href=\"https:\/\/www.instagram.com\/mechimusica\/\">@mechimusica<\/a><\/p>\n\n\n\n<p>Esta pel\u00edcula es parte del proyecto<br><strong>La forma del temblor (arte y procesos creativos)<\/strong><br>Para ver videos del canal y escuchar el podcast de conversaciones con artistas,<br><a href=\"https:\/\/www.youtube.com\/@Laformadeltemblor\">CLIC AQU\u00cd<\/a><\/p>\n\n\n\n<p class=\" translation-block\">If this movie touched you, interested you or moved you in whatever way that inspires you to collaborate, we are receiving donations <a href=\"http:\/\/reticularfilms.com\/donar\/\" target=\"_self\">AQU\u00cd<\/a><\/p>\n\n\n\n<p>We also invite you to share Reticular site so other people can get here.<\/p>\n\n\n\n<p>Si&nbsp;te interesa participar del proyecto Reticular o quieres comunicarte por alguna raz\u00f3n, escr\u00edbenos!<\/p>","protected":false},"excerpt":{"rendered":"<p>Grabaci\u00f3n del disco Mechi a la crema. Diciembre 2023. Acuerdos y desacuerdos. Pausas y dificultades. Puertas que se abren, ritmos que se pierden. Un acorde problem\u00e1tico. La creaci\u00f3n colectiva y el liderazgo, un ni\u00f1o piedra. Duraci\u00f3n: 22 min.Con: Mercedes Dominguez, Juan Ignacio Sueyro, Juan Mettini, Diego Dolzani, Rocio Eseiza, Roberto Auat, Hernan Bustamante, Ernesto Snajer, &hellip;<\/p>\n<p class=\"read-more\"> <a class=\"\" href=\"https:\/\/reticularfilms.com\/en\/quierotusmelodias\/\"> <span class=\"screen-reader-text\">Quiero tus melod\u00edas<\/span> Read More &raquo;<\/a><\/p>","protected":false},"author":1,"featured_media":0,"parent":0,"menu_order":0,"comment_status":"closed","ping_status":"closed","template":"","meta":{"site-sidebar-layout":"default","site-content-layout":"default","ast-global-header-display":"","ast-main-header-display":"","ast-hfb-above-header-display":"","ast-hfb-below-header-display":"","ast-hfb-mobile-header-display":"","site-post-title":"","ast-breadcrumbs-content":"","ast-featured-img":"","footer-sml-layout":"","theme-transparent-header-meta":"","adv-header-id-meta":"","stick-header-meta":"","header-above-stick-meta":"","header-main-stick-meta":"","header-below-stick-meta":"","footnotes":""},"class_list":["post-1799","page","type-page","status-publish","hentry"],"aioseo_notices":[],"uagb_featured_image_src":{"full":false,"thumbnail":false,"medium":false,"medium_large":false,"large":false,"1536x1536":false,"2048x2048":false,"trp-custom-language-flag":false,"woocommerce_thumbnail":false,"woocommerce_single":false,"woocommerce_gallery_thumbnail":false,"eh_logo_image_size":false,"eh_header_image_size":false},"uagb_author_info":{"display_name":"reticularfilms","author_link":"https:\/\/reticularfilms.com\/en\/author\/reticularfilms\/"},"uagb_comment_info":0,"uagb_excerpt":"Grabaci\u00f3n del disco Mechi a la crema. Diciembre 2023. Acuerdos y desacuerdos. Pausas y dificultades. Puertas que se abren, ritmos que se pierden. Un acorde problem\u00e1tico. La creaci\u00f3n colectiva y el liderazgo, un ni\u00f1o piedra. Duraci\u00f3n: 22 min.Con: Mercedes Dominguez, Juan Ignacio Sueyro, Juan Mettini, Diego Dolzani, Rocio Eseiza, Roberto Auat, Hernan Bustamante, Ernesto Snajer,&hellip;","_links":{"self":[{"href":"https:\/\/reticularfilms.com\/en\/wp-json\/wp\/v2\/pages\/1799","targetHints":{"allow":["GET"]}}],"collection":[{"href":"https:\/\/reticularfilms.com\/en\/wp-json\/wp\/v2\/pages"}],"about":[{"href":"https:\/\/reticularfilms.com\/en\/wp-json\/wp\/v2\/types\/page"}],"author":[{"embeddable":true,"href":"https:\/\/reticularfilms.com\/en\/wp-json\/wp\/v2\/users\/1"}],"replies":[{"embeddable":true,"href":"https:\/\/reticularfilms.com\/en\/wp-json\/wp\/v2\/comments?post=1799"}],"version-history":[{"count":7,"href":"https:\/\/reticularfilms.com\/en\/wp-json\/wp\/v2\/pages\/1799\/revisions"}],"predecessor-version":[{"id":1861,"href":"https:\/\/reticularfilms.com\/en\/wp-json\/wp\/v2\/pages\/1799\/revisions\/1861"}],"wp:attachment":[{"href":"https:\/\/reticularfilms.com\/en\/wp-json\/wp\/v2\/media?parent=1799"}],"curies":[{"name":"wp","href":"https:\/\/api.w.org\/{rel}","templated":true}]}}