{"id":1824,"date":"2024-10-25T19:16:14","date_gmt":"2024-10-25T19:16:14","guid":{"rendered":"https:\/\/reticularfilms.com\/?page_id=1824"},"modified":"2024-10-25T20:18:06","modified_gmt":"2024-10-25T20:18:06","slug":"el-mejor-panorama","status":"publish","type":"page","link":"https:\/\/reticularfilms.com\/en\/trama\/el-mejor-panorama\/","title":{"rendered":"The best plan (ENGLISH SOON)"},"content":{"rendered":"<div style=\"position:relative;padding-top:56.25%;\"><iframe src=\"https:\/\/iframe.mediadelivery.net\/embed\/174645\/51f7c37c-8d34-4c9b-a4fe-eb0ed74246e0?autoplay=false&#038;loop=false&#038;muted=false&#038;preload=true&#038;responsive=true\" loading=\"lazy\" style=\"border:0;position:absolute;top:0;height:100%;width:100%;\" allow=\"accelerometer;gyroscope;autoplay;encrypted-media;picture-in-picture;\" allowfullscreen=\"true\"><\/iframe><\/div>\n\n\n\n<h5 class=\"wp-block-heading has-text-align-right\"><a href=\"https:\/\/reticularfilms.com\/en\/trama\/\">Back to episodes<\/a><\/h5>\n\n\n\n<p class=\"has-ast-global-color-5-color has-ast-global-color-0-background-color has-text-color has-background\"><strong>PAY WHAT YOU CAN<\/strong><br>TRAMA is a pay what you can project (voluntary contribution). Thanks to your contribution we can continue creating<\/p>\n\n\n\n<p class=\"has-background\" style=\"background-color:#ddd9d9\"><a href=\"https:\/\/reticularfilms.com\/en\/donar\/\">CONTRIBUTE HERE<\/a><\/p>\n\n\n\n<div style=\"height:44px\" aria-hidden=\"true\" class=\"wp-block-spacer\"><\/div>\n\n\n\n<hr class=\"wp-block-separator aligncenter has-alpha-channel-opacity is-style-wide\"\/>\n\n\n\n<h3 class=\"wp-block-heading\">The best plan (ENGLISH SOON)<\/h3>\n\n\n\n<p>Ema visita amigos en Puc\u00f3n, vende hongos, conoce a un cliente, busca un reencuentro, genera movimiento.<\/p>\n\n\n\n<p><strong>Running time<\/strong>: 48 min.<br><strong>Language<\/strong>: Spanish<br><strong>Subtitles<\/strong>: English (Activate it with button CC)<br>Recommended watching in HD<\/p>\n\n\n\n<p><strong>With<\/strong>: Cristian Reyes Montes, InternetPrincesadelFuturo\/\/niKo, Nicol\u00e1s Barahona, Dama David, Seba Gayt\u00e1n<br><strong>Direction, production, editing<\/strong>: Jada Sirkin, Dama David<br><strong>Camera<\/strong> <strong>y color<\/strong>: Jada Sirkin<br><strong>Script<\/strong>: Jada Sirkin, Dama David y elenco<br><strong>Direct sound<\/strong>: Dama David<br><strong>Sound post production<\/strong>: Jada Sirkin, Dama David<br><strong>Music<\/strong>: Juli\u00e1n Romero, Extra\u00f1os en la noche<\/p>\n\n\n\n<p><a href=\"https:\/\/reticularfilms.com\/en\/trama\/\">Back to episodes<\/a><\/p>","protected":false},"excerpt":{"rendered":"<p>Volver a episodios PAGA LO QUE PUEDASTRAMA es un proyecto a la gorra (contribuci\u00f3n voluntaria). Gracias a tu aporte podemos seguir creando. CONTRIBUIR AQU\u00cd El mejor panorama Ema visita amigos en Puc\u00f3n, vende hongos, conoce a un cliente, busca un reencuentro, genera movimiento. Duraci\u00f3n: 48 min.Idioma: espa\u00f1ol.Subt\u00edtulos: ingl\u00e9s (Se activan en el bot\u00f3n CC)Se recomienda &hellip;<\/p>\n<p class=\"read-more\"> <a class=\"\" href=\"https:\/\/reticularfilms.com\/en\/trama\/el-mejor-panorama\/\"> <span class=\"screen-reader-text\">The best plan (ENGLISH SOON)<\/span> Read More &raquo;<\/a><\/p>","protected":false},"author":1,"featured_media":0,"parent":750,"menu_order":0,"comment_status":"closed","ping_status":"closed","template":"","meta":{"site-sidebar-layout":"default","site-content-layout":"default","ast-global-header-display":"","ast-main-header-display":"","ast-hfb-above-header-display":"","ast-hfb-below-header-display":"","ast-hfb-mobile-header-display":"","site-post-title":"","ast-breadcrumbs-content":"","ast-featured-img":"","footer-sml-layout":"","theme-transparent-header-meta":"","adv-header-id-meta":"","stick-header-meta":"","header-above-stick-meta":"","header-main-stick-meta":"","header-below-stick-meta":"","footnotes":""},"class_list":["post-1824","page","type-page","status-publish","hentry"],"aioseo_notices":[],"uagb_featured_image_src":{"full":false,"thumbnail":false,"medium":false,"medium_large":false,"large":false,"1536x1536":false,"2048x2048":false,"trp-custom-language-flag":false,"woocommerce_thumbnail":false,"woocommerce_single":false,"woocommerce_gallery_thumbnail":false,"eh_logo_image_size":false,"eh_header_image_size":false},"uagb_author_info":{"display_name":"reticularfilms","author_link":"https:\/\/reticularfilms.com\/en\/author\/reticularfilms\/"},"uagb_comment_info":0,"uagb_excerpt":"Volver a episodios PAGA LO QUE PUEDASTRAMA es un proyecto a la gorra (contribuci\u00f3n voluntaria). Gracias a tu aporte podemos seguir creando. CONTRIBUIR AQU\u00cd El mejor panorama Ema visita amigos en Puc\u00f3n, vende hongos, conoce a un cliente, busca un reencuentro, genera movimiento. Duraci\u00f3n: 48 min.Idioma: espa\u00f1ol.Subt\u00edtulos: ingl\u00e9s (Se activan en el bot\u00f3n CC)Se recomienda&hellip;","_links":{"self":[{"href":"https:\/\/reticularfilms.com\/en\/wp-json\/wp\/v2\/pages\/1824","targetHints":{"allow":["GET"]}}],"collection":[{"href":"https:\/\/reticularfilms.com\/en\/wp-json\/wp\/v2\/pages"}],"about":[{"href":"https:\/\/reticularfilms.com\/en\/wp-json\/wp\/v2\/types\/page"}],"author":[{"embeddable":true,"href":"https:\/\/reticularfilms.com\/en\/wp-json\/wp\/v2\/users\/1"}],"replies":[{"embeddable":true,"href":"https:\/\/reticularfilms.com\/en\/wp-json\/wp\/v2\/comments?post=1824"}],"version-history":[{"count":3,"href":"https:\/\/reticularfilms.com\/en\/wp-json\/wp\/v2\/pages\/1824\/revisions"}],"predecessor-version":[{"id":1829,"href":"https:\/\/reticularfilms.com\/en\/wp-json\/wp\/v2\/pages\/1824\/revisions\/1829"}],"up":[{"embeddable":true,"href":"https:\/\/reticularfilms.com\/en\/wp-json\/wp\/v2\/pages\/750"}],"wp:attachment":[{"href":"https:\/\/reticularfilms.com\/en\/wp-json\/wp\/v2\/media?parent=1824"}],"curies":[{"name":"wp","href":"https:\/\/api.w.org\/{rel}","templated":true}]}}