{"id":25,"date":"2022-07-29T19:36:02","date_gmt":"2022-07-29T19:36:02","guid":{"rendered":"http:\/\/reticularfilms.com\/?page_id=25"},"modified":"2023-11-11T02:09:52","modified_gmt":"2023-11-11T02:09:52","slug":"unsafe","status":"publish","type":"page","link":"https:\/\/reticularfilms.com\/en\/unsafe\/","title":{"rendered":"Unsafe"},"content":{"rendered":"<div style=\"position:relative;padding-top:56.25%;\"><iframe src=\"https:\/\/iframe.mediadelivery.net\/embed\/172192\/a2e8db76-b6f9-406f-842c-b3798bb0a39b?autoplay=false&#038;loop=false&#038;muted=false&#038;preload=true\" loading=\"lazy\" style=\"border:0;position:absolute;top:0;height:100%;width:100%;\" allow=\"accelerometer;gyroscope;autoplay;encrypted-media;picture-in-picture;\" allowfullscreen=\"true\"><\/iframe><\/div>\n\n\n\n<p class=\"has-text-align-justify\">Oakland, California, 2019. The walls in the dining room are covered with photos of the more than 500 couchsurfers who have stayed there. The hosts wonder whether to keep welcoming people into their home. So many faces! They drink soda with ice and play a card game, which is not a card game!, it\u2019s an invitation to have hard conversations. A safe space for unsafe conversations. They dive in. A machine produces soap bubbles that travel across the Oakland sky. Birds are confused.<\/p>\n\n\n\n<p class=\" translation-block\"><strong>Running time<\/strong>: 28 min.<br><strong>Language<\/strong>: ingl\u00e9s.<br><strong>Subtitles<\/strong>: espa\u00f1ol. (Se activan en el bot\u00f3n CC)<br>Recommended watching in HD.\u200b<\/p>\n\n\n\n<p class=\" translation-block\"><strong>With<\/strong>: Jeremie Fremaux, David Korman, Celina D\u00edaz<br><strong>Directed and edited by<\/strong>: Dama David, Jada Sirkin<br><strong>Camera<\/strong>: Jada Sirkin<br><strong>Sound<\/strong>: Dama David<br><strong>Music<\/strong>: Juli\u00e1n Romero<\/p>\n\n\n\n<p class=\" translation-block\">If this movie touched you, interested you or moved you in whatever way that inspires you to collaborate, we are receiving donations <a href=\"http:\/\/reticularfilms.com\/donar\/\" target=\"_self\">AQU\u00cd<\/a><\/p>\n\n\n\n<p>We also invite you to share Reticular site so other people can get here.<\/p>\n\n\n\n<p class=\" translation-block\">If you are interested in participating in Reticular project, or for whatever reason, contact us <a href=\"http:\/\/reticularfilms.com\/suscripcion\/\" target=\"_self\">AQU\u00cd<\/a><\/p>","protected":false},"excerpt":{"rendered":"<p>Oakland, California, 2019. Las paredes del comedor est\u00e1n llenas de fotos de los m\u00e1s de 500 couchsurfers que pasaron por ah\u00ed. Los anfitriones se preguntan si seguir recibiendo gente en su casa. \u00a1Tantos rostros! Toman soda con hielo y juegan un juego de cartas, \u00a1que no es un juego de cartas!, es una invitaci\u00f3n a &hellip;<\/p>\n<p class=\"read-more\"> <a class=\"\" href=\"https:\/\/reticularfilms.com\/en\/unsafe\/\"> <span class=\"screen-reader-text\">Unsafe<\/span> Read More &raquo;<\/a><\/p>","protected":false},"author":1,"featured_media":0,"parent":0,"menu_order":0,"comment_status":"closed","ping_status":"closed","template":"","meta":{"site-sidebar-layout":"default","site-content-layout":"default","ast-global-header-display":"","ast-main-header-display":"","ast-hfb-above-header-display":"","ast-hfb-below-header-display":"","ast-hfb-mobile-header-display":"","site-post-title":"","ast-breadcrumbs-content":"","ast-featured-img":"","footer-sml-layout":"","theme-transparent-header-meta":"","adv-header-id-meta":"","stick-header-meta":"","header-above-stick-meta":"","header-main-stick-meta":"","header-below-stick-meta":"","footnotes":""},"class_list":["post-25","page","type-page","status-publish","hentry"],"aioseo_notices":[],"uagb_featured_image_src":{"full":false,"thumbnail":false,"medium":false,"medium_large":false,"large":false,"1536x1536":false,"2048x2048":false,"trp-custom-language-flag":false,"woocommerce_thumbnail":false,"woocommerce_single":false,"woocommerce_gallery_thumbnail":false,"eh_logo_image_size":false,"eh_header_image_size":false},"uagb_author_info":{"display_name":"reticularfilms","author_link":"https:\/\/reticularfilms.com\/en\/author\/reticularfilms\/"},"uagb_comment_info":0,"uagb_excerpt":"Oakland, California, 2019. Las paredes del comedor est\u00e1n llenas de fotos de los m\u00e1s de 500 couchsurfers que pasaron por ah\u00ed. Los anfitriones se preguntan si seguir recibiendo gente en su casa. \u00a1Tantos rostros! Toman soda con hielo y juegan un juego de cartas, \u00a1que no es un juego de cartas!, es una invitaci\u00f3n a&hellip;","_links":{"self":[{"href":"https:\/\/reticularfilms.com\/en\/wp-json\/wp\/v2\/pages\/25","targetHints":{"allow":["GET"]}}],"collection":[{"href":"https:\/\/reticularfilms.com\/en\/wp-json\/wp\/v2\/pages"}],"about":[{"href":"https:\/\/reticularfilms.com\/en\/wp-json\/wp\/v2\/types\/page"}],"author":[{"embeddable":true,"href":"https:\/\/reticularfilms.com\/en\/wp-json\/wp\/v2\/users\/1"}],"replies":[{"embeddable":true,"href":"https:\/\/reticularfilms.com\/en\/wp-json\/wp\/v2\/comments?post=25"}],"version-history":[{"count":5,"href":"https:\/\/reticularfilms.com\/en\/wp-json\/wp\/v2\/pages\/25\/revisions"}],"predecessor-version":[{"id":1342,"href":"https:\/\/reticularfilms.com\/en\/wp-json\/wp\/v2\/pages\/25\/revisions\/1342"}],"wp:attachment":[{"href":"https:\/\/reticularfilms.com\/en\/wp-json\/wp\/v2\/media?parent=25"}],"curies":[{"name":"wp","href":"https:\/\/api.w.org\/{rel}","templated":true}]}}