{"id":39,"date":"2022-08-01T16:07:06","date_gmt":"2022-08-01T16:07:06","guid":{"rendered":"http:\/\/reticularfilms.com\/?page_id=39"},"modified":"2024-05-22T23:08:26","modified_gmt":"2024-05-22T23:08:26","slug":"info","status":"publish","type":"page","link":"https:\/\/reticularfilms.com\/en\/info\/","title":{"rendered":"Info"},"content":{"rendered":"<p><strong>RETICULAR films<\/strong> es una plataforma de investigaci\u00f3n, creaci\u00f3n y difusi\u00f3n audiovisual, fundada (en 2019) y dirigida por Dama David y Jada Sirkin.<\/p>\n\n\n\n<div style=\"height:38px\" aria-hidden=\"true\" class=\"wp-block-spacer\"><\/div>\n\n\n\n<figure class=\"wp-block-embed is-type-video is-provider-youtube wp-block-embed-youtube wp-embed-aspect-16-9 wp-has-aspect-ratio\"><div class=\"wp-block-embed__wrapper\">\n<div class=\"ast-oembed-container\" style=\"height: 100%;\"><iframe loading=\"lazy\" title=\"RETICULAR Films (teaser)\" width=\"500\" height=\"281\" src=\"https:\/\/www.youtube.com\/embed\/nQu210pyw4s?feature=oembed\" frameborder=\"0\" allow=\"accelerometer; autoplay; clipboard-write; encrypted-media; gyroscope; picture-in-picture; web-share\" referrerpolicy=\"strict-origin-when-cross-origin\" allowfullscreen><\/iframe><\/div>\n<\/div><\/figure>\n\n\n\n<p><\/p>\n\n\n\n<div style=\"height:45px\" aria-hidden=\"true\" class=\"wp-block-spacer\"><\/div>\n\n\n\n<p class=\"has-text-align-justify\"><strong>RETICULAR films<\/strong> es tanto una productora de obras como un laboratorio de exploraci\u00f3n. Investigamos el arte de la ficci\u00f3n, la narrativa, la conversaci\u00f3n, la intimidad y lo que podemos llamar inteligencia vincular. Usamos la creaci\u00f3n de obras como excusa para investigarnos, y nos investigamos para crear obras. Las obras, a su vez, son invitaciones para la conversaci\u00f3n y el desconcierto. Nos atrae el asombro, nos atrae el silencio. Pensamos la obra de arte como lugar de encuentro, y el encuentro como una posibilidad de celebrar el desencuentro (la diferencia, la singularidad, la complejidad). Hacemos ficci\u00f3n porque somos ficci\u00f3n: si la vida humana es tan ficticia, la ficci\u00f3n art\u00edstica es un laboratorio donde podemos darnos permiso de mirar, escuchar, atender sutilezas de un orden extra-cotidiano. Reinventarnos. Investigamos maneras de narrar y diferentes tipos de ficci\u00f3n: ponemos a dialogar la investigaci\u00f3n personal y la creaci\u00f3n est\u00e9tica. Hacemos pel\u00edculas y series y las mostramos. Como parte del proceso creativo y de investigaci\u00f3n, tambi\u00e9n escribimos textos reflexivos acerca de arte, cine, narrativa, ficci\u00f3n, est\u00e9tica, cultura, intimidad e inteligencia vincular. Pensamos la est\u00e9tica (el arte) como la pol\u00edtica de lo sensible.<\/p>\n\n\n\n<p class=\"has-text-align-justify translation-block\">This WEB is a platform for sharing the fruits of our research; it\u2019s also a space for opening new dialogues, collaborations and creative encounters. If you are interested, contact us at <a href=\"mailto:reticularfilms@gmail.com\" target=\"_self\">reticularfilms@gmail.com<\/a><\/p>\n\n\n\n<p class=\" translation-block\">If any of these things are inspiring for you, and you feel like collaborating, both with money and with materials, contacts, services, etc, please get <strong><a href=\"https:\/\/reticularfilms.com\/donar\" target=\"_self\">HERE<\/a><\/strong>.<\/p>\n\n\n\n<p><\/p>\n\n\n\n<p class=\"has-text-align-center\"><\/p>\n\n\n\n<figure class=\"wp-block-image aligncenter size-large\"><a href=\"http:\/\/reticularfilms.com\/wp-content\/uploads\/2022\/09\/Dama-y-Jada-2-1-1.jpg\"><img loading=\"lazy\" decoding=\"async\" width=\"1024\" height=\"590\" src=\"http:\/\/reticularfilms.com\/wp-content\/uploads\/2022\/09\/Dama-y-Jada-2-1-1-1024x590.jpg\" alt=\"\" class=\"wp-image-159\" srcset=\"https:\/\/reticularfilms.com\/wp-content\/uploads\/2022\/09\/Dama-y-Jada-2-1-1-1024x590.jpg 1024w, https:\/\/reticularfilms.com\/wp-content\/uploads\/2022\/09\/Dama-y-Jada-2-1-1-300x173.jpg 300w, https:\/\/reticularfilms.com\/wp-content\/uploads\/2022\/09\/Dama-y-Jada-2-1-1-768x443.jpg 768w, https:\/\/reticularfilms.com\/wp-content\/uploads\/2022\/09\/Dama-y-Jada-2-1-1-600x346.jpg 600w, https:\/\/reticularfilms.com\/wp-content\/uploads\/2022\/09\/Dama-y-Jada-2-1-1-156x90.jpg 156w, https:\/\/reticularfilms.com\/wp-content\/uploads\/2022\/09\/Dama-y-Jada-2-1-1.jpg 1280w\" sizes=\"auto, (max-width: 1024px) 100vw, 1024px\" \/><\/a><figcaption class=\"wp-element-caption\">Dama David and Jada Sirkin directing on a shooting of TRAMA, 2019<\/figcaption><\/figure>\n\n\n\n<p><\/p>\n\n\n\n<h2 class=\"wp-block-heading\">About us<\/h2>\n\n\n\n<p><\/p>\n\n\n\n<p class=\"has-text-align-justify\"><strong>Jada Sirkin<\/strong> es escritor, cineasta y actor. Estudi\u00f3 direcci\u00f3n de cine en ENERC (INCAA), letras, teatro, danza y m\u00fasica. Particip\u00f3 como actor en obras y variet\u00e9s, public\u00f3 dos libros de cuentos y varios libros digitales de ensayos. Da talleres de escritura desde 2014. Escribe regularmente en el blog de su web <a href=\"http:\/\/www.jadasirkin.com\">www.jadasirkin.com<\/a> y habla de cine en <a href=\"https:\/\/reticularfilms.com\/en\/el-espectador-inquieto\/\">El Espectador Inquieto<\/a><\/p>\n\n\n\n<p class=\"has-text-align-justify translation-block\"><strong>Dama David<\/strong> is an astrologist from Casa XI and Evolutionary Breathing researcher and facilitator. Studied acting and musical theater. Actor, producer, writer and film director at RETICULAR films.<\/p>","protected":false},"excerpt":{"rendered":"<p>RETICULAR films es una plataforma de investigaci\u00f3n, creaci\u00f3n y difusi\u00f3n audiovisual, fundada (en 2019) y dirigida por Dama David y Jada Sirkin. RETICULAR films es tanto una productora de obras como un laboratorio de exploraci\u00f3n. Investigamos el arte de la ficci\u00f3n, la narrativa, la conversaci\u00f3n, la intimidad y lo que podemos llamar inteligencia vincular. Usamos &hellip;<\/p>\n<p class=\"read-more\"> <a class=\"\" href=\"https:\/\/reticularfilms.com\/en\/info\/\"> <span class=\"screen-reader-text\">Info<\/span> Read More &raquo;<\/a><\/p>","protected":false},"author":1,"featured_media":0,"parent":0,"menu_order":0,"comment_status":"closed","ping_status":"closed","template":"","meta":{"site-sidebar-layout":"default","site-content-layout":"default","ast-global-header-display":"","ast-main-header-display":"","ast-hfb-above-header-display":"","ast-hfb-below-header-display":"","ast-hfb-mobile-header-display":"","site-post-title":"","ast-breadcrumbs-content":"","ast-featured-img":"","footer-sml-layout":"","theme-transparent-header-meta":"","adv-header-id-meta":"","stick-header-meta":"","header-above-stick-meta":"","header-main-stick-meta":"","header-below-stick-meta":"","footnotes":""},"class_list":["post-39","page","type-page","status-publish","hentry"],"aioseo_notices":[],"uagb_featured_image_src":{"full":false,"thumbnail":false,"medium":false,"medium_large":false,"large":false,"1536x1536":false,"2048x2048":false,"trp-custom-language-flag":false,"woocommerce_thumbnail":false,"woocommerce_single":false,"woocommerce_gallery_thumbnail":false,"eh_logo_image_size":false,"eh_header_image_size":false},"uagb_author_info":{"display_name":"reticularfilms","author_link":"https:\/\/reticularfilms.com\/en\/author\/reticularfilms\/"},"uagb_comment_info":0,"uagb_excerpt":"RETICULAR films es una plataforma de investigaci\u00f3n, creaci\u00f3n y difusi\u00f3n audiovisual, fundada (en 2019) y dirigida por Dama David y Jada Sirkin. RETICULAR films es tanto una productora de obras como un laboratorio de exploraci\u00f3n. Investigamos el arte de la ficci\u00f3n, la narrativa, la conversaci\u00f3n, la intimidad y lo que podemos llamar inteligencia vincular. Usamos&hellip;","_links":{"self":[{"href":"https:\/\/reticularfilms.com\/en\/wp-json\/wp\/v2\/pages\/39","targetHints":{"allow":["GET"]}}],"collection":[{"href":"https:\/\/reticularfilms.com\/en\/wp-json\/wp\/v2\/pages"}],"about":[{"href":"https:\/\/reticularfilms.com\/en\/wp-json\/wp\/v2\/types\/page"}],"author":[{"embeddable":true,"href":"https:\/\/reticularfilms.com\/en\/wp-json\/wp\/v2\/users\/1"}],"replies":[{"embeddable":true,"href":"https:\/\/reticularfilms.com\/en\/wp-json\/wp\/v2\/comments?post=39"}],"version-history":[{"count":17,"href":"https:\/\/reticularfilms.com\/en\/wp-json\/wp\/v2\/pages\/39\/revisions"}],"predecessor-version":[{"id":1680,"href":"https:\/\/reticularfilms.com\/en\/wp-json\/wp\/v2\/pages\/39\/revisions\/1680"}],"wp:attachment":[{"href":"https:\/\/reticularfilms.com\/en\/wp-json\/wp\/v2\/media?parent=39"}],"curies":[{"name":"wp","href":"https:\/\/api.w.org\/{rel}","templated":true}]}}