{"id":42,"date":"2022-08-01T16:08:43","date_gmt":"2022-08-01T16:08:43","guid":{"rendered":"http:\/\/reticularfilms.com\/?page_id=42"},"modified":"2023-04-25T20:50:39","modified_gmt":"2023-04-25T20:50:39","slug":"donar","status":"publish","type":"page","link":"https:\/\/reticularfilms.com\/en\/donar\/","title":{"rendered":"Donate"},"content":{"rendered":"<p><a href=\"https:\/\/www.cafecito.app\/reticularfilms\" target=\"_blank\" rel=\"noopener\">Cafecito (Argentina)<\/a><br><a href=\"#mercadopago\">Mercado Pago (Argentina)<\/a><br><a href=\"#transferenciaarg\">Transfer (Argentina)<\/a><br><a href=\"#paypal\">Pay Pal (Other countries)<\/a><br><a href=\"#transferenciachile\">Transfer (Chile)<\/a><br><a href=\"#transferenciausa\">Transfer (USA)<\/a><\/p>\n\n\n\n<div style=\"height:50px\" aria-hidden=\"true\" class=\"wp-block-spacer\"><\/div>\n\n\n\n<div class=\"wp-block-buttons is-layout-flex wp-block-buttons-is-layout-flex\"><\/div>\n\n\n\n<p class=\"has-text-align-justify\">RETICULAR films has no grants nor supporting funds (so far). If any of these things inspire, touch, interest you, we invite you to consider the possibility of supporting us with money, materials, contacts, plane tickets, services, whatever you think could help these creative processes.<\/p>\n\n\n\n<p class=\"has-text-align-justify translation-block\">If it's inspiring for you, you may become a <strong>monthly donor<\/strong> and support RETICULAR project with a monthly collaboration. Also you can donate only for one single time.<\/p>\n\n\n\n<hr class=\"wp-block-separator has-alpha-channel-opacity is-style-wide\" id=\"mercadopago\"\/>\n\n\n\n<div style=\"height:81px\" aria-hidden=\"true\" class=\"wp-block-spacer\"><\/div>\n\n\n\n<p><strong>To tranfer by MERCADO PAGO in\u00a0Argentina:<\/strong><br><a href=\"mailto:jadasirkin@gmail.com\">jadasirkin@gmail.com<\/a><\/p>\n\n\n\n<div style=\"height:50px\" aria-hidden=\"true\" class=\"wp-block-spacer\"><\/div>\n\n\n\n<hr class=\"wp-block-separator has-alpha-channel-opacity is-style-wide\" id=\"transferenciaarg\"\/>\n\n\n\n<div style=\"height:84px\" aria-hidden=\"true\" class=\"wp-block-spacer\"><\/div>\n\n\n\n<p>\u200b<strong>To make a TRANSFER to an account in Argentina:<\/strong><\/p>\n\n\n\n<p>Banco en Argentina: Santander Rio<br>Cta. Caja de ahorro: 036-029003\/4<br>Sucursal 367<br>CBU 0720036688000002900340<br>Alias: Jada.Sirkin<\/p>\n\n\n\n<div style=\"height:47px\" aria-hidden=\"true\" class=\"wp-block-spacer\"><\/div>\n\n\n\n<hr class=\"wp-block-separator has-alpha-channel-opacity is-style-wide\" id=\"transferenciachile\"\/>\n\n\n\n<div style=\"height:104px\" aria-hidden=\"true\" class=\"wp-block-spacer\"><\/div>\n\n\n\n<p>\u200b<strong>To make a TRANSFER to an account in Chile:<\/strong><\/p>\n\n\n\n<p>Cristobal David Burgos<br>Rut. 17.701.752-3<br>C Corriente BCI (Banco de Cr\u00e9ditos e Inversiones)<br>81620314<\/p>\n\n\n\n<div style=\"height:53px\" aria-hidden=\"true\" class=\"wp-block-spacer\"><\/div>\n\n\n\n<hr class=\"wp-block-separator has-alpha-channel-opacity is-style-wide\" id=\"transferenciausa\"\/>\n\n\n\n<div style=\"height:97px\" aria-hidden=\"true\" class=\"wp-block-spacer\"><\/div>\n\n\n\n<p>\u200b<strong>To make a TRANSFER to an account in USA:<\/strong><\/p>\n\n\n\n<p>Titular: Alejandro Mart\u00edn Sirkin<br>N\u00famero de ruta: 084009519<br>N\u00famero de cuenta: 9600000000623815<br>Tipo de cuenta: Corriente<br>Direcci\u00f3n:<br>Transfer Wise 19 W 24th Street New York NY 10010 United States<\/p>\n\n\n\n<div style=\"height:52px\" aria-hidden=\"true\" class=\"wp-block-spacer\"><\/div>\n\n\n\n<hr class=\"wp-block-separator has-alpha-channel-opacity is-style-wide\" id=\"paypal\"\/>\n\n\n\n<div style=\"height:110px\" aria-hidden=\"true\" class=\"wp-block-spacer\"><\/div>\n\n\n\n<p>\u200b<strong>To DONATE via PayPal:<\/strong><\/p>\n\n\n\n<form action=\"https:\/\/www.paypal.com\/donate\" method=\"post\" target=\"_top\" data-trp-original-action=\"https:\/\/www.paypal.com\/donate\">\n<input type=\"hidden\" name=\"hosted_button_id\" value=\"XRF7ZVCEB5SZ4\">\n<input type=\"image\" src=\"https:\/\/www.paypalobjects.com\/en_US\/i\/btn\/btn_donateCC_LG.gif\" border=\"0\" name=\"submit\" title=\"PayPal - The safer, easier way to pay online!\" alt=\"Donate with PayPal button\">\n<img loading=\"lazy\" decoding=\"async\" alt=\"\" border=\"0\" src=\"https:\/\/www.paypal.com\/en_AR\/i\/scr\/pixel.gif\" width=\"1\" height=\"1\">\n<input type=\"hidden\" name=\"trp-form-language\" value=\"en\"\/><\/form>","protected":false},"excerpt":{"rendered":"<p>Cafecito (Argentina)Mercado Pago (Argentina)Transferencia (Argentina)Pay Pal (Otros pa\u00edses)Transferencia (Chile)Transferencia (EEUU) RETICULAR films no cuenta, en principio, con subsidios ni apoyos institucionales. Si algo de todo esto te inspira, conmueve, interesa, te invitamos a considerar la posibilidad de apoyarnos, con dinero, con materiales, contactos, pasajes de avi\u00f3n, servicios, lo que se te ocurra que pueda acompa\u00f1ar &hellip;<\/p>\n<p class=\"read-more\"> <a class=\"\" href=\"https:\/\/reticularfilms.com\/en\/donar\/\"> <span class=\"screen-reader-text\">Donate<\/span> Read More &raquo;<\/a><\/p>","protected":false},"author":1,"featured_media":0,"parent":0,"menu_order":0,"comment_status":"closed","ping_status":"closed","template":"","meta":{"site-sidebar-layout":"default","site-content-layout":"default","ast-global-header-display":"","ast-main-header-display":"","ast-hfb-above-header-display":"","ast-hfb-below-header-display":"","ast-hfb-mobile-header-display":"","site-post-title":"","ast-breadcrumbs-content":"","ast-featured-img":"","footer-sml-layout":"","theme-transparent-header-meta":"","adv-header-id-meta":"","stick-header-meta":"","header-above-stick-meta":"","header-main-stick-meta":"","header-below-stick-meta":"","footnotes":""},"class_list":["post-42","page","type-page","status-publish","hentry"],"aioseo_notices":[],"uagb_featured_image_src":{"full":false,"thumbnail":false,"medium":false,"medium_large":false,"large":false,"1536x1536":false,"2048x2048":false,"trp-custom-language-flag":false,"woocommerce_thumbnail":false,"woocommerce_single":false,"woocommerce_gallery_thumbnail":false,"eh_logo_image_size":false,"eh_header_image_size":false},"uagb_author_info":{"display_name":"reticularfilms","author_link":"https:\/\/reticularfilms.com\/en\/author\/reticularfilms\/"},"uagb_comment_info":0,"uagb_excerpt":"Cafecito (Argentina)Mercado Pago (Argentina)Transferencia (Argentina)Pay Pal (Otros pa\u00edses)Transferencia (Chile)Transferencia (EEUU) RETICULAR films no cuenta, en principio, con subsidios ni apoyos institucionales. Si algo de todo esto te inspira, conmueve, interesa, te invitamos a considerar la posibilidad de apoyarnos, con dinero, con materiales, contactos, pasajes de avi\u00f3n, servicios, lo que se te ocurra que pueda acompa\u00f1ar&hellip;","_links":{"self":[{"href":"https:\/\/reticularfilms.com\/en\/wp-json\/wp\/v2\/pages\/42","targetHints":{"allow":["GET"]}}],"collection":[{"href":"https:\/\/reticularfilms.com\/en\/wp-json\/wp\/v2\/pages"}],"about":[{"href":"https:\/\/reticularfilms.com\/en\/wp-json\/wp\/v2\/types\/page"}],"author":[{"embeddable":true,"href":"https:\/\/reticularfilms.com\/en\/wp-json\/wp\/v2\/users\/1"}],"replies":[{"embeddable":true,"href":"https:\/\/reticularfilms.com\/en\/wp-json\/wp\/v2\/comments?post=42"}],"version-history":[{"count":15,"href":"https:\/\/reticularfilms.com\/en\/wp-json\/wp\/v2\/pages\/42\/revisions"}],"predecessor-version":[{"id":864,"href":"https:\/\/reticularfilms.com\/en\/wp-json\/wp\/v2\/pages\/42\/revisions\/864"}],"wp:attachment":[{"href":"https:\/\/reticularfilms.com\/en\/wp-json\/wp\/v2\/media?parent=42"}],"curies":[{"name":"wp","href":"https:\/\/api.w.org\/{rel}","templated":true}]}}