{"id":599,"date":"2022-10-25T19:33:59","date_gmt":"2022-10-25T19:33:59","guid":{"rendered":"https:\/\/reticularfilms.com\/?page_id=599"},"modified":"2022-10-25T20:30:52","modified_gmt":"2022-10-25T20:30:52","slug":"articulos-2","status":"publish","type":"page","link":"https:\/\/reticularfilms.com\/en\/articulos-2\/","title":{"rendered":"Articles"},"content":{"rendered":"<div class=\"wp-block-columns is-layout-flex wp-container-core-columns-is-layout-28f84493 wp-block-columns-is-layout-flex\">\n<div class=\"wp-block-column is-layout-flow wp-block-column-is-layout-flow\">\n<figure class=\"wp-block-image size-large\"><a href=\"https:\/\/reticularfilms.com\/en\/el-vinculo-como-un-problema-estetico\/\"><img loading=\"lazy\" decoding=\"async\" width=\"1024\" height=\"576\" src=\"http:\/\/reticularfilms.com\/wp-content\/uploads\/2022\/09\/In-the-mood-2-1024x576.jpeg\" alt=\"\" class=\"wp-image-398\" srcset=\"https:\/\/reticularfilms.com\/wp-content\/uploads\/2022\/09\/In-the-mood-2-1024x576.jpeg 1024w, https:\/\/reticularfilms.com\/wp-content\/uploads\/2022\/09\/In-the-mood-2-300x169.jpeg 300w, https:\/\/reticularfilms.com\/wp-content\/uploads\/2022\/09\/In-the-mood-2-768x432.jpeg 768w, https:\/\/reticularfilms.com\/wp-content\/uploads\/2022\/09\/In-the-mood-2-1536x864.jpeg 1536w, https:\/\/reticularfilms.com\/wp-content\/uploads\/2022\/09\/In-the-mood-2-600x338.jpeg 600w, https:\/\/reticularfilms.com\/wp-content\/uploads\/2022\/09\/In-the-mood-2-160x90.jpeg 160w, https:\/\/reticularfilms.com\/wp-content\/uploads\/2022\/09\/In-the-mood-2.jpeg 1920w\" sizes=\"auto, (max-width: 1024px) 100vw, 1024px\" \/><\/a><\/figure>\n<\/div>\n\n\n\n<div class=\"wp-block-column is-layout-flow wp-block-column-is-layout-flow\">\n<h3 class=\"wp-block-heading\">Relationships as an aesthetic problem<\/h3>\n\n\n\n<h6 class=\"wp-block-heading\">by Jada Sirkin<\/h6>\n\n\n\n<p>If Hollywood's aesthetics is the archetypal mode of interacting, in what other ways can we live and make films? In what other ways can we relate to each other?<\/p>\n\n\n\n<h5 class=\"wp-block-heading\"><a href=\"https:\/\/reticularfilms.com\/en\/el-vinculo-como-un-problema-estetico\/\">Read<\/a><\/h5>\n<\/div>\n<\/div>\n\n\n\n<div class=\"wp-block-columns is-layout-flex wp-container-core-columns-is-layout-28f84493 wp-block-columns-is-layout-flex\">\n<div class=\"wp-block-column is-layout-flow wp-block-column-is-layout-flow\">\n<figure class=\"wp-block-image size-full\"><a href=\"https:\/\/reticularfilms.com\/en\/mutual-appreciation\/\"><img loading=\"lazy\" decoding=\"async\" width=\"1000\" height=\"663\" src=\"http:\/\/reticularfilms.com\/wp-content\/uploads\/2022\/09\/Mutual_Appreciation_web-1.jpg\" alt=\"\" class=\"wp-image-370\" srcset=\"https:\/\/reticularfilms.com\/wp-content\/uploads\/2022\/09\/Mutual_Appreciation_web-1.jpg 1000w, https:\/\/reticularfilms.com\/wp-content\/uploads\/2022\/09\/Mutual_Appreciation_web-1-300x199.jpg 300w, https:\/\/reticularfilms.com\/wp-content\/uploads\/2022\/09\/Mutual_Appreciation_web-1-768x509.jpg 768w, https:\/\/reticularfilms.com\/wp-content\/uploads\/2022\/09\/Mutual_Appreciation_web-1-600x398.jpg 600w, https:\/\/reticularfilms.com\/wp-content\/uploads\/2022\/09\/Mutual_Appreciation_web-1-136x90.jpg 136w\" sizes=\"auto, (max-width: 1000px) 100vw, 1000px\" \/><\/a><\/figure>\n<\/div>\n\n\n\n<div class=\"wp-block-column is-layout-flow wp-block-column-is-layout-flow\">\n<h3 class=\"wp-block-heading\">Why is \"Mutual appreciation\" an important film?<\/h3>\n\n\n\n<h6 class=\"wp-block-heading\">by Jada Sirkin<\/h6>\n\n\n\n<p>Narrative doesn't push its characters to feel only one thing, that allows the actor to vibrate.<\/p>\n\n\n\n<h5 class=\"wp-block-heading\"><a href=\"https:\/\/reticularfilms.com\/en\/mutual-appreciation\/\" title=\"Read\">Read<\/a><\/h5>\n<\/div>\n<\/div>\n\n\n\n<div class=\"wp-block-columns is-layout-flex wp-container-core-columns-is-layout-28f84493 wp-block-columns-is-layout-flex\">\n<div class=\"wp-block-column is-layout-flow wp-block-column-is-layout-flow\">\n<figure class=\"wp-block-image size-large\"><a href=\"https:\/\/reticularfilms.com\/en\/el-doble-filo-de-dont-look-up\/\"><img loading=\"lazy\" decoding=\"async\" width=\"1024\" height=\"539\" src=\"http:\/\/reticularfilms.com\/wp-content\/uploads\/2022\/09\/dont-look-up-1_edited-1024x539.jpg\" alt=\"\" class=\"wp-image-251\" srcset=\"https:\/\/reticularfilms.com\/wp-content\/uploads\/2022\/09\/dont-look-up-1_edited-1024x539.jpg 1024w, https:\/\/reticularfilms.com\/wp-content\/uploads\/2022\/09\/dont-look-up-1_edited-300x158.jpg 300w, https:\/\/reticularfilms.com\/wp-content\/uploads\/2022\/09\/dont-look-up-1_edited-768x404.jpg 768w, https:\/\/reticularfilms.com\/wp-content\/uploads\/2022\/09\/dont-look-up-1_edited-1536x808.jpg 1536w, https:\/\/reticularfilms.com\/wp-content\/uploads\/2022\/09\/dont-look-up-1_edited-600x316.jpg 600w, https:\/\/reticularfilms.com\/wp-content\/uploads\/2022\/09\/dont-look-up-1_edited-171x90.jpg 171w, https:\/\/reticularfilms.com\/wp-content\/uploads\/2022\/09\/dont-look-up-1_edited.jpg 1617w\" sizes=\"auto, (max-width: 1024px) 100vw, 1024px\" \/><\/a><\/figure>\n<\/div>\n\n\n\n<div class=\"wp-block-column is-layout-flow wp-block-column-is-layout-flow\">\n<h3 class=\"wp-block-heading\">The double edge in \"Don't look up\"<\/h3>\n\n\n\n<h6 class=\"wp-block-heading\">by Jada Sirkin<\/h6>\n\n\n\n<p>If the intention was to broadcast a message about ecological emergency, was the polarization good guys-bad guys necessary?<\/p>\n\n\n\n<h5 class=\"wp-block-heading\"><a href=\"https:\/\/reticularfilms.com\/en\/el-doble-filo-de-dont-look-up\/\" title=\"Read\">Read<\/a><\/h5>\n<\/div>\n<\/div>\n\n\n\n<div class=\"wp-block-columns is-layout-flex wp-container-core-columns-is-layout-28f84493 wp-block-columns-is-layout-flex\">\n<div class=\"wp-block-column is-layout-flow wp-block-column-is-layout-flow\">\n<figure class=\"wp-block-image size-large\"><a href=\"https:\/\/reticularfilms.com\/en\/regreso-a-hogwarts-y-la-ausencia-de-oscuridad-en-el-proceso-creativo\/\"><img loading=\"lazy\" decoding=\"async\" width=\"1024\" height=\"654\" src=\"http:\/\/reticularfilms.com\/wp-content\/uploads\/2022\/09\/Harry-1_edited-1024x654.jpg\" alt=\"\" class=\"wp-image-241\" srcset=\"https:\/\/reticularfilms.com\/wp-content\/uploads\/2022\/09\/Harry-1_edited-1024x654.jpg 1024w, https:\/\/reticularfilms.com\/wp-content\/uploads\/2022\/09\/Harry-1_edited-300x192.jpg 300w, https:\/\/reticularfilms.com\/wp-content\/uploads\/2022\/09\/Harry-1_edited-768x490.jpg 768w, https:\/\/reticularfilms.com\/wp-content\/uploads\/2022\/09\/Harry-1_edited-1536x980.jpg 1536w, https:\/\/reticularfilms.com\/wp-content\/uploads\/2022\/09\/Harry-1_edited-600x383.jpg 600w, https:\/\/reticularfilms.com\/wp-content\/uploads\/2022\/09\/Harry-1_edited-141x90.jpg 141w, https:\/\/reticularfilms.com\/wp-content\/uploads\/2022\/09\/Harry-1_edited.jpg 1565w\" sizes=\"auto, (max-width: 1024px) 100vw, 1024px\" \/><\/a><\/figure>\n<\/div>\n\n\n\n<div class=\"wp-block-column is-layout-flow wp-block-column-is-layout-flow\">\n<h3 class=\"wp-block-heading\">\"Return to Hogwarts\" and the absence of darkness in the creative process<\/h3>\n\n\n\n<h6 class=\"wp-block-heading\">by Jada Sirkin<\/h6>\n\n\n\n<p>No one, at any point in those ten years working together, felt any minimal amount of contempt? Weren't there any discussions?<\/p>\n\n\n\n<h5 class=\"wp-block-heading\"><a href=\"https:\/\/reticularfilms.com\/en\/regreso-a-hogwarts-y-la-ausencia-de-oscuridad-en-el-proceso-creativo\/\" title=\"Read\">Read<\/a><\/h5>\n<\/div>\n<\/div>\n\n\n\n<div class=\"wp-block-columns is-layout-flex wp-container-core-columns-is-layout-28f84493 wp-block-columns-is-layout-flex\">\n<div class=\"wp-block-column is-layout-flow wp-block-column-is-layout-flow\">\n<figure class=\"wp-block-image size-large\"><a href=\"https:\/\/reticularfilms.com\/en\/ficcion-y-juicio-la-vida-es-una-de-abogados\/\"><img loading=\"lazy\" decoding=\"async\" width=\"1024\" height=\"576\" src=\"http:\/\/reticularfilms.com\/wp-content\/uploads\/2022\/09\/high-hopes-1024x576.jpeg\" alt=\"\" class=\"wp-image-238\" srcset=\"https:\/\/reticularfilms.com\/wp-content\/uploads\/2022\/09\/high-hopes-1024x576.jpeg 1024w, https:\/\/reticularfilms.com\/wp-content\/uploads\/2022\/09\/high-hopes-300x169.jpeg 300w, https:\/\/reticularfilms.com\/wp-content\/uploads\/2022\/09\/high-hopes-768x432.jpeg 768w, https:\/\/reticularfilms.com\/wp-content\/uploads\/2022\/09\/high-hopes-600x338.jpeg 600w, https:\/\/reticularfilms.com\/wp-content\/uploads\/2022\/09\/high-hopes-160x90.jpeg 160w, https:\/\/reticularfilms.com\/wp-content\/uploads\/2022\/09\/high-hopes.jpeg 1200w\" sizes=\"auto, (max-width: 1024px) 100vw, 1024px\" \/><\/a><\/figure>\n<\/div>\n\n\n\n<div class=\"wp-block-column is-layout-flow wp-block-column-is-layout-flow\">\n<h3 class=\"wp-block-heading\">Fiction and judgement: life is a lawyer's movie<\/h3>\n\n\n\n<h6 class=\"wp-block-heading\">by Jada Sirkin<\/h6>\n\n\n\n<p>Who could want Nicole Kidman to loose custody of her children in \"Big little lies\" second season?<\/p>\n\n\n\n<h5 class=\"wp-block-heading\"><a href=\"https:\/\/reticularfilms.com\/en\/ficcion-y-juicio-la-vida-es-una-de-abogados\/\" title=\"Read\">Read<\/a><\/h5>\n<\/div>\n<\/div>\n\n\n\n<div class=\"wp-block-columns is-layout-flex wp-container-core-columns-is-layout-28f84493 wp-block-columns-is-layout-flex\">\n<div class=\"wp-block-column is-layout-flow wp-block-column-is-layout-flow\">\n<figure class=\"wp-block-image size-large\"><a href=\"https:\/\/reticularfilms.com\/en\/fleabag-vivir-o-contar-inteligencia-y-sensibilidad\/\"><img loading=\"lazy\" decoding=\"async\" width=\"1024\" height=\"614\" src=\"http:\/\/reticularfilms.com\/wp-content\/uploads\/2022\/09\/Fleabag-1-1024x614.jpeg\" alt=\"\" class=\"wp-image-226\" srcset=\"https:\/\/reticularfilms.com\/wp-content\/uploads\/2022\/09\/Fleabag-1-1024x614.jpeg 1024w, https:\/\/reticularfilms.com\/wp-content\/uploads\/2022\/09\/Fleabag-1-300x180.jpeg 300w, https:\/\/reticularfilms.com\/wp-content\/uploads\/2022\/09\/Fleabag-1-768x461.jpeg 768w, https:\/\/reticularfilms.com\/wp-content\/uploads\/2022\/09\/Fleabag-1-1536x922.jpeg 1536w, https:\/\/reticularfilms.com\/wp-content\/uploads\/2022\/09\/Fleabag-1-600x360.jpeg 600w, https:\/\/reticularfilms.com\/wp-content\/uploads\/2022\/09\/Fleabag-1-150x90.jpeg 150w, https:\/\/reticularfilms.com\/wp-content\/uploads\/2022\/09\/Fleabag-1.jpeg 1920w\" sizes=\"auto, (max-width: 1024px) 100vw, 1024px\" \/><\/a><\/figure>\n<\/div>\n\n\n\n<div class=\"wp-block-column is-layout-flow wp-block-column-is-layout-flow\">\n<h3 class=\"wp-block-heading\">\u00abFleabag\u00bb: live or tell, intelligence and sensitivity<\/h3>\n\n\n\n<h6 class=\"wp-block-heading\">by Jada Sirkin<\/h6>\n\n\n\n<p>The very attempt to look smart, clever and funny is what reveals her as vulnerable, needy and broken.<\/p>\n\n\n\n<h5 class=\"wp-block-heading\"><a href=\"https:\/\/reticularfilms.com\/en\/fleabag-vivir-o-contar-inteligencia-y-sensibilidad\/\" title=\"Read\">Read<\/a><\/h5>\n<\/div>\n<\/div>\n\n\n\n<div class=\"wp-block-columns is-layout-flex wp-container-core-columns-is-layout-28f84493 wp-block-columns-is-layout-flex\">\n<div class=\"wp-block-column is-layout-flow wp-block-column-is-layout-flow\">\n<figure class=\"wp-block-image size-full\"><a href=\"https:\/\/reticularfilms.com\/en\/el-padre-un-laberinto-narrativo-para-llegar-a-mama\/\"><img loading=\"lazy\" decoding=\"async\" width=\"563\" height=\"338\" src=\"http:\/\/reticularfilms.com\/wp-content\/uploads\/2022\/09\/The-father-3.jpeg\" alt=\"\" class=\"wp-image-219\" srcset=\"https:\/\/reticularfilms.com\/wp-content\/uploads\/2022\/09\/The-father-3.jpeg 563w, https:\/\/reticularfilms.com\/wp-content\/uploads\/2022\/09\/The-father-3-300x180.jpeg 300w, https:\/\/reticularfilms.com\/wp-content\/uploads\/2022\/09\/The-father-3-150x90.jpeg 150w\" sizes=\"auto, (max-width: 563px) 100vw, 563px\" \/><\/a><\/figure>\n<\/div>\n\n\n\n<div class=\"wp-block-column is-layout-flow wp-block-column-is-layout-flow\">\n<h3 class=\"wp-block-heading\">\u00abThe father\u00bb: a narrative labyrinth to get to mummy<\/h3>\n\n\n\n<h6 class=\"wp-block-heading\">by Jada Sirkin<\/h6>\n\n\n\n<p>If the narrative tries to make us feel what he feels in his moments of confusion, the question is: does it make it happen?<\/p>\n\n\n\n<h5 class=\"wp-block-heading\"><a href=\"https:\/\/reticularfilms.com\/en\/el-padre-un-laberinto-narrativo-para-llegar-a-mama\/\" title=\"Read\">Read<\/a><\/h5>\n<\/div>\n<\/div>\n\n\n\n<div class=\"wp-block-columns is-layout-flex wp-container-core-columns-is-layout-28f84493 wp-block-columns-is-layout-flex\">\n<div class=\"wp-block-column is-layout-flow wp-block-column-is-layout-flow\">\n<figure class=\"wp-block-image size-full\"><a href=\"https:\/\/reticularfilms.com\/en\/stranger-things-y-la-encantadora-negacion-de-la-sombra\/\"><img loading=\"lazy\" decoding=\"async\" width=\"600\" height=\"350\" src=\"http:\/\/reticularfilms.com\/wp-content\/uploads\/2022\/09\/stranger-things-ghost-busters.jpeg\" alt=\"\" class=\"wp-image-217\" srcset=\"https:\/\/reticularfilms.com\/wp-content\/uploads\/2022\/09\/stranger-things-ghost-busters.jpeg 600w, https:\/\/reticularfilms.com\/wp-content\/uploads\/2022\/09\/stranger-things-ghost-busters-300x175.jpeg 300w, https:\/\/reticularfilms.com\/wp-content\/uploads\/2022\/09\/stranger-things-ghost-busters-154x90.jpeg 154w\" sizes=\"auto, (max-width: 600px) 100vw, 600px\" \/><\/a><\/figure>\n<\/div>\n\n\n\n<div class=\"wp-block-column is-layout-flow wp-block-column-is-layout-flow\">\n<h3 class=\"wp-block-heading\">\u00abStranger things\u00bb and the charming denial of the shadow<\/h3>\n\n\n\n<h6 class=\"wp-block-heading\">by Jada Sirkin<\/h6>\n\n\n\n<p>Let's imagine what would happen if all characters were like Dustin and hugged the little monsters.<\/p>\n\n\n\n<h5 class=\"wp-block-heading\"><a href=\"https:\/\/reticularfilms.com\/en\/stranger-things-y-la-encantadora-negacion-de-la-sombra\/\" title=\"Read\">Read<\/a><\/h5>\n<\/div>\n<\/div>\n\n\n\n<div class=\"wp-block-columns is-layout-flex wp-container-core-columns-is-layout-28f84493 wp-block-columns-is-layout-flex\">\n<div class=\"wp-block-column is-layout-flow wp-block-column-is-layout-flow\">\n<figure class=\"wp-block-image size-large\"><a href=\"https:\/\/reticularfilms.com\/en\/joker-y-relatos-salvajes\/\"><img loading=\"lazy\" decoding=\"async\" width=\"1024\" height=\"576\" src=\"http:\/\/reticularfilms.com\/wp-content\/uploads\/2022\/10\/joker-1024x576.jpeg\" alt=\"\" class=\"wp-image-618\" srcset=\"https:\/\/reticularfilms.com\/wp-content\/uploads\/2022\/10\/joker-1024x576.jpeg 1024w, https:\/\/reticularfilms.com\/wp-content\/uploads\/2022\/10\/joker-300x169.jpeg 300w, https:\/\/reticularfilms.com\/wp-content\/uploads\/2022\/10\/joker-768x432.jpeg 768w, https:\/\/reticularfilms.com\/wp-content\/uploads\/2022\/10\/joker-1536x864.jpeg 1536w, https:\/\/reticularfilms.com\/wp-content\/uploads\/2022\/10\/joker-2048x1152.jpeg 2048w, https:\/\/reticularfilms.com\/wp-content\/uploads\/2022\/10\/joker-18x10.jpeg 18w, https:\/\/reticularfilms.com\/wp-content\/uploads\/2022\/10\/joker-600x338.jpeg 600w, https:\/\/reticularfilms.com\/wp-content\/uploads\/2022\/10\/joker-160x90.jpeg 160w\" sizes=\"auto, (max-width: 1024px) 100vw, 1024px\" \/><\/a><\/figure>\n<\/div>\n\n\n\n<div class=\"wp-block-column is-layout-flow wp-block-column-is-layout-flow\">\n<h3 class=\"wp-block-heading\">\u00abJoker\u00bb and \u00abWild tales\u00bb: Narrative technologies for the recycling of social pressure<\/h3>\n\n\n\n<h6 class=\"wp-block-heading\">by Jada Sirkin<\/h6>\n\n\n\n<p>How ecological are those stories structured over the search for equilibrium manifested by striking back?<\/p>\n\n\n\n<h5 class=\"wp-block-heading\"><a href=\"https:\/\/reticularfilms.com\/en\/joker-y-relatos-salvajes\/\" title=\"Read\">Read<\/a><\/h5>\n<\/div>\n<\/div>\n\n\n\n<div class=\"wp-block-columns is-layout-flex wp-container-core-columns-is-layout-28f84493 wp-block-columns-is-layout-flex\">\n<div class=\"wp-block-column is-layout-flow wp-block-column-is-layout-flow\">\n<figure class=\"wp-block-image size-full is-resized\"><a href=\"https:\/\/reticularfilms.com\/en\/ficcion-degenerada\/\"><img loading=\"lazy\" decoding=\"async\" src=\"http:\/\/reticularfilms.com\/wp-content\/uploads\/2022\/09\/1eaa15_15a1bf5bc46c4edda75bea9db0d3904cmv2-edited-1.jpg\" alt=\"\" class=\"wp-image-168\" width=\"517\" height=\"366\" srcset=\"https:\/\/reticularfilms.com\/wp-content\/uploads\/2022\/09\/1eaa15_15a1bf5bc46c4edda75bea9db0d3904cmv2-edited-1.jpg 471w, https:\/\/reticularfilms.com\/wp-content\/uploads\/2022\/09\/1eaa15_15a1bf5bc46c4edda75bea9db0d3904cmv2-edited-1-300x212.jpg 300w, https:\/\/reticularfilms.com\/wp-content\/uploads\/2022\/09\/1eaa15_15a1bf5bc46c4edda75bea9db0d3904cmv2-edited-1-127x90.jpg 127w\" sizes=\"auto, (max-width: 517px) 100vw, 517px\" \/><\/a><\/figure>\n<\/div>\n\n\n\n<div class=\"wp-block-column is-layout-flow wp-block-column-is-layout-flow\">\n<h3 class=\"wp-block-heading\">Degenerated Fiction<\/h3>\n\n\n\n<h6 class=\"wp-block-heading\">by Jada Sirkin<\/h6>\n\n\n\n<p>Experiences (the aesthetic ones, the other ones) come to us packaged in what we call genres and sub-genres. The classifying label tells us what to expect, prepares us to laugh or to cry \u2014or to laugh and cry.<\/p>\n\n\n\n<h5 class=\"wp-block-heading\"><a href=\"https:\/\/reticularfilms.com\/en\/ficcion-degenerada\/\" title=\"Read\">Read<\/a><\/h5>\n<\/div>\n<\/div>","protected":false},"excerpt":{"rendered":"<p>El v\u00ednculo como un problema est\u00e9tico por Jada Sirkin Si la est\u00e9tica Hollywood es el modo arquet\u00edpico de vincularnos, \u00bfde qu\u00e9 otros modos podemos vivir y filmar? \u00bfDe qu\u00e9 otros modos podemos relacionarnos? Leer \u00bfPor qu\u00e9 \u00abMutual appreciation\u00bb es una pel\u00edcula importante? por Jada Sirkin La narraci\u00f3n no fuerza a su personaje a sentir una &hellip;<\/p>\n<p class=\"read-more\"> <a class=\"\" href=\"https:\/\/reticularfilms.com\/en\/articulos-2\/\"> <span class=\"screen-reader-text\">Articles<\/span> Read More &raquo;<\/a><\/p>","protected":false},"author":1,"featured_media":0,"parent":0,"menu_order":0,"comment_status":"closed","ping_status":"closed","template":"","meta":{"site-sidebar-layout":"default","site-content-layout":"default","ast-global-header-display":"","ast-main-header-display":"","ast-hfb-above-header-display":"","ast-hfb-below-header-display":"","ast-hfb-mobile-header-display":"","site-post-title":"","ast-breadcrumbs-content":"","ast-featured-img":"","footer-sml-layout":"","theme-transparent-header-meta":"","adv-header-id-meta":"","stick-header-meta":"","header-above-stick-meta":"","header-main-stick-meta":"","header-below-stick-meta":"","footnotes":""},"class_list":["post-599","page","type-page","status-publish","hentry"],"aioseo_notices":[],"uagb_featured_image_src":{"full":false,"thumbnail":false,"medium":false,"medium_large":false,"large":false,"1536x1536":false,"2048x2048":false,"trp-custom-language-flag":false,"woocommerce_thumbnail":false,"woocommerce_single":false,"woocommerce_gallery_thumbnail":false,"eh_logo_image_size":false,"eh_header_image_size":false},"uagb_author_info":{"display_name":"reticularfilms","author_link":"https:\/\/reticularfilms.com\/en\/author\/reticularfilms\/"},"uagb_comment_info":0,"uagb_excerpt":"El v\u00ednculo como un problema est\u00e9tico por Jada Sirkin Si la est\u00e9tica Hollywood es el modo arquet\u00edpico de vincularnos, \u00bfde qu\u00e9 otros modos podemos vivir y filmar? \u00bfDe qu\u00e9 otros modos podemos relacionarnos? Leer \u00bfPor qu\u00e9 \u00abMutual appreciation\u00bb es una pel\u00edcula importante? por Jada Sirkin La narraci\u00f3n no fuerza a su personaje a sentir una&hellip;","_links":{"self":[{"href":"https:\/\/reticularfilms.com\/en\/wp-json\/wp\/v2\/pages\/599","targetHints":{"allow":["GET"]}}],"collection":[{"href":"https:\/\/reticularfilms.com\/en\/wp-json\/wp\/v2\/pages"}],"about":[{"href":"https:\/\/reticularfilms.com\/en\/wp-json\/wp\/v2\/types\/page"}],"author":[{"embeddable":true,"href":"https:\/\/reticularfilms.com\/en\/wp-json\/wp\/v2\/users\/1"}],"replies":[{"embeddable":true,"href":"https:\/\/reticularfilms.com\/en\/wp-json\/wp\/v2\/comments?post=599"}],"version-history":[{"count":11,"href":"https:\/\/reticularfilms.com\/en\/wp-json\/wp\/v2\/pages\/599\/revisions"}],"predecessor-version":[{"id":621,"href":"https:\/\/reticularfilms.com\/en\/wp-json\/wp\/v2\/pages\/599\/revisions\/621"}],"wp:attachment":[{"href":"https:\/\/reticularfilms.com\/en\/wp-json\/wp\/v2\/media?parent=599"}],"curies":[{"name":"wp","href":"https:\/\/api.w.org\/{rel}","templated":true}]}}