{"id":666,"date":"2023-02-06T14:17:16","date_gmt":"2023-02-06T14:17:16","guid":{"rendered":"https:\/\/reticularfilms.com\/?page_id=666"},"modified":"2023-02-18T16:32:11","modified_gmt":"2023-02-18T16:32:11","slug":"entrenamiento-actoral","status":"publish","type":"page","link":"https:\/\/reticularfilms.com\/en\/entrenamiento-actoral\/","title":{"rendered":"Entrenamiento Actoral"},"content":{"rendered":"<figure class=\"wp-block-image size-large is-resized\"><a href=\"https:\/\/reticularfilms.com\/wp-content\/uploads\/2023\/02\/Flyer-Entrenamiento-Actoral.jpeg\"><img loading=\"lazy\" decoding=\"async\" src=\"https:\/\/reticularfilms.com\/wp-content\/uploads\/2023\/02\/Flyer-Entrenamiento-Actoral-1024x1024.jpeg\" alt=\"\" class=\"wp-image-667\" width=\"375\" height=\"375\" srcset=\"https:\/\/reticularfilms.com\/wp-content\/uploads\/2023\/02\/Flyer-Entrenamiento-Actoral-1024x1024.jpeg 1024w, https:\/\/reticularfilms.com\/wp-content\/uploads\/2023\/02\/Flyer-Entrenamiento-Actoral-300x300.jpeg 300w, https:\/\/reticularfilms.com\/wp-content\/uploads\/2023\/02\/Flyer-Entrenamiento-Actoral-150x150.jpeg 150w, https:\/\/reticularfilms.com\/wp-content\/uploads\/2023\/02\/Flyer-Entrenamiento-Actoral-768x768.jpeg 768w, https:\/\/reticularfilms.com\/wp-content\/uploads\/2023\/02\/Flyer-Entrenamiento-Actoral-12x12.jpeg 12w, https:\/\/reticularfilms.com\/wp-content\/uploads\/2023\/02\/Flyer-Entrenamiento-Actoral-600x600.jpeg 600w, https:\/\/reticularfilms.com\/wp-content\/uploads\/2023\/02\/Flyer-Entrenamiento-Actoral-100x100.jpeg 100w, https:\/\/reticularfilms.com\/wp-content\/uploads\/2023\/02\/Flyer-Entrenamiento-Actoral-90x90.jpeg 90w, https:\/\/reticularfilms.com\/wp-content\/uploads\/2023\/02\/Flyer-Entrenamiento-Actoral.jpeg 1080w\" sizes=\"auto, (max-width: 375px) 100vw, 375px\" \/><\/a><\/figure>\n\n\n\n<p>Empieza en ABRIL<br><strong>S\u00e1bados de 10,30 a 13,30 hs<\/strong><br>(Si no pod\u00e9s en ese horario, contame que tal vez se arma otro horario)<br>En <strong>Vicente L\u00f3pez<\/strong><br>(a unas cuadras de la estaci\u00f3n de tren Vicente L\u00f3pez, cerca de Pte. Saavedra).<\/p>\n\n\n\n<p>Entrenar la actuaci\u00f3n es crear disponibilidad, afilar la escucha, desarrollar sensibilidad, inteligencia pre-narrativa, dilatar el tejido de la personalidad para posibilitar encuentros insospechados con el Misterio. Antes que vivir situaciones, vivimos. \u00a1Estamos vivxs! La actuaci\u00f3n es el estallido de ese reconocimiento: \u00a1estamos vivxs! \u00bfDe qu\u00e9 se trata todo esto? Tener un cuerpo, experimentar emociones, relacionarnos, cantar, bailar. Actuar es descansar en esa picard\u00eda que nos da el asombro ante el hecho rotundo de que estamos vivxs. Actuar es reconocer el espacio enorme que tenemos para jugar con lo que somos. Actuar es reconocer que la vida cotidiana es un musical disimulado. Actuar es saborear cada gesto como un elemento indispensable en la coreograf\u00eda del mundo.<\/p>\n\n\n\n<p>La propuesta es investigar, probar, fallar, pasarse, relajar la expresi\u00f3n, liberar a la actuaci\u00f3n de la obligaci\u00f3n de narrar. Hay trucos, t\u00e9cnicas, formas de practicar; pero en el fondo no sabemos c\u00f3mo se hace \u2014intentamos negociaciones con lo imposible de conocer. El arte no puede tener f\u00f3rmula, no podemos saber actuar, a lo sumo entrenamos una disponibilidad, la exploraci\u00f3n es constante. Esc\u00e1ndalo. Fingir para dejar de fingir. Presencia estallada. Respiraci\u00f3n. Mirada. Ritmo. Texto. Di\u00e1logo. Contacto. Intimidad. Leemos y reflexionamos. Vemos pel\u00edculas y nos preguntamos c\u00f3mo lo hacen. Nos grabamos y decimos: esto est\u00e1 de m\u00e1s, pero eso otro es un milagro. La c\u00e1mara ve lo que no vemos. El cuerpo intenta seducir a la m\u00e1quina en un lenguaje que no comprende. Azar. Dislocamos la dualidad control-descontrol. Algo act\u00faa en nosotrxs. Armamos escenas, la ficci\u00f3n es un contexto para la torsi\u00f3n po\u00e9tica. \u00bfQu\u00e9 nos pasa con la mirada? Usamos la mirada para dejarnos mover. El tiempo se desteje. La actuaci\u00f3n como una pr\u00e1ctica existencial. Ceremonia. Deseo. Juego. Celebraci\u00f3n.<\/p>\n\n\n\n<p><strong>Coordina<\/strong>: Jada Sirkin (actor\/director)<br>Co-fundador\/director de RETICULAR films<br>Director de las pel\u00edculas Escenas de una fiesta rota y Todo va a estar bien, de la miniserie Adentro de mil a\u00f1os y de la serie TRAMA<\/p>\n\n\n\n<p><strong>Consultas e inscripci\u00f3n<\/strong>: jadasirkin@gmail.com \/ wh: 1133340602<br>Con entrevista previa<\/p>\n\n\n\n<p>Se agradece mucho la difusi\u00f3n!!!!<\/p>","protected":false},"excerpt":{"rendered":"<p>Empieza en ABRILS\u00e1bados de 10,30 a 13,30 hs(Si no pod\u00e9s en ese horario, contame que tal vez se arma otro horario)En Vicente L\u00f3pez(a unas cuadras de la estaci\u00f3n de tren Vicente L\u00f3pez, cerca de Pte. Saavedra). Entrenar la actuaci\u00f3n es crear disponibilidad, afilar la escucha, desarrollar sensibilidad, inteligencia pre-narrativa, dilatar el tejido de la personalidad &hellip;<\/p>\n<p class=\"read-more\"> <a class=\"\" href=\"https:\/\/reticularfilms.com\/en\/entrenamiento-actoral\/\"> <span class=\"screen-reader-text\">Entrenamiento Actoral<\/span> Read More &raquo;<\/a><\/p>","protected":false},"author":1,"featured_media":0,"parent":0,"menu_order":0,"comment_status":"closed","ping_status":"closed","template":"","meta":{"site-sidebar-layout":"default","site-content-layout":"default","ast-global-header-display":"","ast-main-header-display":"","ast-hfb-above-header-display":"","ast-hfb-below-header-display":"","ast-hfb-mobile-header-display":"","site-post-title":"","ast-breadcrumbs-content":"","ast-featured-img":"","footer-sml-layout":"","theme-transparent-header-meta":"","adv-header-id-meta":"","stick-header-meta":"","header-above-stick-meta":"","header-main-stick-meta":"","header-below-stick-meta":"","footnotes":""},"class_list":["post-666","page","type-page","status-publish","hentry"],"aioseo_notices":[],"uagb_featured_image_src":{"full":false,"thumbnail":false,"medium":false,"medium_large":false,"large":false,"1536x1536":false,"2048x2048":false,"trp-custom-language-flag":false,"woocommerce_thumbnail":false,"woocommerce_single":false,"woocommerce_gallery_thumbnail":false,"eh_logo_image_size":false,"eh_header_image_size":false},"uagb_author_info":{"display_name":"reticularfilms","author_link":"https:\/\/reticularfilms.com\/en\/author\/reticularfilms\/"},"uagb_comment_info":0,"uagb_excerpt":"Empieza en ABRILS\u00e1bados de 10,30 a 13,30 hs(Si no pod\u00e9s en ese horario, contame que tal vez se arma otro horario)En Vicente L\u00f3pez(a unas cuadras de la estaci\u00f3n de tren Vicente L\u00f3pez, cerca de Pte. Saavedra). Entrenar la actuaci\u00f3n es crear disponibilidad, afilar la escucha, desarrollar sensibilidad, inteligencia pre-narrativa, dilatar el tejido de la personalidad&hellip;","_links":{"self":[{"href":"https:\/\/reticularfilms.com\/en\/wp-json\/wp\/v2\/pages\/666","targetHints":{"allow":["GET"]}}],"collection":[{"href":"https:\/\/reticularfilms.com\/en\/wp-json\/wp\/v2\/pages"}],"about":[{"href":"https:\/\/reticularfilms.com\/en\/wp-json\/wp\/v2\/types\/page"}],"author":[{"embeddable":true,"href":"https:\/\/reticularfilms.com\/en\/wp-json\/wp\/v2\/users\/1"}],"replies":[{"embeddable":true,"href":"https:\/\/reticularfilms.com\/en\/wp-json\/wp\/v2\/comments?post=666"}],"version-history":[{"count":3,"href":"https:\/\/reticularfilms.com\/en\/wp-json\/wp\/v2\/pages\/666\/revisions"}],"predecessor-version":[{"id":691,"href":"https:\/\/reticularfilms.com\/en\/wp-json\/wp\/v2\/pages\/666\/revisions\/691"}],"wp:attachment":[{"href":"https:\/\/reticularfilms.com\/en\/wp-json\/wp\/v2\/media?parent=666"}],"curies":[{"name":"wp","href":"https:\/\/api.w.org\/{rel}","templated":true}]}}