{"id":682,"date":"2023-02-18T16:17:24","date_gmt":"2023-02-18T16:17:24","guid":{"rendered":"https:\/\/reticularfilms.com\/?page_id=682"},"modified":"2023-12-15T14:12:46","modified_gmt":"2023-12-15T14:12:46","slug":"el-espectador-inquieto","status":"publish","type":"page","link":"https:\/\/reticularfilms.com\/en\/el-espectador-inquieto\/","title":{"rendered":"El Espectador Inquieto"},"content":{"rendered":"<figure class=\"wp-block-image size-large\"><a href=\"http:\/\/reticularfilms.com\/wp-content\/uploads\/2023\/04\/EI-Banner-4-recortado.jpg\"><img loading=\"lazy\" decoding=\"async\" width=\"1024\" height=\"236\" src=\"http:\/\/reticularfilms.com\/wp-content\/uploads\/2023\/04\/EI-Banner-4-recortado-1024x236.jpg\" alt=\"\" class=\"wp-image-738\" srcset=\"https:\/\/reticularfilms.com\/wp-content\/uploads\/2023\/04\/EI-Banner-4-recortado-1024x236.jpg 1024w, https:\/\/reticularfilms.com\/wp-content\/uploads\/2023\/04\/EI-Banner-4-recortado-300x69.jpg 300w, https:\/\/reticularfilms.com\/wp-content\/uploads\/2023\/04\/EI-Banner-4-recortado-768x177.jpg 768w, https:\/\/reticularfilms.com\/wp-content\/uploads\/2023\/04\/EI-Banner-4-recortado-18x4.jpg 18w, https:\/\/reticularfilms.com\/wp-content\/uploads\/2023\/04\/EI-Banner-4-recortado-600x138.jpg 600w, https:\/\/reticularfilms.com\/wp-content\/uploads\/2023\/04\/EI-Banner-4-recortado-190x44.jpg 190w, https:\/\/reticularfilms.com\/wp-content\/uploads\/2023\/04\/EI-Banner-4-recortado-391x90.jpg 391w, https:\/\/reticularfilms.com\/wp-content\/uploads\/2023\/04\/EI-Banner-4-recortado.jpg 1280w\" sizes=\"auto, (max-width: 1024px) 100vw, 1024px\" \/><\/a><\/figure>\n\n\n\n<div style=\"height:28px\" aria-hidden=\"true\" class=\"wp-block-spacer\"><\/div>\n\n\n\n<h4 class=\"wp-block-heading has-text-align-center\"><a href=\"#podcast\">Podcast<\/a> | <a href=\"https:\/\/reticularfilms.com\/en\/club-inquieto\/\">Club inquieto<\/a> <a href=\"https:\/\/reticularfilms.com\/wp-admin\/post.php?post=682&amp;action=edit#canalyoutube\">|<\/a> <a href=\"#youtube\">YouTube<\/a> <a href=\"https:\/\/reticularfilms.com\/wp-admin\/post.php?post=682&amp;action=edit#canalyoutube\">|<\/a> <a href=\"https:\/\/reticularfilms.com\/en\/libroespectador\/\">Book (ONLY SPANISH)<\/a><\/h4>\n\n\n\n<div style=\"height:49px\" aria-hidden=\"true\" class=\"wp-block-spacer\"><\/div>\n\n\n\n<p><em>El Espectador Inquieto<\/em> es la rama pedag\u00f3gica de RETICULAR films. Se compone de un <a href=\"#podcast\">podcast<\/a>, un <a href=\"https:\/\/reticularfilms.com\/en\/club-inquieto\/\" target=\"_blank\" rel=\"noopener\">club<\/a> donde se comparten algunos textos y pel\u00edculas mencionados en el podcast, una secci\u00f3n de <a href=\"https:\/\/reticularfilms.com\/en\/articulos\/\" target=\"_blank\" rel=\"noopener\">art\u00edculos<\/a>, un curso online y un <a href=\"https:\/\/www.youtube.com\/channel\/UCbQ5p6uqLPKjlOkjkjr2zKg\" target=\"_blank\" rel=\"noopener\">canal de youtube<\/a>.<\/p>\n\n\n\n<p>Siempre fui un espectador inquieto. No me alcanza con sentarme en la butaca y sumergirme en el viaje de la narraci\u00f3n. C\u00f3mo nos relacionamos con las pel\u00edculas equivale a c\u00f3mo nos relacionamos con la vida. \u00bfPor qu\u00e9 nos gusta tanto que el cine \u201cnos atrape\u201d? \u00bfPor qu\u00e9 valoramos tanto la \u201cidentificaci\u00f3n\u201d con el h\u00e9roe? Cine y filosof\u00eda se unen para explorar el proceso de emancipaci\u00f3n perceptiva por el que nos vamos liberando de lo que llamo \u201cla est\u00e9tica del ego\u201d (esa sensibilidad\/inteligencia que s\u00f3lo nos sirve para sobrevivir). El cine, por ser un dispositivo tan perfecto para la domesticaci\u00f3n perceptiva cultural, tambi\u00e9n es una herramienta que puede servir a la liberaci\u00f3n de nuestra sensibilidad\/inteligencia. Por eso, te invito a mirar de modos m\u00e1s inquietos. Hablamos de cine, hablamos de la vida como un proceso est\u00e9tico. No se trata de dejar de disfrutar las pel\u00edculas, sino de disfrutarlas de modos m\u00e1s variados. Jugar con las formas de mirar es renovar las formas de vivir. <br><br>Jada Sirkin<\/p>\n\n\n\n<p>En el <a href=\"https:\/\/reticularfilms.com\/en\/club-inquieto\/\">CLUB INQUIETO<\/a> encontrar\u00e1s algunos de los materiales (pel\u00edculas, textos) de los que hablo en el podcast.<\/p>\n\n\n\n<hr class=\"wp-block-separator has-alpha-channel-opacity is-style-wide\"\/>\n\n\n\n<div style=\"height:32px\" aria-hidden=\"true\" class=\"wp-block-spacer\"><\/div>\n\n\n\n<h3 class=\"wp-block-heading\" id=\"podcast\">Podcast<\/h3>\n\n\n\n<figure class=\"wp-block-embed is-type-rich is-provider-spotify wp-block-embed-spotify wp-embed-aspect-21-9 wp-has-aspect-ratio\"><div class=\"wp-block-embed__wrapper\">\n<iframe title=\"Spotify Embed: Ep. 9 - LA MONTA\u00d1A (con Dama David)\" style=\"border-radius: 12px\" width=\"100%\" height=\"152\" frameborder=\"0\" allowfullscreen allow=\"autoplay; clipboard-write; encrypted-media; fullscreen; picture-in-picture\" loading=\"lazy\" src=\"https:\/\/open.spotify.com\/embed\/episode\/75ynDM10HWL1S4vJkrJB06?si=daa3de26d53749b0&#038;utm_source=oembed\"><\/iframe>\n<\/div><\/figure>\n\n\n\n<figure class=\"wp-block-embed is-type-rich is-provider-spotify wp-block-embed-spotify wp-embed-aspect-21-9 wp-has-aspect-ratio\"><div class=\"wp-block-embed__wrapper\">\n<iframe title=\"Spotify Embed: Ep. 8 - LA NI\u00d1A SANTA (con Juan Velis)\" style=\"border-radius: 12px\" width=\"100%\" height=\"152\" frameborder=\"0\" allowfullscreen allow=\"autoplay; clipboard-write; encrypted-media; fullscreen; picture-in-picture\" loading=\"lazy\" src=\"https:\/\/open.spotify.com\/embed\/episode\/73GaISMmhmtRmdEPyEIXx0?si=0a6ee333a43a422b&#038;utm_source=oembed\"><\/iframe>\n<\/div><\/figure>\n\n\n\n<figure class=\"wp-block-embed is-type-rich is-provider-spotify wp-block-embed-spotify wp-embed-aspect-21-9 wp-has-aspect-ratio\"><div class=\"wp-block-embed__wrapper\">\n<iframe title=\"Spotify Embed: Ep. 7 - CON \u00c1NIMO DE AMAR (El v\u00ednculo como un problema est\u00e9tico #2)\" style=\"border-radius: 12px\" width=\"100%\" height=\"152\" frameborder=\"0\" allowfullscreen allow=\"autoplay; clipboard-write; encrypted-media; fullscreen; picture-in-picture\" loading=\"lazy\" src=\"https:\/\/open.spotify.com\/embed\/episode\/2iwoY3QV8EizjWFab544qP?si=bf5e45548e874e30&#038;utm_source=oembed\"><\/iframe>\n<\/div><\/figure>\n\n\n\n<figure class=\"wp-block-embed is-type-rich is-provider-spotify wp-block-embed-spotify wp-embed-aspect-21-9 wp-has-aspect-ratio\"><div class=\"wp-block-embed__wrapper\">\n<iframe title=\"Spotify Embed: Ep. 6 - Mi experiencia con LOS FABELMANS\" style=\"border-radius: 12px\" width=\"100%\" height=\"152\" frameborder=\"0\" allowfullscreen allow=\"autoplay; clipboard-write; encrypted-media; fullscreen; picture-in-picture\" loading=\"lazy\" src=\"https:\/\/open.spotify.com\/embed\/episode\/2H85KZzycFK3bKZL7QT6Gi?si=8673fd1003c04c27&#038;utm_source=oembed\"><\/iframe>\n<\/div><\/figure>\n\n\n\n<figure class=\"wp-block-embed is-type-rich is-provider-spotify wp-block-embed-spotify wp-embed-aspect-21-9 wp-has-aspect-ratio\"><div class=\"wp-block-embed__wrapper\">\n<iframe title=\"Spotify Embed: Ep. 5 - Refrescar la mirada, emancipar la percepci\u00f3n\" style=\"border-radius: 12px\" width=\"100%\" height=\"152\" frameborder=\"0\" allowfullscreen allow=\"autoplay; clipboard-write; encrypted-media; fullscreen; picture-in-picture\" loading=\"lazy\" src=\"https:\/\/open.spotify.com\/embed\/episode\/5nQHLhU5zkYGcDFqtB3Um2?si=yBwsC6FOT7mQEGuzz8OPkg&#038;utm_source=oembed\"><\/iframe>\n<\/div><\/figure>\n\n\n\n<figure class=\"wp-block-embed is-type-rich is-provider-spotify wp-block-embed-spotify wp-embed-aspect-21-9 wp-has-aspect-ratio\"><div class=\"wp-block-embed__wrapper\">\n<iframe title=\"Spotify Embed: Ep. 4 - MUTUAL APPRECIATION (El v\u00ednculo como un problema est\u00e9tico #1)\" style=\"border-radius: 12px\" width=\"100%\" height=\"152\" frameborder=\"0\" allowfullscreen allow=\"autoplay; clipboard-write; encrypted-media; fullscreen; picture-in-picture\" loading=\"lazy\" src=\"https:\/\/open.spotify.com\/embed\/episode\/1vLroSc6LVl3j6z314smzJ?si=EAU9hcTJQmODJ1xPvvepdA&#038;utm_source=oembed\"><\/iframe>\n<\/div><\/figure>\n\n\n\n<figure class=\"wp-block-embed is-type-rich is-provider-spotify wp-block-embed-spotify wp-embed-aspect-21-9 wp-has-aspect-ratio\"><div class=\"wp-block-embed__wrapper\">\n<iframe title=\"Spotify Embed: Ep. 3 \u2013 LOS HUMANOS vs LA BALLENA (y algo de Fito)\" style=\"border-radius: 12px\" width=\"100%\" height=\"152\" frameborder=\"0\" allowfullscreen allow=\"autoplay; clipboard-write; encrypted-media; fullscreen; picture-in-picture\" loading=\"lazy\" src=\"https:\/\/open.spotify.com\/embed\/episode\/4SLoFJve8PhEnQRaU2797X?si=Zmvz8Bv1RCSz5cNP6vGA1g&#038;utm_source=oembed\"><\/iframe>\n<\/div><\/figure>\n\n\n\n<figure class=\"wp-block-embed is-type-rich is-provider-spotify wp-block-embed-spotify wp-embed-aspect-21-9 wp-has-aspect-ratio\"><div class=\"wp-block-embed__wrapper\">\n<iframe title=\"Spotify Embed: Ep. 2 - \u00bfPor qu\u00e9 tantas de buenos y malos?\" style=\"border-radius: 12px\" width=\"100%\" height=\"152\" frameborder=\"0\" allowfullscreen allow=\"autoplay; clipboard-write; encrypted-media; fullscreen; picture-in-picture\" loading=\"lazy\" src=\"https:\/\/open.spotify.com\/embed\/episode\/61Fwa7pcij72vE4zTfJqRG?si=t5f7dvNURmyizsysBtqjWA&#038;utm_source=oembed\"><\/iframe>\n<\/div><\/figure>\n\n\n\n<iframe loading=\"lazy\" style=\"border-radius:12px\" src=\"https:\/\/open.spotify.com\/embed\/episode\/4YaKW8WH9jEQXvaTssm8T6?utm_source=generator\" width=\"100%\" height=\"152\" frameborder=\"0\" allowfullscreen=\"\" allow=\"autoplay; clipboard-write; encrypted-media; fullscreen; picture-in-picture\"><\/iframe>\n\n\n\n<p><a href=\"https:\/\/open.spotify.com\/show\/5gzg73bwrxQFKEqlHxjwIP?si=531179b67bd8446f\">Escuchar en SPOTIFY<\/a><\/p>\n\n\n\n<div style=\"height:54px\" aria-hidden=\"true\" class=\"wp-block-spacer\"><\/div>\n\n\n\n<hr class=\"wp-block-separator has-alpha-channel-opacity is-style-wide\"\/>\n\n\n\n<div style=\"height:36px\" aria-hidden=\"true\" id=\"youtube\" class=\"wp-block-spacer\"><\/div>\n\n\n\n<h3 class=\"wp-block-heading\" id=\"canalyoutube\">Canal de Youtube<\/h3>\n\n\n\n<figure class=\"wp-block-embed is-type-video is-provider-youtube wp-block-embed-youtube wp-embed-aspect-16-9 wp-has-aspect-ratio\"><div class=\"wp-block-embed__wrapper\">\n<div class=\"ast-oembed-container\" style=\"height: 100%;\"><iframe loading=\"lazy\" title=\"\u00bfCua\u0301l es la ESCENA ma\u0301s IMPORTANTE (y PELIGROSA) de HOLLYWOOD?\" width=\"500\" height=\"281\" src=\"https:\/\/www.youtube.com\/embed\/oD-vRhvlbnk?start=2&#038;feature=oembed\" frameborder=\"0\" allow=\"accelerometer; autoplay; clipboard-write; encrypted-media; gyroscope; picture-in-picture; web-share\" referrerpolicy=\"strict-origin-when-cross-origin\" allowfullscreen><\/iframe><\/div>\n<\/div><figcaption class=\"wp-element-caption\"><strong>\u00daltimo video del canal<\/strong><\/figcaption><\/figure>\n\n\n\n<p><a href=\"https:\/\/www.youtube.com\/@elespectadorinquieto\">Ir al CANAL<\/a><\/p>","protected":false},"excerpt":{"rendered":"<p>Podcast | Club inquieto | YouTube | Libro El Espectador Inquieto es la rama pedag\u00f3gica de RETICULAR films. Se compone de un podcast, un club donde se comparten algunos textos y pel\u00edculas mencionados en el podcast, una secci\u00f3n de art\u00edculos, un curso online y un canal de youtube. Siempre fui un espectador inquieto. No me &hellip;<\/p>\n<p class=\"read-more\"> <a class=\"\" href=\"https:\/\/reticularfilms.com\/en\/el-espectador-inquieto\/\"> <span class=\"screen-reader-text\">El Espectador Inquieto<\/span> Read More &raquo;<\/a><\/p>","protected":false},"author":1,"featured_media":0,"parent":0,"menu_order":0,"comment_status":"closed","ping_status":"closed","template":"","meta":{"site-sidebar-layout":"default","site-content-layout":"default","ast-global-header-display":"","ast-main-header-display":"","ast-hfb-above-header-display":"","ast-hfb-below-header-display":"","ast-hfb-mobile-header-display":"","site-post-title":"disabled","ast-breadcrumbs-content":"","ast-featured-img":"","footer-sml-layout":"","theme-transparent-header-meta":"","adv-header-id-meta":"","stick-header-meta":"","header-above-stick-meta":"","header-main-stick-meta":"","header-below-stick-meta":"","footnotes":""},"class_list":["post-682","page","type-page","status-publish","hentry"],"aioseo_notices":[],"uagb_featured_image_src":{"full":false,"thumbnail":false,"medium":false,"medium_large":false,"large":false,"1536x1536":false,"2048x2048":false,"trp-custom-language-flag":false,"woocommerce_thumbnail":false,"woocommerce_single":false,"woocommerce_gallery_thumbnail":false,"eh_logo_image_size":false,"eh_header_image_size":false},"uagb_author_info":{"display_name":"reticularfilms","author_link":"https:\/\/reticularfilms.com\/en\/author\/reticularfilms\/"},"uagb_comment_info":0,"uagb_excerpt":"Podcast | Club inquieto | YouTube | Libro El Espectador Inquieto es la rama pedag\u00f3gica de RETICULAR films. Se compone de un podcast, un club donde se comparten algunos textos y pel\u00edculas mencionados en el podcast, una secci\u00f3n de art\u00edculos, un curso online y un canal de youtube. Siempre fui un espectador inquieto. No me&hellip;","_links":{"self":[{"href":"https:\/\/reticularfilms.com\/en\/wp-json\/wp\/v2\/pages\/682","targetHints":{"allow":["GET"]}}],"collection":[{"href":"https:\/\/reticularfilms.com\/en\/wp-json\/wp\/v2\/pages"}],"about":[{"href":"https:\/\/reticularfilms.com\/en\/wp-json\/wp\/v2\/types\/page"}],"author":[{"embeddable":true,"href":"https:\/\/reticularfilms.com\/en\/wp-json\/wp\/v2\/users\/1"}],"replies":[{"embeddable":true,"href":"https:\/\/reticularfilms.com\/en\/wp-json\/wp\/v2\/comments?post=682"}],"version-history":[{"count":28,"href":"https:\/\/reticularfilms.com\/en\/wp-json\/wp\/v2\/pages\/682\/revisions"}],"predecessor-version":[{"id":1411,"href":"https:\/\/reticularfilms.com\/en\/wp-json\/wp\/v2\/pages\/682\/revisions\/1411"}],"wp:attachment":[{"href":"https:\/\/reticularfilms.com\/en\/wp-json\/wp\/v2\/media?parent=682"}],"curies":[{"name":"wp","href":"https:\/\/api.w.org\/{rel}","templated":true}]}}