{"id":779,"date":"2023-04-19T17:54:33","date_gmt":"2023-04-19T17:54:33","guid":{"rendered":"https:\/\/reticularfilms.com\/?page_id=779"},"modified":"2023-11-25T15:13:50","modified_gmt":"2023-11-25T15:13:50","slug":"the-alley","status":"publish","type":"page","link":"https:\/\/reticularfilms.com\/en\/trama\/the-alley\/","title":{"rendered":"The alley"},"content":{"rendered":"<div style=\"position:relative;padding-top:56.25%;\"><iframe src=\"https:\/\/iframe.mediadelivery.net\/embed\/174645\/5b7a6654-759f-4e19-afdb-175aa7318f2c?autoplay=false&#038;loop=false&#038;muted=false&#038;preload=true\" loading=\"lazy\" style=\"border:0;position:absolute;top:0;height:100%;width:100%;\" allow=\"accelerometer;gyroscope;autoplay;encrypted-media;picture-in-picture;\" allowfullscreen=\"true\"><\/iframe><\/div>\n\n\n\n<h5 class=\"wp-block-heading has-text-align-right\"><a href=\"https:\/\/reticularfilms.com\/en\/trama\/\">Back to episodes<\/a><\/h5>\n\n\n\n<p class=\"has-ast-global-color-5-color has-ast-global-color-0-background-color has-text-color has-background\"><strong>PAY WHAT YOU CAN<\/strong><br>TRAMA is a pay what you can project (voluntary contribution). Thanks to your contribution we can continue creating<\/p>\n\n\n\n<p class=\"has-background\" style=\"background-color:#ddd9d9\"><a href=\"https:\/\/reticularfilms.com\/en\/donar\/\">CONTRIBUTE HERE<\/a><\/p>\n\n\n\n<div style=\"height:44px\" aria-hidden=\"true\" class=\"wp-block-spacer\"><\/div>\n\n\n\n<hr class=\"wp-block-separator aligncenter has-alpha-channel-opacity is-style-wide\"\/>\n\n\n\n<div style=\"height:36px\" aria-hidden=\"true\" class=\"wp-block-spacer\"><\/div>\n\n\n\n<h3 class=\"wp-block-heading\">The alley<\/h3>\n\n\n\n<p>Sara is a young Venezuelan woman living in Vancouver and working as a house cleaner. Max has nowhere to live so she invites him to spend a few days in her cave, work with her and go on a fast. They meet a sketch artist. Max walks.<\/p>\n\n\n\n<p><strong>Running time<\/strong>: 60 min.<br><strong>Language<\/strong>: Spanish\/English<br><strong>Subtitles<\/strong>: Spanish\/English (Turn them on with the button CC)<br>Recommended watching in HD<\/p>\n\n\n\n<p><strong>With<\/strong>: Dama David, Polilovee, Rebecca Seary, Beth Dempster, Aram Larsen, Randy, Karen Pitkethly<br><strong>Script<\/strong>: Dama David, Polilovee, Rebecca Seary, Jada Sirkin<br><strong>Direction, production, editing<\/strong>: Jada Sirkin, Dama David<br><strong>Camera and color<\/strong>: Jada Sirkin<br><strong>Direct sound<\/strong>: Dama David, Jada Sirkin<br><strong>Drone<\/strong>: Crist\u00f3bal David <br><strong>Drawings<\/strong>: Rebecca Seary, Aram Larsen<br><strong>Sound post production<\/strong>: Zub sonido &#8211; Emiliano Biai\u00f1, Marcos Zoppi, Facundo de Vedia<br><strong>Transcription and translation<\/strong>: Clemente Felmer<br><strong>Original music<\/strong>: Juli\u00e1n Romero<\/p>\n\n\n\n<p><a href=\"https:\/\/reticularfilms.com\/en\/trama\/\">Back to episodes<\/a><\/p>","protected":false},"excerpt":{"rendered":"<p>Volver a episodios PAGA LO QUE PUEDASTRAMA es un proyecto a la gorra (contribuci\u00f3n voluntaria). Gracias a tu aporte podemos seguir creando. CONTRIBUIR AQU\u00cd El callej\u00f3n Sara es una joven venezolana que vive en Vancouver y limpia casas. Max, no tiene d\u00f3nde vivir y ella lo invita a pasar unos d\u00edas en su cueva, a &hellip;<\/p>\n<p class=\"read-more\"> <a class=\"\" href=\"https:\/\/reticularfilms.com\/en\/trama\/the-alley\/\"> <span class=\"screen-reader-text\">The alley<\/span> Read More &raquo;<\/a><\/p>","protected":false},"author":1,"featured_media":0,"parent":750,"menu_order":0,"comment_status":"closed","ping_status":"closed","template":"","meta":{"site-sidebar-layout":"default","site-content-layout":"default","ast-global-header-display":"","ast-main-header-display":"","ast-hfb-above-header-display":"","ast-hfb-below-header-display":"","ast-hfb-mobile-header-display":"","site-post-title":"","ast-breadcrumbs-content":"","ast-featured-img":"","footer-sml-layout":"","theme-transparent-header-meta":"","adv-header-id-meta":"","stick-header-meta":"","header-above-stick-meta":"","header-main-stick-meta":"","header-below-stick-meta":"","footnotes":""},"class_list":["post-779","page","type-page","status-publish","hentry"],"aioseo_notices":[],"uagb_featured_image_src":{"full":false,"thumbnail":false,"medium":false,"medium_large":false,"large":false,"1536x1536":false,"2048x2048":false,"trp-custom-language-flag":false,"woocommerce_thumbnail":false,"woocommerce_single":false,"woocommerce_gallery_thumbnail":false,"eh_logo_image_size":false,"eh_header_image_size":false},"uagb_author_info":{"display_name":"reticularfilms","author_link":"https:\/\/reticularfilms.com\/en\/author\/reticularfilms\/"},"uagb_comment_info":0,"uagb_excerpt":"Volver a episodios PAGA LO QUE PUEDASTRAMA es un proyecto a la gorra (contribuci\u00f3n voluntaria). Gracias a tu aporte podemos seguir creando. CONTRIBUIR AQU\u00cd El callej\u00f3n Sara es una joven venezolana que vive en Vancouver y limpia casas. Max, no tiene d\u00f3nde vivir y ella lo invita a pasar unos d\u00edas en su cueva, a&hellip;","_links":{"self":[{"href":"https:\/\/reticularfilms.com\/en\/wp-json\/wp\/v2\/pages\/779","targetHints":{"allow":["GET"]}}],"collection":[{"href":"https:\/\/reticularfilms.com\/en\/wp-json\/wp\/v2\/pages"}],"about":[{"href":"https:\/\/reticularfilms.com\/en\/wp-json\/wp\/v2\/types\/page"}],"author":[{"embeddable":true,"href":"https:\/\/reticularfilms.com\/en\/wp-json\/wp\/v2\/users\/1"}],"replies":[{"embeddable":true,"href":"https:\/\/reticularfilms.com\/en\/wp-json\/wp\/v2\/comments?post=779"}],"version-history":[{"count":7,"href":"https:\/\/reticularfilms.com\/en\/wp-json\/wp\/v2\/pages\/779\/revisions"}],"predecessor-version":[{"id":1366,"href":"https:\/\/reticularfilms.com\/en\/wp-json\/wp\/v2\/pages\/779\/revisions\/1366"}],"up":[{"embeddable":true,"href":"https:\/\/reticularfilms.com\/en\/wp-json\/wp\/v2\/pages\/750"}],"wp:attachment":[{"href":"https:\/\/reticularfilms.com\/en\/wp-json\/wp\/v2\/media?parent=779"}],"curies":[{"name":"wp","href":"https:\/\/api.w.org\/{rel}","templated":true}]}}