{"id":830,"date":"2023-04-25T19:51:13","date_gmt":"2023-04-25T19:51:13","guid":{"rendered":"https:\/\/reticularfilms.com\/?page_id=830"},"modified":"2023-11-25T16:29:57","modified_gmt":"2023-11-25T16:29:57","slug":"em-deja-el-teatro","status":"publish","type":"page","link":"https:\/\/reticularfilms.com\/en\/trama\/em-deja-el-teatro\/","title":{"rendered":"Em leaves the theater"},"content":{"rendered":"<div style=\"position:relative;padding-top:56.25%;\"><iframe src=\"https:\/\/iframe.mediadelivery.net\/embed\/174645\/190e630c-c07b-46d1-97bc-0b3dabe39269?autoplay=false&#038;loop=false&#038;muted=false&#038;preload=true\" loading=\"lazy\" style=\"border:0;position:absolute;top:0;height:100%;width:100%;\" allow=\"accelerometer;gyroscope;autoplay;encrypted-media;picture-in-picture;\" allowfullscreen=\"true\"><\/iframe><\/div>\n\n\n\n<h5 class=\"wp-block-heading has-text-align-right\"><a href=\"https:\/\/reticularfilms.com\/en\/trama\/\">Back to episodes<\/a><\/h5>\n\n\n\n<p class=\"has-ast-global-color-5-color has-ast-global-color-0-background-color has-text-color has-background\"><strong>PAY WHAT YOU CAN<\/strong><br>TRAMA is a pay what you can project (voluntary contribution). Thanks to your contribution we can continue creating<\/p>\n\n\n\n<p class=\"has-background\" style=\"background-color:#ddd9d9\"><a href=\"https:\/\/reticularfilms.com\/en\/donar\/\">CONTRIBUTE HERE<\/a><\/p>\n\n\n\n<div style=\"height:44px\" aria-hidden=\"true\" class=\"wp-block-spacer\"><\/div>\n\n\n\n<hr class=\"wp-block-separator aligncenter has-alpha-channel-opacity is-style-wide\"\/>\n\n\n\n<div style=\"height:36px\" aria-hidden=\"true\" class=\"wp-block-spacer\"><\/div>\n\n\n\n<h3 class=\"wp-block-heading\">Em leaves the theater<\/h3>\n\n\n\n<p>Portland, Oregon. Em sells the theater, her life project. What remains is rain, animals, pianos, friends, useless attempts to make sense.<\/p>\n\n\n\n<p><strong>Running time<\/strong>: 55 min.<br><strong>Language<\/strong>: English<br><strong>Subtitles<\/strong>: Spanish (Activate it with button CC)<br>Recommended watching in HD<\/p>\n\n\n\n<p><strong>With<\/strong>: Mizu Desierto, Kelly Nesbitt, Stephanie Lanckton, Lolo Haha, Draven Chase, Kennedy, Ariel Bittner, Ira Echo, Karla Mi Lugo, Paula Helen<br><strong>Production<\/strong>: Jada Sirkin, Dama David, Mizu Desierto<br><strong>Direction and editing<\/strong>: Jada Sirkin, Dama David<br><strong>Script<\/strong>: Jada Sirkin, Dama David, Camila Torres, Mizu Desierto, Kelly Nesbitt, Stephanie Lanckton, Lolo Haha<br><strong>Camera and color<\/strong>: Jada Sirkin<br><strong>Direct sound<\/strong>: Dama David, Stephanie Lanckton, Kelly Nesbitt<br><strong>Sound post production<\/strong>: Zub sonido &#8211; Emiliano Biai\u00f1, Marcos Zoppi, Facundo de Vedia<br><strong>Production assistance<\/strong>: Kelly Nesbitt, Stephanie Lanckton<br><strong>Music<\/strong>: Mad Composer Lab, Carly Bates, Yaara Valey, Karla Mi Lugo, Stephanie Lanckton, Roland Toledo (a.k.a. Alter Structure), Ira Echo<\/p>\n\n\n\n<p><a href=\"https:\/\/reticularfilms.com\/en\/trama\/\">Back to episodes<\/a><\/p>","protected":false},"excerpt":{"rendered":"<p>Volver a episodios PAGA LO QUE PUEDASTRAMA es un proyecto a la gorra (contribuci\u00f3n voluntaria). Gracias a tu aporte podemos seguir creando. CONTRIBUIR AQU\u00cd Em deja el teatro Portland, Oregon. Em vende el teatro, su proyecto de vida. Lo que queda es lluvia, animales, pianos, amigxs, intentos in\u00fatiles de hacer sentido. Duraci\u00f3n: 55 min.Idioma: ingl\u00e9s.Subt\u00edtulos: &hellip;<\/p>\n<p class=\"read-more\"> <a class=\"\" href=\"https:\/\/reticularfilms.com\/en\/trama\/em-deja-el-teatro\/\"> <span class=\"screen-reader-text\">Em leaves the theater<\/span> Read More &raquo;<\/a><\/p>","protected":false},"author":1,"featured_media":0,"parent":750,"menu_order":0,"comment_status":"closed","ping_status":"closed","template":"","meta":{"site-sidebar-layout":"default","site-content-layout":"default","ast-global-header-display":"","ast-main-header-display":"","ast-hfb-above-header-display":"","ast-hfb-below-header-display":"","ast-hfb-mobile-header-display":"","site-post-title":"","ast-breadcrumbs-content":"","ast-featured-img":"","footer-sml-layout":"","theme-transparent-header-meta":"","adv-header-id-meta":"","stick-header-meta":"","header-above-stick-meta":"","header-main-stick-meta":"","header-below-stick-meta":"","footnotes":""},"class_list":["post-830","page","type-page","status-publish","hentry"],"aioseo_notices":[],"uagb_featured_image_src":{"full":false,"thumbnail":false,"medium":false,"medium_large":false,"large":false,"1536x1536":false,"2048x2048":false,"trp-custom-language-flag":false,"woocommerce_thumbnail":false,"woocommerce_single":false,"woocommerce_gallery_thumbnail":false,"eh_logo_image_size":false,"eh_header_image_size":false},"uagb_author_info":{"display_name":"reticularfilms","author_link":"https:\/\/reticularfilms.com\/en\/author\/reticularfilms\/"},"uagb_comment_info":0,"uagb_excerpt":"Volver a episodios PAGA LO QUE PUEDASTRAMA es un proyecto a la gorra (contribuci\u00f3n voluntaria). Gracias a tu aporte podemos seguir creando. CONTRIBUIR AQU\u00cd Em deja el teatro Portland, Oregon. Em vende el teatro, su proyecto de vida. Lo que queda es lluvia, animales, pianos, amigxs, intentos in\u00fatiles de hacer sentido. Duraci\u00f3n: 55 min.Idioma: ingl\u00e9s.Subt\u00edtulos:&hellip;","_links":{"self":[{"href":"https:\/\/reticularfilms.com\/en\/wp-json\/wp\/v2\/pages\/830","targetHints":{"allow":["GET"]}}],"collection":[{"href":"https:\/\/reticularfilms.com\/en\/wp-json\/wp\/v2\/pages"}],"about":[{"href":"https:\/\/reticularfilms.com\/en\/wp-json\/wp\/v2\/types\/page"}],"author":[{"embeddable":true,"href":"https:\/\/reticularfilms.com\/en\/wp-json\/wp\/v2\/users\/1"}],"replies":[{"embeddable":true,"href":"https:\/\/reticularfilms.com\/en\/wp-json\/wp\/v2\/comments?post=830"}],"version-history":[{"count":5,"href":"https:\/\/reticularfilms.com\/en\/wp-json\/wp\/v2\/pages\/830\/revisions"}],"predecessor-version":[{"id":1390,"href":"https:\/\/reticularfilms.com\/en\/wp-json\/wp\/v2\/pages\/830\/revisions\/1390"}],"up":[{"embeddable":true,"href":"https:\/\/reticularfilms.com\/en\/wp-json\/wp\/v2\/pages\/750"}],"wp:attachment":[{"href":"https:\/\/reticularfilms.com\/en\/wp-json\/wp\/v2\/media?parent=830"}],"curies":[{"name":"wp","href":"https:\/\/api.w.org\/{rel}","templated":true}]}}