{"id":832,"date":"2023-04-25T19:57:12","date_gmt":"2023-04-25T19:57:12","guid":{"rendered":"https:\/\/reticularfilms.com\/?page_id=832"},"modified":"2024-11-02T14:15:51","modified_gmt":"2024-11-02T14:15:51","slug":"the-end","status":"publish","type":"page","link":"https:\/\/reticularfilms.com\/en\/trama\/the-end\/","title":{"rendered":"The end"},"content":{"rendered":"<div style=\"position:relative;padding-top:56.25%;\"><iframe src=\"https:\/\/iframe.mediadelivery.net\/embed\/174645\/c4d1596b-4e9a-4869-9373-ec9f9f66d09e?autoplay=false&#038;loop=false&#038;muted=false&#038;preload=true\" loading=\"lazy\" style=\"border:0;position:absolute;top:0;height:100%;width:100%;\" allow=\"accelerometer;gyroscope;autoplay;encrypted-media;picture-in-picture;\" allowfullscreen=\"true\"><\/iframe><\/div>\n\n\n\n<h5 class=\"wp-block-heading has-text-align-right\"><a href=\"https:\/\/reticularfilms.com\/en\/trama\/\">Back to episodes<\/a><\/h5>\n\n\n\n<p class=\"has-ast-global-color-5-color has-ast-global-color-0-background-color has-text-color has-background\"><strong>PAY WHAT YOU CAN<\/strong><br>TRAMA is a pay what you can project (voluntary contribution). Thanks to your contribution we can continue creating<\/p>\n\n\n\n<p class=\"has-background\" style=\"background-color:#ddd9d9\"><a href=\"https:\/\/reticularfilms.com\/en\/donar\/\">CONTRIBUTE HERE<\/a><\/p>\n\n\n\n<div style=\"height:44px\" aria-hidden=\"true\" class=\"wp-block-spacer\"><\/div>\n\n\n\n<hr class=\"wp-block-separator aligncenter has-alpha-channel-opacity is-style-wide\"\/>\n\n\n\n<div style=\"height:36px\" aria-hidden=\"true\" class=\"wp-block-spacer\"><\/div>\n\n\n\n<h3 class=\"wp-block-heading\">The end<\/h3>\n\n\n\n<p>In the first months of quarantine, Camila and Lucas watch a movie. She gets emotional and he gets cold. Days go by and the wheels of living together reveal habits and novelties. What is going to happen to us?<\/p>\n\n\n\n<p><strong>Running time<\/strong>: 60 min.<br><strong>Language<\/strong>: Spanish<br><strong>Subtitles<\/strong>: English (Activate it with button CC)<br>Recommended watching in HD<\/p>\n\n\n\n<p><strong>With<\/strong>: Sol Bordigoni, Jada Sirkin, Mumi Rujana, Rita Messina, Magal\u00ed Aldabe, Hern\u00e1n Bustamante, Sharon Cohen Goldfrid, Jazm\u00edn Ruffo, Wem Wertheimer, Keni, Toni<br><strong>Direction, production, editing<\/strong>: Dama David, Jada Sirkin Gui\u00f3n: Jada Sirkin, Dama David, Denisse Bustos, Sol Bordigoni, Rita Messina, Mumi Rujana<br><strong>Art asistance<\/strong>: Mar\u00eda Mor\u00edn<br><strong>Camera<\/strong>: Dama David, Jada Sirkin<br><strong>Direct sound<\/strong>: Denisse Bustos, Camila Torres, Elsa Wirth, Dama David, Sharon Cohen Goldfrid, Wayra Inti, Facundo Martin, Juli\u00e1n Hercovich.<br><strong>Sound postproduction<\/strong>: Zub sonido &#8211; Emiliano Biai\u00f1, Marcos Zoppi, Facundo de Vedia<br><strong>Transcription<\/strong>: Magdalena Chattah<br><strong>Music<\/strong>: Eduardo Felenbok, Mumi Rujana, Jada Sirkin<\/p>\n\n\n\n<p><a href=\"https:\/\/reticularfilms.com\/en\/trama\/\">Back to episodes<\/a><\/p>","protected":false},"excerpt":{"rendered":"<p>Volver a episodios PAGA LO QUE PUEDASTRAMA es un proyecto a la gorra (contribuci\u00f3n voluntaria). Gracias a tu aporte podemos seguir creando. CONTRIBUIR AQU\u00cd Fin En los primeros meses de cuarentena, Camila y Lucas ven una pel\u00edcula. Ella se emociona mucho y \u00e9l se pone duro. Pasan los d\u00edas y los engranajes de la convivencia &hellip;<\/p>\n<p class=\"read-more\"> <a class=\"\" href=\"https:\/\/reticularfilms.com\/en\/trama\/the-end\/\"> <span class=\"screen-reader-text\">The end<\/span> Read More &raquo;<\/a><\/p>","protected":false},"author":1,"featured_media":0,"parent":750,"menu_order":0,"comment_status":"closed","ping_status":"closed","template":"","meta":{"site-sidebar-layout":"default","site-content-layout":"default","ast-global-header-display":"","ast-main-header-display":"","ast-hfb-above-header-display":"","ast-hfb-below-header-display":"","ast-hfb-mobile-header-display":"","site-post-title":"","ast-breadcrumbs-content":"","ast-featured-img":"","footer-sml-layout":"","theme-transparent-header-meta":"","adv-header-id-meta":"","stick-header-meta":"","header-above-stick-meta":"","header-main-stick-meta":"","header-below-stick-meta":"","footnotes":""},"class_list":["post-832","page","type-page","status-publish","hentry"],"aioseo_notices":[],"uagb_featured_image_src":{"full":false,"thumbnail":false,"medium":false,"medium_large":false,"large":false,"1536x1536":false,"2048x2048":false,"trp-custom-language-flag":false,"woocommerce_thumbnail":false,"woocommerce_single":false,"woocommerce_gallery_thumbnail":false,"eh_logo_image_size":false,"eh_header_image_size":false},"uagb_author_info":{"display_name":"reticularfilms","author_link":"https:\/\/reticularfilms.com\/en\/author\/reticularfilms\/"},"uagb_comment_info":0,"uagb_excerpt":"Volver a episodios PAGA LO QUE PUEDASTRAMA es un proyecto a la gorra (contribuci\u00f3n voluntaria). Gracias a tu aporte podemos seguir creando. CONTRIBUIR AQU\u00cd Fin En los primeros meses de cuarentena, Camila y Lucas ven una pel\u00edcula. Ella se emociona mucho y \u00e9l se pone duro. Pasan los d\u00edas y los engranajes de la convivencia&hellip;","_links":{"self":[{"href":"https:\/\/reticularfilms.com\/en\/wp-json\/wp\/v2\/pages\/832","targetHints":{"allow":["GET"]}}],"collection":[{"href":"https:\/\/reticularfilms.com\/en\/wp-json\/wp\/v2\/pages"}],"about":[{"href":"https:\/\/reticularfilms.com\/en\/wp-json\/wp\/v2\/types\/page"}],"author":[{"embeddable":true,"href":"https:\/\/reticularfilms.com\/en\/wp-json\/wp\/v2\/users\/1"}],"replies":[{"embeddable":true,"href":"https:\/\/reticularfilms.com\/en\/wp-json\/wp\/v2\/comments?post=832"}],"version-history":[{"count":6,"href":"https:\/\/reticularfilms.com\/en\/wp-json\/wp\/v2\/pages\/832\/revisions"}],"predecessor-version":[{"id":1841,"href":"https:\/\/reticularfilms.com\/en\/wp-json\/wp\/v2\/pages\/832\/revisions\/1841"}],"up":[{"embeddable":true,"href":"https:\/\/reticularfilms.com\/en\/wp-json\/wp\/v2\/pages\/750"}],"wp:attachment":[{"href":"https:\/\/reticularfilms.com\/en\/wp-json\/wp\/v2\/media?parent=832"}],"curies":[{"name":"wp","href":"https:\/\/api.w.org\/{rel}","templated":true}]}}