{"id":834,"date":"2023-04-25T20:01:32","date_gmt":"2023-04-25T20:01:32","guid":{"rendered":"https:\/\/reticularfilms.com\/?page_id=834"},"modified":"2023-11-25T14:16:38","modified_gmt":"2023-11-25T14:16:38","slug":"no-te-tiene-que-doler","status":"publish","type":"page","link":"https:\/\/reticularfilms.com\/en\/trama\/no-te-tiene-que-doler\/","title":{"rendered":"It shouldn\u2019t hurt you"},"content":{"rendered":"<div style=\"position:relative;padding-top:56.25%;\"><iframe src=\"https:\/\/iframe.mediadelivery.net\/embed\/174645\/47e9e9a8-2ade-4811-bcd1-4a8c8cf5e443?autoplay=false&#038;loop=false&#038;muted=false&#038;preload=true\" loading=\"lazy\" style=\"border:0;position:absolute;top:0;height:100%;width:100%;\" allow=\"accelerometer;gyroscope;autoplay;encrypted-media;picture-in-picture;\" allowfullscreen=\"true\"><\/iframe><\/div>\n\n\n\n<h5 class=\"wp-block-heading has-text-align-right\"><a href=\"https:\/\/reticularfilms.com\/en\/trama\/\">Back to episodes<\/a><\/h5>\n\n\n\n<p class=\"has-ast-global-color-5-color has-ast-global-color-0-background-color has-text-color has-background\"><strong>PAY WHAT YOU CAN<\/strong><br>TRAMA is a pay what you can project (voluntary contribution). Thanks to your contribution we can continue creating<\/p>\n\n\n\n<p class=\"has-background\" style=\"background-color:#ddd9d9\"><a href=\"https:\/\/reticularfilms.com\/en\/donar\/\">CONTRIBUTE HERE<\/a><\/p>\n\n\n\n<div style=\"height:44px\" aria-hidden=\"true\" class=\"wp-block-spacer\"><\/div>\n\n\n\n<hr class=\"wp-block-separator aligncenter has-alpha-channel-opacity is-style-wide\"\/>\n\n\n\n<div style=\"height:36px\" aria-hidden=\"true\" class=\"wp-block-spacer\"><\/div>\n\n\n\n<h3 class=\"wp-block-heading\">It shouldn\u2019t hurt you<\/h3>\n\n\n\n<p>Tato and Clara had planned a sexy night. The conversation took them elsewhere. What if we start saying what we don't like?<\/p>\n\n\n\n<p><strong>Running time<\/strong>: 23 min.<br><strong>Language<\/strong>: Spanish<br><strong>Subtitles<\/strong>: English (Activate it with button CC)<br>Recommended watching in HD<\/p>\n\n\n\n<p><strong>With<\/strong>: Lis Tej\u00f3n, Edu Anderson, Mumi Rujana <br><strong>Direction, production, editing<\/strong>: Jada Sirkin, Dama David Gui\u00f3n: Dama David, Jada Sirkin, Lis Tej\u00f3n, Edu Anderson, Mumi Rujana<br><strong>Camera<\/strong>: Jada Sirkin, Magal\u00ed Aldabe<br><strong>Direct sound<\/strong>: Jos\u00e9 Ratti, Huber Cabello, Bayron Mendivelso<br><strong>Art<\/strong>: Magal\u00ed Aldabe<br><strong>Production assistance<\/strong>: Sharon Cohen Golrdfrid, Malena Morandini<br><strong>Still photo<\/strong>: Malena Morandini<br><strong>Light asistance<\/strong>: Toki Pfannkuche, Leonel Luciani<br><strong>Sound post production<\/strong>: Zub sonido &#8211; Emiliano Biai\u00f1, Marcos Zoppi, Facundo de Vedia<br><strong>Opening drawing and pictures<\/strong>: Cuno Sztark<br><strong>Translation<\/strong>: Adri\u00e1n Gleizer<br><strong>Music<\/strong>: Mumi Rujana<\/p>\n\n\n\n<p><a href=\"https:\/\/reticularfilms.com\/en\/trama\/\">Back to episodes<\/a><\/p>","protected":false},"excerpt":{"rendered":"<p>Volver a episodios PAGA LO QUE PUEDASTRAMA es un proyecto a la gorra (contribuci\u00f3n voluntaria). Gracias a tu aporte podemos seguir creando. CONTRIBUIR AQU\u00cd No te tiene que doler Tato y Clara hab\u00edan planeado una noche de sexo. La conversaci\u00f3n les llev\u00f3 para otro lado. \u00bfY si nos decimos lo que no nos gusta? Duraci\u00f3n: &hellip;<\/p>\n<p class=\"read-more\"> <a class=\"\" href=\"https:\/\/reticularfilms.com\/en\/trama\/no-te-tiene-que-doler\/\"> <span class=\"screen-reader-text\">It shouldn\u2019t hurt you<\/span> Read More &raquo;<\/a><\/p>","protected":false},"author":1,"featured_media":0,"parent":750,"menu_order":0,"comment_status":"closed","ping_status":"closed","template":"","meta":{"site-sidebar-layout":"default","site-content-layout":"default","ast-global-header-display":"","ast-main-header-display":"","ast-hfb-above-header-display":"","ast-hfb-below-header-display":"","ast-hfb-mobile-header-display":"","site-post-title":"","ast-breadcrumbs-content":"","ast-featured-img":"","footer-sml-layout":"","theme-transparent-header-meta":"","adv-header-id-meta":"","stick-header-meta":"","header-above-stick-meta":"","header-main-stick-meta":"","header-below-stick-meta":"","footnotes":""},"class_list":["post-834","page","type-page","status-publish","hentry"],"aioseo_notices":[],"uagb_featured_image_src":{"full":false,"thumbnail":false,"medium":false,"medium_large":false,"large":false,"1536x1536":false,"2048x2048":false,"trp-custom-language-flag":false,"woocommerce_thumbnail":false,"woocommerce_single":false,"woocommerce_gallery_thumbnail":false,"eh_logo_image_size":false,"eh_header_image_size":false},"uagb_author_info":{"display_name":"reticularfilms","author_link":"https:\/\/reticularfilms.com\/en\/author\/reticularfilms\/"},"uagb_comment_info":0,"uagb_excerpt":"Volver a episodios PAGA LO QUE PUEDASTRAMA es un proyecto a la gorra (contribuci\u00f3n voluntaria). Gracias a tu aporte podemos seguir creando. CONTRIBUIR AQU\u00cd No te tiene que doler Tato y Clara hab\u00edan planeado una noche de sexo. La conversaci\u00f3n les llev\u00f3 para otro lado. \u00bfY si nos decimos lo que no nos gusta? Duraci\u00f3n:&hellip;","_links":{"self":[{"href":"https:\/\/reticularfilms.com\/en\/wp-json\/wp\/v2\/pages\/834","targetHints":{"allow":["GET"]}}],"collection":[{"href":"https:\/\/reticularfilms.com\/en\/wp-json\/wp\/v2\/pages"}],"about":[{"href":"https:\/\/reticularfilms.com\/en\/wp-json\/wp\/v2\/types\/page"}],"author":[{"embeddable":true,"href":"https:\/\/reticularfilms.com\/en\/wp-json\/wp\/v2\/users\/1"}],"replies":[{"embeddable":true,"href":"https:\/\/reticularfilms.com\/en\/wp-json\/wp\/v2\/comments?post=834"}],"version-history":[{"count":19,"href":"https:\/\/reticularfilms.com\/en\/wp-json\/wp\/v2\/pages\/834\/revisions"}],"predecessor-version":[{"id":1362,"href":"https:\/\/reticularfilms.com\/en\/wp-json\/wp\/v2\/pages\/834\/revisions\/1362"}],"up":[{"embeddable":true,"href":"https:\/\/reticularfilms.com\/en\/wp-json\/wp\/v2\/pages\/750"}],"wp:attachment":[{"href":"https:\/\/reticularfilms.com\/en\/wp-json\/wp\/v2\/media?parent=834"}],"curies":[{"name":"wp","href":"https:\/\/api.w.org\/{rel}","templated":true}]}}