{"id":836,"date":"2023-04-25T20:06:31","date_gmt":"2023-04-25T20:06:31","guid":{"rendered":"https:\/\/reticularfilms.com\/?page_id=836"},"modified":"2023-11-25T15:26:09","modified_gmt":"2023-11-25T15:26:09","slug":"sonidos-que-no-existen","status":"publish","type":"page","link":"https:\/\/reticularfilms.com\/en\/trama\/sonidos-que-no-existen\/","title":{"rendered":"Unexisting sounds"},"content":{"rendered":"<div style=\"position:relative;padding-top:56.25%;\"><iframe src=\"https:\/\/iframe.mediadelivery.net\/embed\/174645\/770a366f-b1f5-4135-aa83-ab6622ef2ac5?autoplay=false&#038;loop=false&#038;muted=false&#038;preload=true\" loading=\"lazy\" style=\"border:0;position:absolute;top:0;height:100%;width:100%;\" allow=\"accelerometer;gyroscope;autoplay;encrypted-media;picture-in-picture;\" allowfullscreen=\"true\"><\/iframe><\/div>\n\n\n\n<h5 class=\"wp-block-heading has-text-align-right\"><a href=\"https:\/\/reticularfilms.com\/en\/trama\/\">Back to episodes<\/a><\/h5>\n\n\n\n<p class=\"has-ast-global-color-5-color has-ast-global-color-0-background-color has-text-color has-background\"><strong>PAY WHAT YOU CAN<\/strong><br>TRAMA is a pay what you can project (voluntary contribution). Thanks to your contribution we can continue creating<\/p>\n\n\n\n<p class=\"has-background\" style=\"background-color:#ddd9d9\"><a href=\"https:\/\/reticularfilms.com\/en\/donar\/\">CONTRIBUTE HERE<\/a><\/p>\n\n\n\n<div style=\"height:44px\" aria-hidden=\"true\" class=\"wp-block-spacer\"><\/div>\n\n\n\n<hr class=\"wp-block-separator aligncenter has-alpha-channel-opacity is-style-wide\"\/>\n\n\n\n<div style=\"height:36px\" aria-hidden=\"true\" class=\"wp-block-spacer\"><\/div>\n\n\n\n<h3 class=\"wp-block-heading\">Unexisting sounds<\/h3>\n\n\n\n<p>Caro makes love with the lights off, says she doesn't like her body. She sees her patients, swipes through Tinder, looks out the window and pictures infinity.<\/p>\n\n\n\n<p><strong>Running time<\/strong>: 92 min.<br><strong>Language<\/strong>: Spanish<br><strong>Subtitles<\/strong>: English (Activate it with button CC)<br>Recommended watching in HD<\/p>\n\n\n\n<p><strong>With<\/strong>: Sharon Cohen Goldfrid, Gustavo Urroz, Marcos Zoppi, Mumi Rujana, Ludmila Mann, Lula Rovatti, Melina Boyadjian, Mart\u00edn Sobel, Gustavo Arcuri, Valent\u00edn Pi\u00f1eyro.<br><strong>Idea, production<\/strong>: Sharon Cohen Goldfrid, Dama David, Jada Sirkin<br><strong>Direction and editing<\/strong>: Jada Sirkin, Dama David C\u00e1mara y color: Jada Sirkin<br><strong>Direct sound<\/strong>: Jos\u00e9 Ratti, Mart\u00edn Sobel, Maga Taiani, Dama David<br><strong>Script<\/strong>: Sharon Cohen Goldfrid, Dama David, Jada Sirkin, Gustavo Urroz, Marcos Zoppi, Mumi Rujana, Ludmila Mann, Lula Rovatti, Melina Boyadjian, Martin Sobel, Gustavo Arcuri<br><strong>Opening and final drawings<\/strong>: \u00c1lvaro Villagra Morales<br><strong>Transcription<\/strong>: Clemente Felmer <br><strong>Music<\/strong>: Ultrazoppi, Sharon Cohen Golfrid, Mumi Rujana<\/p>\n\n\n\n<p><a href=\"https:\/\/reticularfilms.com\/en\/trama\/\">Back to episodes<\/a><\/p>","protected":false},"excerpt":{"rendered":"<p>Volver a episodios PAGA LO QUE PUEDASTRAMA es un proyecto a la gorra (contribuci\u00f3n voluntaria). Gracias a tu aporte podemos seguir creando. CONTRIBUIR AQU\u00cd Sonidos que no existen Caro hace el amor con la luz apagada, dice que no le gusta su cuerpo. Atiende pacientes, pasea por Tinder, mira por la ventana y se imagina &hellip;<\/p>\n<p class=\"read-more\"> <a class=\"\" href=\"https:\/\/reticularfilms.com\/en\/trama\/sonidos-que-no-existen\/\"> <span class=\"screen-reader-text\">Unexisting sounds<\/span> Read More &raquo;<\/a><\/p>","protected":false},"author":1,"featured_media":0,"parent":750,"menu_order":0,"comment_status":"closed","ping_status":"closed","template":"","meta":{"site-sidebar-layout":"default","site-content-layout":"default","ast-global-header-display":"","ast-main-header-display":"","ast-hfb-above-header-display":"","ast-hfb-below-header-display":"","ast-hfb-mobile-header-display":"","site-post-title":"","ast-breadcrumbs-content":"","ast-featured-img":"","footer-sml-layout":"","theme-transparent-header-meta":"","adv-header-id-meta":"","stick-header-meta":"","header-above-stick-meta":"","header-main-stick-meta":"","header-below-stick-meta":"","footnotes":""},"class_list":["post-836","page","type-page","status-publish","hentry"],"aioseo_notices":[],"uagb_featured_image_src":{"full":false,"thumbnail":false,"medium":false,"medium_large":false,"large":false,"1536x1536":false,"2048x2048":false,"trp-custom-language-flag":false,"woocommerce_thumbnail":false,"woocommerce_single":false,"woocommerce_gallery_thumbnail":false,"eh_logo_image_size":false,"eh_header_image_size":false},"uagb_author_info":{"display_name":"reticularfilms","author_link":"https:\/\/reticularfilms.com\/en\/author\/reticularfilms\/"},"uagb_comment_info":0,"uagb_excerpt":"Volver a episodios PAGA LO QUE PUEDASTRAMA es un proyecto a la gorra (contribuci\u00f3n voluntaria). Gracias a tu aporte podemos seguir creando. CONTRIBUIR AQU\u00cd Sonidos que no existen Caro hace el amor con la luz apagada, dice que no le gusta su cuerpo. Atiende pacientes, pasea por Tinder, mira por la ventana y se imagina&hellip;","_links":{"self":[{"href":"https:\/\/reticularfilms.com\/en\/wp-json\/wp\/v2\/pages\/836","targetHints":{"allow":["GET"]}}],"collection":[{"href":"https:\/\/reticularfilms.com\/en\/wp-json\/wp\/v2\/pages"}],"about":[{"href":"https:\/\/reticularfilms.com\/en\/wp-json\/wp\/v2\/types\/page"}],"author":[{"embeddable":true,"href":"https:\/\/reticularfilms.com\/en\/wp-json\/wp\/v2\/users\/1"}],"replies":[{"embeddable":true,"href":"https:\/\/reticularfilms.com\/en\/wp-json\/wp\/v2\/comments?post=836"}],"version-history":[{"count":5,"href":"https:\/\/reticularfilms.com\/en\/wp-json\/wp\/v2\/pages\/836\/revisions"}],"predecessor-version":[{"id":1367,"href":"https:\/\/reticularfilms.com\/en\/wp-json\/wp\/v2\/pages\/836\/revisions\/1367"}],"up":[{"embeddable":true,"href":"https:\/\/reticularfilms.com\/en\/wp-json\/wp\/v2\/pages\/750"}],"wp:attachment":[{"href":"https:\/\/reticularfilms.com\/en\/wp-json\/wp\/v2\/media?parent=836"}],"curies":[{"name":"wp","href":"https:\/\/api.w.org\/{rel}","templated":true}]}}