{"id":839,"date":"2023-04-25T20:09:38","date_gmt":"2023-04-25T20:09:38","guid":{"rendered":"https:\/\/reticularfilms.com\/?page_id=839"},"modified":"2023-11-25T16:00:19","modified_gmt":"2023-11-25T16:00:19","slug":"la-nave-de-la-distancia","status":"publish","type":"page","link":"https:\/\/reticularfilms.com\/en\/trama\/la-nave-de-la-distancia\/","title":{"rendered":"Mission: Distance"},"content":{"rendered":"<div style=\"position:relative;padding-top:56.25%;\"><iframe src=\"https:\/\/iframe.mediadelivery.net\/embed\/174645\/f900281b-ed5b-4fec-8b19-99e877ef586f?autoplay=false&#038;loop=false&#038;muted=false&#038;preload=true\" loading=\"lazy\" style=\"border:0;position:absolute;top:0;height:100%;width:100%;\" allow=\"accelerometer;gyroscope;autoplay;encrypted-media;picture-in-picture;\" allowfullscreen=\"true\"><\/iframe><\/div>\n\n\n\n<h5 class=\"wp-block-heading has-text-align-right\"><a href=\"https:\/\/reticularfilms.com\/en\/trama\/\">Back to episodes<\/a><\/h5>\n\n\n\n<p class=\"has-ast-global-color-5-color has-ast-global-color-0-background-color has-text-color has-background\"><strong>PAY WHAT YOU CAN<\/strong><br>TRAMA is a pay what you can project (voluntary contribution). Thanks to your contribution we can continue creating<\/p>\n\n\n\n<p class=\"has-background\" style=\"background-color:#ddd9d9\"><a href=\"https:\/\/reticularfilms.com\/en\/donar\/\">CONTRIBUTE HERE<\/a><\/p>\n\n\n\n<div style=\"height:44px\" aria-hidden=\"true\" class=\"wp-block-spacer\"><\/div>\n\n\n\n<hr class=\"wp-block-separator aligncenter has-alpha-channel-opacity is-style-wide\"\/>\n\n\n\n<div style=\"height:36px\" aria-hidden=\"true\" class=\"wp-block-spacer\"><\/div>\n\n\n\n<h3 class=\"wp-block-heading\">Mission: Distance<\/h3>\n\n\n\n<p>Lucas cancels the shooting of his film and the dream is again far away, inaccessible. Although he touches the trees, he assures he doesn't feel them. Fortunately he is not alone.<\/p>\n\n\n\n<p><strong>Running time<\/strong>: 75 min.<br><strong>Language<\/strong>: Spanish\/English<br><strong>Subtitles<\/strong>: English\/Spanish (Activate it with button CC)<br>Recommended watching in HD<\/p>\n\n\n\n<p><strong>With<\/strong>: Jada Sirkin, Magal\u00ed Aldabe, Manuel Fanego, Joel Roch, Rodrigo Soloeta, Kelly Nesbitt, Joaqu\u00edn Astelarra Escobar, Mariana Vidal, Manuel Tiziano Kaplan, Wem Wertheimer, Hern\u00e1n Bustamante, Melisa Piccioli, Franco Antonio de la Puente, Irunah Briozzo, Gael Higa Penna, Facundo Higa, Josefina Penna, Cecilia Jury, Mauro Vignetta, Jos\u00e9 Ratti, Bayron Mendivelso<br><strong>Direction, production, editing<\/strong>: Jada Sirkin, Dama David<br><strong>Script<\/strong>: Jada Sirkin, Dama David, Manuel Fanego, Joel Roch, Magal\u00ed Aldabe, Rodrigo Soloeta, Wem Wertheimer, Jos\u00e9 Ratti, Kelly Nesbitt, Mariana Vidal, Manuel Tiziano Kaplan, Hern\u00e1n Bustamante, Melisa Piccioli, Franco Antonio de la Puente, Irunah Briozzo, Gael Higa Penna, Facundo Higa, Josefina Penna, Cecilia Jury, Mauro Vignetta<br><strong>Camera<\/strong>: Dama David, Jada Sirkin, Juli\u00e1n Hercovich<br><strong>Color<\/strong>: Jada Sirkin<br><strong>Still photo<\/strong>: Leonel Luciani, Toki Pfannkuche, Denisse Bustos <br><strong>Direct sound<\/strong>: Jos\u00e9 Ratti, Bayron Mendivelso, Dama David, Denisse Bustos, Sol Bordigoni, Juli\u00e1n Hercovich, Sharon Cohen Goldfrid, Lolo Haha<br><strong>Sound post production<\/strong>: Zub sonido &#8211; Emiliano Biai\u00f1, Marcos Zoppi, Facundo de Vedia<br><strong>Transcription<\/strong>: Gualda Ruffo<br><strong>Music<\/strong>: Jada Sirkin, Irunah Briozzo, Rodrigo Soloeta, Cecilia Jury, Mauro Vignetta<\/p>\n\n\n\n<p><a href=\"https:\/\/reticularfilms.com\/en\/trama\/\">Back to episodes<\/a><\/p>","protected":false},"excerpt":{"rendered":"<p>Volver a episodios PAGA LO QUE PUEDASTRAMA es un proyecto a la gorra (contribuci\u00f3n voluntaria). Gracias a tu aporte podemos seguir creando. CONTRIBUIR AQU\u00cd La nave de la distancia Lucas cancela el rodaje de su pel\u00edcula y el sue\u00f1o vuelve a quedar lejos, inaccesible. Aunque toca los \u00e1rboles, asegura que no los siente. Por suerte &hellip;<\/p>\n<p class=\"read-more\"> <a class=\"\" href=\"https:\/\/reticularfilms.com\/en\/trama\/la-nave-de-la-distancia\/\"> <span class=\"screen-reader-text\">Mission: Distance<\/span> Read More &raquo;<\/a><\/p>","protected":false},"author":1,"featured_media":0,"parent":750,"menu_order":0,"comment_status":"closed","ping_status":"closed","template":"","meta":{"site-sidebar-layout":"default","site-content-layout":"default","ast-global-header-display":"","ast-main-header-display":"","ast-hfb-above-header-display":"","ast-hfb-below-header-display":"","ast-hfb-mobile-header-display":"","site-post-title":"","ast-breadcrumbs-content":"","ast-featured-img":"","footer-sml-layout":"","theme-transparent-header-meta":"","adv-header-id-meta":"","stick-header-meta":"","header-above-stick-meta":"","header-main-stick-meta":"","header-below-stick-meta":"","footnotes":""},"class_list":["post-839","page","type-page","status-publish","hentry"],"aioseo_notices":[],"uagb_featured_image_src":{"full":false,"thumbnail":false,"medium":false,"medium_large":false,"large":false,"1536x1536":false,"2048x2048":false,"trp-custom-language-flag":false,"woocommerce_thumbnail":false,"woocommerce_single":false,"woocommerce_gallery_thumbnail":false,"eh_logo_image_size":false,"eh_header_image_size":false},"uagb_author_info":{"display_name":"reticularfilms","author_link":"https:\/\/reticularfilms.com\/en\/author\/reticularfilms\/"},"uagb_comment_info":0,"uagb_excerpt":"Volver a episodios PAGA LO QUE PUEDASTRAMA es un proyecto a la gorra (contribuci\u00f3n voluntaria). Gracias a tu aporte podemos seguir creando. CONTRIBUIR AQU\u00cd La nave de la distancia Lucas cancela el rodaje de su pel\u00edcula y el sue\u00f1o vuelve a quedar lejos, inaccesible. Aunque toca los \u00e1rboles, asegura que no los siente. Por suerte&hellip;","_links":{"self":[{"href":"https:\/\/reticularfilms.com\/en\/wp-json\/wp\/v2\/pages\/839","targetHints":{"allow":["GET"]}}],"collection":[{"href":"https:\/\/reticularfilms.com\/en\/wp-json\/wp\/v2\/pages"}],"about":[{"href":"https:\/\/reticularfilms.com\/en\/wp-json\/wp\/v2\/types\/page"}],"author":[{"embeddable":true,"href":"https:\/\/reticularfilms.com\/en\/wp-json\/wp\/v2\/users\/1"}],"replies":[{"embeddable":true,"href":"https:\/\/reticularfilms.com\/en\/wp-json\/wp\/v2\/comments?post=839"}],"version-history":[{"count":6,"href":"https:\/\/reticularfilms.com\/en\/wp-json\/wp\/v2\/pages\/839\/revisions"}],"predecessor-version":[{"id":1373,"href":"https:\/\/reticularfilms.com\/en\/wp-json\/wp\/v2\/pages\/839\/revisions\/1373"}],"up":[{"embeddable":true,"href":"https:\/\/reticularfilms.com\/en\/wp-json\/wp\/v2\/pages\/750"}],"wp:attachment":[{"href":"https:\/\/reticularfilms.com\/en\/wp-json\/wp\/v2\/media?parent=839"}],"curies":[{"name":"wp","href":"https:\/\/api.w.org\/{rel}","templated":true}]}}