{"id":842,"date":"2023-04-25T20:13:32","date_gmt":"2023-04-25T20:13:32","guid":{"rendered":"https:\/\/reticularfilms.com\/?page_id=842"},"modified":"2023-11-25T15:05:41","modified_gmt":"2023-11-25T15:05:41","slug":"una-inestabilidad-que-se-propaga","status":"publish","type":"page","link":"https:\/\/reticularfilms.com\/en\/trama\/una-inestabilidad-que-se-propaga\/","title":{"rendered":"A spreading turbulence"},"content":{"rendered":"<div style=\"position:relative;padding-top:56.25%;\"><iframe src=\"https:\/\/iframe.mediadelivery.net\/embed\/174645\/fe3b5304-00d9-498e-b7d8-349f92bf35da?autoplay=false&#038;loop=false&#038;muted=false&#038;preload=true\" loading=\"lazy\" style=\"border:0;position:absolute;top:0;height:100%;width:100%;\" allow=\"accelerometer;gyroscope;autoplay;encrypted-media;picture-in-picture;\" allowfullscreen=\"true\"><\/iframe><\/div>\n\n\n\n<h5 class=\"wp-block-heading has-text-align-right\"><a href=\"https:\/\/reticularfilms.com\/en\/trama\/\">Back to episodes<\/a><\/h5>\n\n\n\n<p class=\"has-ast-global-color-5-color has-ast-global-color-0-background-color has-text-color has-background\"><strong>PAY WHAT YOU CAN<\/strong><br>TRAMA is a pay what you can project (voluntary contribution). Thanks to your contribution we can continue creating<\/p>\n\n\n\n<p class=\"has-background\" style=\"background-color:#ddd9d9\"><a href=\"https:\/\/reticularfilms.com\/en\/donar\/\">CONTRIBUTE HERE<\/a><\/p>\n\n\n\n<div style=\"height:44px\" aria-hidden=\"true\" class=\"wp-block-spacer\"><\/div>\n\n\n\n<hr class=\"wp-block-separator aligncenter has-alpha-channel-opacity is-style-wide\"\/>\n\n\n\n<div style=\"height:36px\" aria-hidden=\"true\" class=\"wp-block-spacer\"><\/div>\n\n\n\n<h3 class=\"wp-block-heading\">A spreading turbulence<\/h3>\n\n\n\n<p>October 2019. Max is moving to another country, but it's the others who are moving. Ana, Caro, Uli, Teo, Sabrina, Andi, Lili, Javiera, the Chilean people. Javiera has just arrived from Chile, she wants hugs and she wants war.<\/p>\n\n\n\n<p><strong>Running time<\/strong>: 46 min.<br><strong>Language<\/strong>: Spanish<br><strong>Subtitles<\/strong>: English (Activate it with button CC)<br>Recommended watching in HD<\/p>\n\n\n\n<p><strong>With<\/strong>: Denisse Bustos, Dama David, Pato Balado, Camila Torres, Juli\u00e1n Ekar, Gustavo Urroz, Ludmila Man, Sharon Cohen Goldfrid, Taiu Braver Iosovich, Sebasti\u00e1n Minces, Sara Jim\u00e9nez Molina, Anderson Mendoza, Rafael Laureiro, J\u00e9sica Ferro, Gordon, Amigo<br><strong>Direction, production, editing<\/strong>: Jada Sirkin, Dama David<br><strong>Camera and color<\/strong>: Jada Sirkin<br><strong>Direct sound<\/strong>: Jos\u00e9 Ratti, Bayron Mendivelso, Dama David, James Vallejo Mej\u00eda, Gustavo Urroz, Juli\u00e1n Ekar.<br><strong>Sound post production<\/strong>: Zub sonido &#8211; Emiliano Biai\u00f1, Marcos Zoppi, Facundo de Vedia<br><strong>Light<\/strong>: Leonel Luciani, Toki Pfannkuche, Jos\u00e9 Ratti<br><strong>Still photo and production asistance<\/strong>: Malena Morandini<br><strong>Transcription<\/strong>: Magdalena Chattah<br><strong>Music<\/strong>: Joaquinx Merino<\/p>\n\n\n\n<p><a href=\"https:\/\/reticularfilms.com\/en\/trama\/\">Back to episodes<\/a><\/p>","protected":false},"excerpt":{"rendered":"<p>Volver a episodios PAGA LO QUE PUEDASTRAMA es un proyecto a la gorra (contribuci\u00f3n voluntaria). Gracias a tu aporte podemos seguir creando. CONTRIBUIR AQU\u00cd Una inestabilidad que se propaga Octubre 2019. Max se muda a otro pa\u00eds, pero son lxs otrxs quienes se mueven. Ana, Caro, Uli, Teo, Sabrina, Andi, Lili, Javiera, el pueblo chileno. &hellip;<\/p>\n<p class=\"read-more\"> <a class=\"\" href=\"https:\/\/reticularfilms.com\/en\/trama\/una-inestabilidad-que-se-propaga\/\"> <span class=\"screen-reader-text\">A spreading turbulence<\/span> Read More &raquo;<\/a><\/p>","protected":false},"author":1,"featured_media":0,"parent":750,"menu_order":0,"comment_status":"closed","ping_status":"closed","template":"","meta":{"site-sidebar-layout":"default","site-content-layout":"default","ast-global-header-display":"","ast-main-header-display":"","ast-hfb-above-header-display":"","ast-hfb-below-header-display":"","ast-hfb-mobile-header-display":"","site-post-title":"","ast-breadcrumbs-content":"","ast-featured-img":"","footer-sml-layout":"","theme-transparent-header-meta":"","adv-header-id-meta":"","stick-header-meta":"","header-above-stick-meta":"","header-main-stick-meta":"","header-below-stick-meta":"","footnotes":""},"class_list":["post-842","page","type-page","status-publish","hentry"],"aioseo_notices":[],"uagb_featured_image_src":{"full":false,"thumbnail":false,"medium":false,"medium_large":false,"large":false,"1536x1536":false,"2048x2048":false,"trp-custom-language-flag":false,"woocommerce_thumbnail":false,"woocommerce_single":false,"woocommerce_gallery_thumbnail":false,"eh_logo_image_size":false,"eh_header_image_size":false},"uagb_author_info":{"display_name":"reticularfilms","author_link":"https:\/\/reticularfilms.com\/en\/author\/reticularfilms\/"},"uagb_comment_info":0,"uagb_excerpt":"Volver a episodios PAGA LO QUE PUEDASTRAMA es un proyecto a la gorra (contribuci\u00f3n voluntaria). Gracias a tu aporte podemos seguir creando. CONTRIBUIR AQU\u00cd Una inestabilidad que se propaga Octubre 2019. Max se muda a otro pa\u00eds, pero son lxs otrxs quienes se mueven. Ana, Caro, Uli, Teo, Sabrina, Andi, Lili, Javiera, el pueblo chileno.&hellip;","_links":{"self":[{"href":"https:\/\/reticularfilms.com\/en\/wp-json\/wp\/v2\/pages\/842","targetHints":{"allow":["GET"]}}],"collection":[{"href":"https:\/\/reticularfilms.com\/en\/wp-json\/wp\/v2\/pages"}],"about":[{"href":"https:\/\/reticularfilms.com\/en\/wp-json\/wp\/v2\/types\/page"}],"author":[{"embeddable":true,"href":"https:\/\/reticularfilms.com\/en\/wp-json\/wp\/v2\/users\/1"}],"replies":[{"embeddable":true,"href":"https:\/\/reticularfilms.com\/en\/wp-json\/wp\/v2\/comments?post=842"}],"version-history":[{"count":6,"href":"https:\/\/reticularfilms.com\/en\/wp-json\/wp\/v2\/pages\/842\/revisions"}],"predecessor-version":[{"id":1365,"href":"https:\/\/reticularfilms.com\/en\/wp-json\/wp\/v2\/pages\/842\/revisions\/1365"}],"up":[{"embeddable":true,"href":"https:\/\/reticularfilms.com\/en\/wp-json\/wp\/v2\/pages\/750"}],"wp:attachment":[{"href":"https:\/\/reticularfilms.com\/en\/wp-json\/wp\/v2\/media?parent=842"}],"curies":[{"name":"wp","href":"https:\/\/api.w.org\/{rel}","templated":true}]}}